{"id":986,"date":"2015-09-22T10:20:16","date_gmt":"2015-09-22T10:20:16","guid":{"rendered":"http:\/\/aircompressormpc.servicioempresa.com\/producto\/purgador-automatico\/"},"modified":"2022-10-10T12:03:50","modified_gmt":"2022-10-10T12:03:50","slug":"purgador-automatico","status":"publish","type":"product","link":"https:\/\/www.aircompressormpc.com\/fr\/producto\/purgador-automatico\/","title":{"rendered":"VAL-450 PURGADOR AUTOM\u00c1TICO 3\/8&Prime;"},"content":{"rendered":"<p>El purgador autom\u00e1tico de 230V de MPC permite el drenaje eliminando la condensaci\u00f3n de forma eficiente. Incluye una conexi\u00f3n de 3\/8&Prime; con regulaci\u00f3n del ciclo y del tiempo de apertura.<\/p>\n<ul>\n<li>\u00a0V\u00e1lvulas solenoides 230\/50 \/ II.<\/li>\n<li>V\u00e1lvulas 2 \/ 2.<\/li>\n<li>Conducto de aire di\u00e1metro 4,5 mm.<\/li>\n<li>Cuerpo de lat\u00f3n con filtro integrado.<\/li>\n<li>\u00a0Grifo de apertura\/cierre con rejilla de filtro.<\/li>\n<\/ul>\n<pre id=\"tw-target-text\" class=\"tw-data-text vk_txt tw-ta tw-text-small\" dir=\"ltr\"><\/pre>\n","protected":false},"excerpt":{"rendered":"<p>El purgador autom\u00e1tico de 230V de MPC permite el drenaje eliminando la condensaci\u00f3n de forma eficiente. Incluye una conexi\u00f3n de 3\/8&Prime; con regulaci\u00f3n del ciclo y del tiempo de apertura. \u00a0V\u00e1lvulas solenoides 230\/50 \/ II. V\u00e1lvulas 2 \/ 2. Conducto de aire di\u00e1metro 4,5 mm. Cuerpo de lat\u00f3n con filtro integrado. \u00a0Grifo de apertura\/cierre con&hellip;<\/p>\n","protected":false},"featured_media":979,"template":"","meta":[],"product_brand":[],"product_cat":[536,541,612],"product_tag":[322,324,325,326],"class_list":{"0":"post-986","1":"product","2":"type-product","3":"status-publish","4":"has-post-thumbnail","6":"product_cat-accesorios","7":"product_cat-valvulas","8":"product_cat-valvulas-de-purga","9":"product_tag-230v","10":"product_tag-purgador-automatico","11":"product_tag-regulacion-del-ciclo","12":"product_tag-regulacion-tiempo-de-apertura","14":"first","15":"instock","16":"shipping-taxable","17":"purchasable","18":"product-type-simple"},"aioseo_notices":[],"_links":{"self":[{"href":"https:\/\/www.aircompressormpc.com\/fr\/wp-json\/wp\/v2\/product\/986","targetHints":{"allow":["GET"]}}],"collection":[{"href":"https:\/\/www.aircompressormpc.com\/fr\/wp-json\/wp\/v2\/product"}],"about":[{"href":"https:\/\/www.aircompressormpc.com\/fr\/wp-json\/wp\/v2\/types\/product"}],"wp:featuredmedia":[{"embeddable":true,"href":"https:\/\/www.aircompressormpc.com\/fr\/wp-json\/wp\/v2\/media\/979"}],"wp:attachment":[{"href":"https:\/\/www.aircompressormpc.com\/fr\/wp-json\/wp\/v2\/media?parent=986"}],"wp:term":[{"taxonomy":"product_brand","embeddable":true,"href":"https:\/\/www.aircompressormpc.com\/fr\/wp-json\/wp\/v2\/product_brand?post=986"},{"taxonomy":"product_cat","embeddable":true,"href":"https:\/\/www.aircompressormpc.com\/fr\/wp-json\/wp\/v2\/product_cat?post=986"},{"taxonomy":"product_tag","embeddable":true,"href":"https:\/\/www.aircompressormpc.com\/fr\/wp-json\/wp\/v2\/product_tag?post=986"}],"curies":[{"name":"wp","href":"https:\/\/api.w.org\/{rel}","templated":true}]}}