{"id":9643,"date":"2023-02-23T12:13:24","date_gmt":"2023-02-23T12:13:24","guid":{"rendered":"https:\/\/www.aircompressormpc.com\/?post_type=product&#038;p=9643"},"modified":"2025-03-24T12:21:48","modified_gmt":"2025-03-24T12:21:48","slug":"clinique-compresseur-silencieux-125-9-l-copia","status":"publish","type":"product","link":"https:\/\/www.aircompressormpc.com\/fr\/producto\/clinique-compresseur-silencieux-125-9-l-copia\/","title":{"rendered":"COMPRESSEUR SNF 50075 (500 L)"},"content":{"rendered":"<h1><span style=\"color: #ff0000;\"><strong>COMPRESSEUR BICYLINDRE SNF <\/strong><\/span><\/h1>\n<h2>Compresseur d&rsquo;atelier.<\/h2>\n<p>* Compresseur en fonte \u00e0 deux \u00e9tages et \u00e0 deux cylindres, entra\u00een\u00e9 par un moteur \u00e9lectrique de 7,5 CV * Roues non incluses. Statique<\/p>\n<table border=\"0\" frame=\"VOID\" rules=\"NONE\" cellspacing=\"0\">\n<colgroup>\n<col width=\"138\" \/>\n<col width=\"138\" \/>\n<col width=\"138\" \/>\n<col width=\"138\" \/>\n<col width=\"138\" \/>\n<col width=\"138\" \/>\n<col width=\"138\" \/><\/colgroup>\n<tbody>\n<tr>\n<td align=\"CENTER\" bgcolor=\"#CD1619\" width=\"138\" height=\"32\"><b><span style=\"color: #ffffff;\">Code<\/span><\/b><\/td>\n<td align=\"CENTER\" bgcolor=\"#CD1619\" width=\"138\"><b><span style=\"color: #ffffff;\">Nom<\/span><\/b><\/td>\n<td align=\"CENTER\" bgcolor=\"#CD1619\" width=\"138\"><b><span style=\"color: #ffffff;\">Tension<\/span><\/b><\/td>\n<td align=\"CENTER\" bgcolor=\"#CD1619\" width=\"138\"><b><span style=\"color: #ffffff;\">Puissance<\/span><\/b><\/td>\n<td align=\"CENTER\" bgcolor=\"#CD1619\" width=\"138\"><b><span style=\"color: #ffffff;\">Poids<\/span><\/b><\/td>\n<td align=\"CENTER\" bgcolor=\"#CD1619\" width=\"138\"><b><span style=\"color: #ffffff;\">P.max<\/span><\/b><\/td>\n<\/tr>\n<tr>\n<td align=\"CENTER\" bgcolor=\"#DCE2EB\" height=\"17\"><b><span style=\"color: #cd1619;\">1.110.028<\/span><\/b><\/td>\n<td align=\"CENTER\"><span style=\"color: #cd1619;\">SNF 50075<\/span><\/td>\n<td align=\"CENTER\"><span style=\"color: #000000;\">230\/400\/50<\/span><\/td>\n<td align=\"CENTER\"><span style=\"color: #000000;\">7,5 CV<\/span><\/td>\n<td align=\"CENTER\"><span style=\"color: #000000;\">235 Kg<\/span><\/td>\n<td align=\"CENTER\"><span style=\"color: #000000;\">11<\/span><\/td>\n<\/tr>\n<\/tbody>\n<\/table>\n","protected":false},"excerpt":{"rendered":"<p><img loading=\"lazy\" decoding=\"async\" class=\"alignleft wp-image-15849 size-full\" src=\"https:\/\/www.aircompressormpc.com\/wp-content\/uploads\/2023\/02\/1.110.028.jpg\" alt=\"\" width=\"625\" height=\"320\" srcset=\"https:\/\/www.aircompressormpc.com\/wp-content\/uploads\/2023\/02\/1.110.028.jpg 625w, https:\/\/www.aircompressormpc.com\/wp-content\/uploads\/2023\/02\/1.110.028-300x154.jpg 300w, https:\/\/www.aircompressormpc.com\/wp-content\/uploads\/2023\/02\/1.110.028-600x307.jpg 600w, https:\/\/www.aircompressormpc.com\/wp-content\/uploads\/2023\/02\/1.110.028-64x33.jpg 64w\" sizes=\"auto, (max-width: 625px) 100vw, 625px\" \/><\/p>\n","protected":false},"featured_media":10775,"template":"","meta":[],"product_brand":[],"product_cat":[730,1163,703],"product_tag":[724,682],"class_list":{"0":"post-9643","1":"product","2":"type-product","3":"status-publish","4":"has-post-thumbnail","6":"product_cat-compresseur-a-courroie","7":"product_cat-compresseur-statique-a-entrainement-par-courroie","8":"product_cat-electrocompresseurs","9":"product_tag-500-litres-fr","10":"product_tag-compresseur-fr","12":"first","13":"instock","14":"shipping-taxable","15":"purchasable","16":"product-type-simple"},"aioseo_notices":[],"_links":{"self":[{"href":"https:\/\/www.aircompressormpc.com\/fr\/wp-json\/wp\/v2\/product\/9643","targetHints":{"allow":["GET"]}}],"collection":[{"href":"https:\/\/www.aircompressormpc.com\/fr\/wp-json\/wp\/v2\/product"}],"about":[{"href":"https:\/\/www.aircompressormpc.com\/fr\/wp-json\/wp\/v2\/types\/product"}],"wp:featuredmedia":[{"embeddable":true,"href":"https:\/\/www.aircompressormpc.com\/fr\/wp-json\/wp\/v2\/media\/10775"}],"wp:attachment":[{"href":"https:\/\/www.aircompressormpc.com\/fr\/wp-json\/wp\/v2\/media?parent=9643"}],"wp:term":[{"taxonomy":"product_brand","embeddable":true,"href":"https:\/\/www.aircompressormpc.com\/fr\/wp-json\/wp\/v2\/product_brand?post=9643"},{"taxonomy":"product_cat","embeddable":true,"href":"https:\/\/www.aircompressormpc.com\/fr\/wp-json\/wp\/v2\/product_cat?post=9643"},{"taxonomy":"product_tag","embeddable":true,"href":"https:\/\/www.aircompressormpc.com\/fr\/wp-json\/wp\/v2\/product_tag?post=9643"}],"curies":[{"name":"wp","href":"https:\/\/api.w.org\/{rel}","templated":true}]}}