{"id":8883,"date":"2015-09-14T10:41:18","date_gmt":"2015-09-14T10:41:18","guid":{"rendered":"https:\/\/www.aircompressormpc.com\/producto\/compresseur-coaxial-cd-250-50l\/"},"modified":"2015-09-14T10:41:18","modified_gmt":"2015-09-14T10:41:18","slug":"compresseur-coaxial-cd250","status":"publish","type":"product","link":"https:\/\/www.aircompressormpc.com\/fr\/producto\/compresseur-coaxial-cd250\/","title":{"rendered":"COMPRESSEUR COAXIAL CD 250 (50L)"},"content":{"rendered":"<h1><span style=\"color: #ff0000;\"><strong>Compresseur coaxial avec r\u00e9servoir de 50 litres.<\/strong><\/span><\/h1>\n<h2><strong>Le compresseur CD250 est l&rsquo;outil de travail id\u00e9al pour les petits travaux de bricolage ou les travaux sporadiques qui n\u00e9cessitent un haut niveau de performance.<\/strong><\/h2>\n<p><span style=\"color: #4a4a4a;\">Il est \u00e9quip\u00e9 de<strong> roues de transport<\/strong> de 145 mm qui, associ\u00e9es \u00e0 sa<strong> l\u00e9g\u00e8ret\u00e9 et \u00e0 son design ergonomique<\/strong>, le rendent facile \u00e0 transporter et \u00e0 man\u0153uvrer.  <\/span><\/p>\n<p><span style=\"color: #4a4a4a;\">Il comprend une t\u00eate avec un cylindre en fonte et un robinet pour l&rsquo;\u00e9vacuation des condensats.<\/span><\/p>\n<p>\u2192 Compresseur avec filtre d&rsquo;aspiration 1\/2&prime; (grande capacit\u00e9 d&rsquo;aspiration).<br \/>\n\u2192 R\u00e9gulateur de sortie et manom\u00e8tre double.<br \/>\n\u2192 Entretien facile.<\/p>\n<table border=\"0\" frame=\"VOID\" rules=\"NONE\" cellspacing=\"0\">\n<colgroup>\n<col width=\"86\">\n<col width=\"86\">\n<col width=\"86\">\n<col width=\"86\">\n<col width=\"86\">\n<col width=\"86\">\n<col width=\"86\"><\/colgroup>\n<tbody>\n<tr>\n<td align=\"CENTER\" bgcolor=\"#CD1619\" width=\"86\" height=\"17\"><b><span style=\"color: #ffffff; font-family: Helvetica LT Std Cond;\">Code<\/span><\/b><\/td>\n<td align=\"CENTER\" bgcolor=\"#CD1619\" width=\"86\"><b><span style=\"color: #ffffff; font-family: Helvetica LT Std Cond;\">Nom<\/span><\/b><\/td>\n<td align=\"CENTER\" bgcolor=\"#CD1619\" width=\"86\"><b><span style=\"color: #ffffff; font-family: Helvetica LT Std Cond;\">Air aspir\u00e9<\/span><\/b><\/td>\n<td align=\"CENTER\" bgcolor=\"#CD1619\" width=\"86\"><b><span style=\"color: #ffffff; font-family: Helvetica LT Std Cond;\">Puissance<\/span><\/b><\/td>\n<td align=\"CENTER\" bgcolor=\"#CD1619\" width=\"86\"><b><span style=\"color: #ffffff; font-family: Helvetica LT Std Cond;\">Poids<\/span><\/b><\/td>\n<td align=\"CENTER\" bgcolor=\"#CD1619\" width=\"86\"><b><span style=\"color: #ffffff; font-family: Helvetica LT Std Cond;\">P.max.<\/span><\/b><\/td>\n<td align=\"CENTER\" bgcolor=\"#CD1619\" width=\"86\"><b><span style=\"color: #ffffff; font-family: Helvetica LT Std Cond;\">Niveau de bruit<\/span><\/b><\/td>\n<\/tr>\n<tr>\n<td align=\"CENTER\" bgcolor=\"#DCE2EB\" height=\"17\"><b><span style=\"color: #cd1619; font-family: Futura Std Condensed;\">1.100.007<\/span><\/b><\/td>\n<td align=\"CENTER\"><span style=\"color: #cd1619; font-family: Futura Std Condensed;\">ECO-250<\/span><\/td>\n<td align=\"CENTER\"><span style=\"color: #000000; font-family: Futura Std Condensed;\">170 l\/min<\/span><\/td>\n<td align=\"CENTER\"><span style=\"color: #000000; font-family: Futura Std Condensed;\">2HP\/1,5Kw<\/span><\/td>\n<td align=\"CENTER\"><span style=\"color: #000000; font-family: Futura Std Condensed;\">37 Kg<\/span><\/td>\n<td align=\"CENTER\"><span style=\"color: #000000; font-family: Futura Std Condensed;\">8<\/span><\/td>\n<td align=\"CENTER\"><span style=\"color: #000000; font-family: Futura Std Condensed;\">97 dB<\/span><\/td>\n<\/tr>\n<\/tbody>\n<\/table>\n<p>&nbsp;<\/p>\n","protected":false},"excerpt":{"rendered":"<p><img loading=\"lazy\" decoding=\"async\" class=\"alignleft wp-image-7344 size-full\" src=\"https:\/\/www.aircompressormpc.com\/wp-content\/uploads\/2015\/09\/ICONOS-CD-250.jpg\" alt=\"\" width=\"586\" height=\"308\" srcset=\"https:\/\/www.aircompressormpc.com\/wp-content\/uploads\/2015\/09\/ICONOS-CD-250.jpg 586w, https:\/\/www.aircompressormpc.com\/wp-content\/uploads\/2015\/09\/ICONOS-CD-250-300x158.jpg 300w, https:\/\/www.aircompressormpc.com\/wp-content\/uploads\/2015\/09\/ICONOS-CD-250-64x34.jpg 64w\" sizes=\"auto, (max-width: 586px) 100vw, 586px\" \/><\/p>\n","protected":false},"featured_media":777,"template":"","meta":[],"product_brand":[],"product_cat":[970,704,703],"product_tag":[786,683,971,1022,693],"class_list":{"0":"post-8883","1":"product","2":"type-product","3":"status-publish","4":"has-post-thumbnail","6":"product_cat-compresseur-coaxial","7":"product_cat-compresseurs-a-piston","8":"product_cat-electrocompresseurs","9":"product_tag-2-hp-fr","10":"product_tag-50-litres-fr","11":"product_tag-8-bar-fr","12":"product_tag-bricolage","13":"product_tag-monophase","15":"first","16":"instock","17":"shipping-taxable","18":"purchasable","19":"product-type-simple"},"aioseo_notices":[],"_links":{"self":[{"href":"https:\/\/www.aircompressormpc.com\/fr\/wp-json\/wp\/v2\/product\/8883","targetHints":{"allow":["GET"]}}],"collection":[{"href":"https:\/\/www.aircompressormpc.com\/fr\/wp-json\/wp\/v2\/product"}],"about":[{"href":"https:\/\/www.aircompressormpc.com\/fr\/wp-json\/wp\/v2\/types\/product"}],"wp:featuredmedia":[{"embeddable":true,"href":"https:\/\/www.aircompressormpc.com\/fr\/wp-json\/wp\/v2\/media\/777"}],"wp:attachment":[{"href":"https:\/\/www.aircompressormpc.com\/fr\/wp-json\/wp\/v2\/media?parent=8883"}],"wp:term":[{"taxonomy":"product_brand","embeddable":true,"href":"https:\/\/www.aircompressormpc.com\/fr\/wp-json\/wp\/v2\/product_brand?post=8883"},{"taxonomy":"product_cat","embeddable":true,"href":"https:\/\/www.aircompressormpc.com\/fr\/wp-json\/wp\/v2\/product_cat?post=8883"},{"taxonomy":"product_tag","embeddable":true,"href":"https:\/\/www.aircompressormpc.com\/fr\/wp-json\/wp\/v2\/product_tag?post=8883"}],"curies":[{"name":"wp","href":"https:\/\/api.w.org\/{rel}","templated":true}]}}