{"id":8749,"date":"2022-10-10T12:13:48","date_gmt":"2022-10-10T12:13:48","guid":{"rendered":"https:\/\/www.aircompressormpc.com\/producto\/val-452-event-capacitif-sans-perte-dair-1-2\/"},"modified":"2022-10-10T12:13:48","modified_gmt":"2022-10-10T12:13:48","slug":"val-452-purgeur-dair-sans-perte-dair-1-2","status":"publish","type":"product","link":"https:\/\/www.aircompressormpc.com\/fr\/producto\/val-452-purgeur-dair-sans-perte-dair-1-2\/","title":{"rendered":"VAL-452 \u00c9VENT CAPACITIF SANS PERTE D&rsquo;AIR 1\/2&Prime;."},"content":{"rendered":"<p>L&rsquo;\u00e9gouttoir automatique de MPC permet une \u00e9vacuation efficace de la condensation.<\/p>\n<ul>\n<li>Perte d&rsquo;air nulle.<\/li>\n<li>Bo\u00eetier en aluminium, pour \u00e9viter la corrosion.<\/li>\n<li>Valves 2\/2<\/li>\n<li>  Tension 230\/50\/II<\/li>\n<li>\u00d8 du conduit d&rsquo;air : 2mm.<\/li>\n<li>Jusqu&rsquo;\u00e0 1000 l \/ min.<\/li>\n<\/ul>\n","protected":false},"excerpt":{"rendered":"<p>L&rsquo;\u00e9gouttoir automatique de MPC permet une \u00e9vacuation efficace de la condensation. Perte d&rsquo;air nulle. Bo\u00eetier en aluminium, pour \u00e9viter la corrosion. Valves 2\/2 Tension 230\/50\/II \u00d8 du conduit d&rsquo;air : 2mm. Jusqu&rsquo;\u00e0 1000 l \/ min.<\/p>\n","protected":false},"featured_media":7407,"template":"","meta":[],"product_brand":[],"product_cat":[973,974,975],"product_tag":[976,977,979,978],"class_list":{"0":"post-8749","1":"product","2":"type-product","3":"status-publish","4":"has-post-thumbnail","6":"product_cat-accesorios-fr","7":"product_cat-soupapes","8":"product_cat-soupapes-de-purge","9":"product_tag-230v-fr","10":"product_tag-purgeur-automatique-de-vapeur","11":"product_tag-reglementation-des-horaires-douverture","12":"product_tag-regulation-du-cycle","14":"first","15":"instock","16":"shipping-taxable","17":"purchasable","18":"product-type-simple"},"aioseo_notices":[],"_links":{"self":[{"href":"https:\/\/www.aircompressormpc.com\/fr\/wp-json\/wp\/v2\/product\/8749","targetHints":{"allow":["GET"]}}],"collection":[{"href":"https:\/\/www.aircompressormpc.com\/fr\/wp-json\/wp\/v2\/product"}],"about":[{"href":"https:\/\/www.aircompressormpc.com\/fr\/wp-json\/wp\/v2\/types\/product"}],"wp:featuredmedia":[{"embeddable":true,"href":"https:\/\/www.aircompressormpc.com\/fr\/wp-json\/wp\/v2\/media\/7407"}],"wp:attachment":[{"href":"https:\/\/www.aircompressormpc.com\/fr\/wp-json\/wp\/v2\/media?parent=8749"}],"wp:term":[{"taxonomy":"product_brand","embeddable":true,"href":"https:\/\/www.aircompressormpc.com\/fr\/wp-json\/wp\/v2\/product_brand?post=8749"},{"taxonomy":"product_cat","embeddable":true,"href":"https:\/\/www.aircompressormpc.com\/fr\/wp-json\/wp\/v2\/product_cat?post=8749"},{"taxonomy":"product_tag","embeddable":true,"href":"https:\/\/www.aircompressormpc.com\/fr\/wp-json\/wp\/v2\/product_tag?post=8749"}],"curies":[{"name":"wp","href":"https:\/\/api.w.org\/{rel}","templated":true}]}}