{"id":8747,"date":"2022-10-24T10:54:59","date_gmt":"2022-10-24T10:54:59","guid":{"rendered":"https:\/\/www.aircompressormpc.com\/producto\/compresseur-cd-226-25-l\/"},"modified":"2024-12-13T12:58:34","modified_gmt":"2024-12-13T12:58:34","slug":"compresseur-cd-226","status":"publish","type":"product","link":"https:\/\/www.aircompressormpc.com\/fr\/producto\/compresseur-cd-226\/","title":{"rendered":"COMPRESSEUR CD 226 (25 L)"},"content":{"rendered":"<h1><span style=\"color: #ff0000;\"><strong>Compresseur coaxial avec r\u00e9servoir de 25 litres.<\/strong><\/span><\/h1>\n<h2>Le compresseur CD 226 est l&rsquo;outil de travail id\u00e9al pour les petits <strong>travaux de bricolage ou les travaux sporadiques qui n\u00e9cessitent un taux d&rsquo;aspiration \u00e9lev\u00e9<\/strong>.<\/h2>\n<p>Son poids l\u00e9ger et son design ergonomique le rendent facilement transportable et maniable.<\/p>\n<p>Il comprend une t\u00eate avec un cylindre en fonte et un r\u00e9gulateur de pression avec double manom\u00e8tre.<\/p>\n<p>Filtre d&rsquo;aspiration 1\/2&Prime; (d\u00e9bit d&rsquo;aspiration \u00e9lev\u00e9).<br \/>\n\u2192 R\u00e9gulateur de sortie et manom\u00e8tre.<br \/>\n\u2192 Entretien facile.<\/p>\n<table border=\"0\" frame=\"VOID\" rules=\"NONE\" cellspacing=\"0\">\n<colgroup>\n<col width=\"86\" \/>\n<col width=\"86\" \/>\n<col width=\"86\" \/>\n<col width=\"86\" \/>\n<col width=\"86\" \/>\n<col width=\"86\" \/>\n<col width=\"86\" \/><\/colgroup>\n<tbody>\n<tr>\n<td align=\"CENTER\" bgcolor=\"#CD1619\" width=\"86\" height=\"17\"><b><span style=\"color: #ffffff; font-family: Helvetica LT Std Cond;\">Code<\/span><\/b><\/td>\n<td align=\"CENTER\" bgcolor=\"#CD1619\" width=\"86\"><b><span style=\"color: #ffffff; font-family: Helvetica LT Std Cond;\">Nom<\/span><\/b><\/td>\n<td align=\"CENTER\" bgcolor=\"#CD1619\" width=\"86\"><b><span style=\"color: #ffffff; font-family: Helvetica LT Std Cond;\">Air aspir\u00e9<\/span><\/b><\/td>\n<td align=\"CENTER\" bgcolor=\"#CD1619\" width=\"86\"><b><span style=\"color: #ffffff; font-family: Helvetica LT Std Cond;\">Puissance<\/span><\/b><\/td>\n<td align=\"CENTER\" bgcolor=\"#CD1619\" width=\"86\"><b><span style=\"color: #ffffff; font-family: Helvetica LT Std Cond;\">Poids<\/span><\/b><\/td>\n<td align=\"CENTER\" bgcolor=\"#CD1619\" width=\"86\"><b><span style=\"color: #ffffff; font-family: Helvetica LT Std Cond;\">P.max.<\/span><\/b><\/td>\n<td align=\"CENTER\" bgcolor=\"#CD1619\" width=\"86\"><b><span style=\"color: #ffffff; font-family: Helvetica LT Std Cond;\">Niveau de bruit<\/span><\/b><\/td>\n<\/tr>\n<tr>\n<td align=\"CENTER\" bgcolor=\"#DCE2EB\" height=\"17\"><b><span style=\"color: #cd1619; font-family: Futura Std Condensed;\">1.100.162<\/span><\/b><\/td>\n<td align=\"CENTER\"><span style=\"color: #cd1619; font-family: Futura Std Condensed;\">CD 226<\/span><\/td>\n<td align=\"CENTER\"><span style=\"color: #000000; font-family: Futura Std Condensed;\">205 l\/min<\/span><\/td>\n<td align=\"CENTER\"><span style=\"color: #000000; font-family: Futura Std Condensed;\">2HP\/1,5Kw<\/span><\/td>\n<td align=\"CENTER\"><span style=\"color: #000000; font-family: Futura Std Condensed;\">22 Kg<\/span><\/td>\n<td align=\"CENTER\"><span style=\"color: #000000; font-family: Futura Std Condensed;\">8<\/span><\/td>\n<td align=\"CENTER\"><span style=\"color: #000000; font-family: Futura Std Condensed;\">97 dB<\/span><\/td>\n<\/tr>\n<\/tbody>\n<\/table>\n","protected":false},"excerpt":{"rendered":"<p><img loading=\"lazy\" decoding=\"async\" class=\"alignleft wp-image-13062 size-full\" src=\"https:\/\/www.aircompressormpc.com\/wp-content\/uploads\/2022\/10\/1.100.162.jpg\" alt=\"\" width=\"760\" height=\"308\" srcset=\"https:\/\/www.aircompressormpc.com\/wp-content\/uploads\/2022\/10\/1.100.162.jpg 760w, https:\/\/www.aircompressormpc.com\/wp-content\/uploads\/2022\/10\/1.100.162-300x122.jpg 300w, https:\/\/www.aircompressormpc.com\/wp-content\/uploads\/2022\/10\/1.100.162-600x243.jpg 600w, https:\/\/www.aircompressormpc.com\/wp-content\/uploads\/2022\/10\/1.100.162-64x26.jpg 64w\" sizes=\"auto, (max-width: 760px) 100vw, 760px\" \/><\/p>\n","protected":false},"featured_media":9352,"template":"","meta":[],"product_brand":[],"product_cat":[1145,970,704,703],"product_tag":[786,764,971,868,972],"class_list":{"0":"post-8747","1":"product","2":"type-product","3":"status-publish","4":"has-post-thumbnail","6":"product_cat-compresseur-avec-huile","7":"product_cat-compresseur-coaxial","8":"product_cat-compresseurs-a-piston","9":"product_cat-electrocompresseurs","10":"product_tag-2-hp-fr","11":"product_tag-25-litres-fr","12":"product_tag-8-bar-fr","13":"product_tag-coaxial-fr","14":"product_tag-lumiere","16":"first","17":"instock","18":"shipping-taxable","19":"purchasable","20":"product-type-simple"},"aioseo_notices":[],"_links":{"self":[{"href":"https:\/\/www.aircompressormpc.com\/fr\/wp-json\/wp\/v2\/product\/8747","targetHints":{"allow":["GET"]}}],"collection":[{"href":"https:\/\/www.aircompressormpc.com\/fr\/wp-json\/wp\/v2\/product"}],"about":[{"href":"https:\/\/www.aircompressormpc.com\/fr\/wp-json\/wp\/v2\/types\/product"}],"wp:featuredmedia":[{"embeddable":true,"href":"https:\/\/www.aircompressormpc.com\/fr\/wp-json\/wp\/v2\/media\/9352"}],"wp:attachment":[{"href":"https:\/\/www.aircompressormpc.com\/fr\/wp-json\/wp\/v2\/media?parent=8747"}],"wp:term":[{"taxonomy":"product_brand","embeddable":true,"href":"https:\/\/www.aircompressormpc.com\/fr\/wp-json\/wp\/v2\/product_brand?post=8747"},{"taxonomy":"product_cat","embeddable":true,"href":"https:\/\/www.aircompressormpc.com\/fr\/wp-json\/wp\/v2\/product_cat?post=8747"},{"taxonomy":"product_tag","embeddable":true,"href":"https:\/\/www.aircompressormpc.com\/fr\/wp-json\/wp\/v2\/product_tag?post=8747"}],"curies":[{"name":"wp","href":"https:\/\/api.w.org\/{rel}","templated":true}]}}