{"id":8177,"date":"2022-03-25T13:10:51","date_gmt":"2022-03-25T13:10:51","guid":{"rendered":"https:\/\/www.aircompressormpc.com\/producto\/cle-a-chocs-douilles-indispensables-1-2\/"},"modified":"2022-11-07T11:05:42","modified_gmt":"2022-11-07T11:05:42","slug":"kit-de-cle-a-chocs-12","status":"publish","type":"product","link":"https:\/\/www.aircompressormpc.com\/fr\/producto\/kit-de-cle-a-chocs-12\/","title":{"rendered":"CL\u00c9 \u00c0 CHOCS + DOUILLES (INDISPENSABLES) 1\/2"},"content":{"rendered":"<h1><span style=\"color: #ff0000;\">Kit de cl\u00e9s \u00e0 chocs 1\/2&Prime; \u00e0 simple marteau<\/span><\/h1>\n<h2>Cl\u00e9 \u00e0 chocs parfaite pour l&rsquo;entretien g\u00e9n\u00e9ral des v\u00e9hicules, le montage de machines de taille moyenne, l&rsquo;entretien des installations et des motos.<\/h2>\n<p>Cette machine adopte une structure de percussion \u00e0 marteau unique de type impact, qui peut g\u00e9n\u00e9rer en douceur la valeur du couple de sortie.<br \/>\nBords et protections de tuyau en caoutchouc pour prolonger la dur\u00e9e de vie de l&rsquo;outil.<\/p>\n<h3>Caract\u00e9ristiques :<\/h3>\n<p>Vitesse \u00e0 vide : 7000r.p.m.<br \/>\nType : cl\u00e9 \u00e0 air<br \/>\nCouple maximal : 400 N.m<br \/>\nEntra\u00eenement carr\u00e9 : 1 \/ 2 pouces<br \/>\nCapacit\u00e9 de la taille de la vis : 16 mm<br \/>\nEntr\u00e9e d&rsquo;air (PT) : 1\/4 pouce<br \/>\nTuyau d&rsquo;air (D.I.) : 3\/8 in.<\/p>\n<h3>Il comprend :<\/h3>\n<ul>\n<li>comprenant un jeu de douilles de 13, 14, 17, 19, 22, 24 et 27 mm, une rallonge et un godet de graissage<\/li>\n<\/ul>\n","protected":false},"excerpt":{"rendered":"<h1 style=\"color: #000000; font-family: Verdana, Arial, Helvetica, sans-serif; font-style: normal; letter-spacing: normal; text-indent: 0px; text-transform: none; white-space: normal; word-spacing: 0px;\"><strong><img loading=\"lazy\" decoding=\"async\" class=\"alignnone wp-image-5532 size-full\" src=\"https:\/\/www.aircompressormpc.com\/wp-content\/uploads\/2022\/03\/icono.jpg\" alt=\"ic\u00f4ne\" width=\"738\" height=\"162\" srcset=\"https:\/\/www.aircompressormpc.com\/wp-content\/uploads\/2022\/03\/icono.jpg 738w, https:\/\/www.aircompressormpc.com\/wp-content\/uploads\/2022\/03\/icono-300x66.jpg 300w, https:\/\/www.aircompressormpc.com\/wp-content\/uploads\/2022\/03\/icono-600x132.jpg 600w, https:\/\/www.aircompressormpc.com\/wp-content\/uploads\/2022\/03\/icono-64x14.jpg 64w\" sizes=\"auto, (max-width: 738px) 100vw, 738px\" \/><\/strong><\/h1>\n","protected":false},"featured_media":3640,"template":"","meta":[],"product_brand":[],"product_cat":[918,898],"product_tag":[919,920,900,921],"class_list":{"0":"post-8177","1":"product","2":"type-product","3":"status-publish","4":"has-post-thumbnail","6":"product_cat-cles-a-chocs","7":"product_cat-outil-pneumatique","8":"product_tag-llavedeimpacto-fr","9":"product_tag-llavedeimpimponeumatica-fr","10":"product_tag-mpc-fr","11":"product_tag-pistolet-a-impact","13":"first","14":"instock","15":"shipping-taxable","16":"purchasable","17":"product-type-simple"},"aioseo_notices":[],"_links":{"self":[{"href":"https:\/\/www.aircompressormpc.com\/fr\/wp-json\/wp\/v2\/product\/8177","targetHints":{"allow":["GET"]}}],"collection":[{"href":"https:\/\/www.aircompressormpc.com\/fr\/wp-json\/wp\/v2\/product"}],"about":[{"href":"https:\/\/www.aircompressormpc.com\/fr\/wp-json\/wp\/v2\/types\/product"}],"wp:featuredmedia":[{"embeddable":true,"href":"https:\/\/www.aircompressormpc.com\/fr\/wp-json\/wp\/v2\/media\/3640"}],"wp:attachment":[{"href":"https:\/\/www.aircompressormpc.com\/fr\/wp-json\/wp\/v2\/media?parent=8177"}],"wp:term":[{"taxonomy":"product_brand","embeddable":true,"href":"https:\/\/www.aircompressormpc.com\/fr\/wp-json\/wp\/v2\/product_brand?post=8177"},{"taxonomy":"product_cat","embeddable":true,"href":"https:\/\/www.aircompressormpc.com\/fr\/wp-json\/wp\/v2\/product_cat?post=8177"},{"taxonomy":"product_tag","embeddable":true,"href":"https:\/\/www.aircompressormpc.com\/fr\/wp-json\/wp\/v2\/product_tag?post=8177"}],"curies":[{"name":"wp","href":"https:\/\/api.w.org\/{rel}","templated":true}]}}