{"id":8027,"date":"2022-08-29T07:10:34","date_gmt":"2022-08-29T07:10:34","guid":{"rendered":"https:\/\/www.aircompressormpc.com\/producto\/kit-6-outils-pour-compresseur\/"},"modified":"2025-02-06T11:44:54","modified_gmt":"2025-02-06T11:44:54","slug":"kit-6-compresseur-kit-6-compresseur-outils","status":"publish","type":"product","link":"https:\/\/www.aircompressormpc.com\/fr\/producto\/kit-6-compresseur-kit-6-compresseur-outils\/","title":{"rendered":"KIT 6 OUTILS POUR COMPRESSEUR"},"content":{"rendered":"<h1>Kit de pistolet \u00e0 air comprim\u00e9, 6 pi\u00e8ces avec buse rapide 1\/4&Prime;.<\/h1>\n<p>Comprend un pistolet de gonflage, une soufflette et une spirale de 5 m\u00e8tres avec connecteur rapide + Kit 3 embouts de gonflage.<\/p>\n<p>&#8211; Gonfleur de pneus avec manom\u00e8tre \u00d860 mm. Pression 0-12 bar avec 350m de tuyau.<br \/>\n&#8211; Soufflette avec buse de 2 mm. Pression maximale de 10 bars.<br \/>\n&#8211; Tuyau spiral\u00e9 en nylon : Pression max. 10 bar, longueur : 5 m, D 7.5 et d5 mm avec raccord rapide.<br \/>\n&#8211; Kit 3 buses de gonflage : Convient pour une utilisation avec un pistolet de gonflage pneumatique.<\/p>\n","protected":false},"excerpt":{"rendered":"<p><img loading=\"lazy\" decoding=\"async\" class=\"alignleft wp-image-12984 size-full\" src=\"https:\/\/www.aircompressormpc.com\/wp-content\/uploads\/2022\/08\/ICONO-3.100.023.jpg\" alt=\"\" width=\"646\" height=\"176\" srcset=\"https:\/\/www.aircompressormpc.com\/wp-content\/uploads\/2022\/08\/ICONO-3.100.023.jpg 646w, https:\/\/www.aircompressormpc.com\/wp-content\/uploads\/2022\/08\/ICONO-3.100.023-300x82.jpg 300w, https:\/\/www.aircompressormpc.com\/wp-content\/uploads\/2022\/08\/ICONO-3.100.023-600x163.jpg 600w, https:\/\/www.aircompressormpc.com\/wp-content\/uploads\/2022\/08\/ICONO-3.100.023-64x17.jpg 64w\" sizes=\"auto, (max-width: 646px) 100vw, 646px\" \/><\/p>\n","protected":false},"featured_media":12993,"template":"","meta":[],"product_brand":[],"product_cat":[898,899],"product_tag":[900,923],"class_list":{"0":"post-8027","1":"product","2":"type-product","3":"status-publish","4":"has-post-thumbnail","6":"product_cat-outil-pneumatique","7":"product_cat-pistolets","8":"product_tag-mpc-fr","9":"product_tag-souffleur","11":"first","12":"instock","13":"shipping-taxable","14":"purchasable","15":"product-type-simple"},"aioseo_notices":[],"_links":{"self":[{"href":"https:\/\/www.aircompressormpc.com\/fr\/wp-json\/wp\/v2\/product\/8027","targetHints":{"allow":["GET"]}}],"collection":[{"href":"https:\/\/www.aircompressormpc.com\/fr\/wp-json\/wp\/v2\/product"}],"about":[{"href":"https:\/\/www.aircompressormpc.com\/fr\/wp-json\/wp\/v2\/types\/product"}],"wp:featuredmedia":[{"embeddable":true,"href":"https:\/\/www.aircompressormpc.com\/fr\/wp-json\/wp\/v2\/media\/12993"}],"wp:attachment":[{"href":"https:\/\/www.aircompressormpc.com\/fr\/wp-json\/wp\/v2\/media?parent=8027"}],"wp:term":[{"taxonomy":"product_brand","embeddable":true,"href":"https:\/\/www.aircompressormpc.com\/fr\/wp-json\/wp\/v2\/product_brand?post=8027"},{"taxonomy":"product_cat","embeddable":true,"href":"https:\/\/www.aircompressormpc.com\/fr\/wp-json\/wp\/v2\/product_cat?post=8027"},{"taxonomy":"product_tag","embeddable":true,"href":"https:\/\/www.aircompressormpc.com\/fr\/wp-json\/wp\/v2\/product_tag?post=8027"}],"curies":[{"name":"wp","href":"https:\/\/api.w.org\/{rel}","templated":true}]}}