{"id":8008,"date":"2022-10-27T07:58:29","date_gmt":"2022-10-27T07:58:29","guid":{"rendered":"https:\/\/www.aircompressormpc.com\/?post_type=product&#038;p=8008"},"modified":"2025-02-06T12:38:27","modified_gmt":"2025-02-06T12:38:27","slug":"pistolet-crayon-valve-progres","status":"publish","type":"product","link":"https:\/\/www.aircompressormpc.com\/fr\/producto\/pistolet-crayon-valve-progres\/","title":{"rendered":"PISTOLET \u00c0 CRAYON \u00c0 VALVE PROGRESSIVE"},"content":{"rendered":"<h1>Pistolet \u00e0 crayon \u00e0 valve progressive.<\/h1>\n<p>Valve d&rsquo;ouverture progressive du pistolet et embout sans rayures.<\/p>\n<p>Caract\u00e9ristiques :<\/p>\n<p>&#8211; Mat\u00e9riau : Aluminium<\/p>\n<p>&#8211; Pression d&rsquo;entr\u00e9e maximale : 10 Bar -150 PSI<\/p>\n<p>&#8211; Pression de sortie maximale : 6,5 Bar -90 PSI<\/p>\n<p>&#8211; Y compris buse rapide (int\u00e9gr\u00e9e)<\/p>\n<p>&#8211; Temp\u00e9rature de fonctionnement : -20 \/ + 80\u00bac<\/p>\n<table border=\"0\" frame=\"VOID\" rules=\"NONE\" cellspacing=\"0\">\n<colgroup>\n<col width=\"86\" \/>\n<col width=\"86\" \/><\/colgroup>\n<tbody>\n<tr>\n<td align=\"CENTER\" bgcolor=\"#CC1718\" width=\"100\"><span style=\"color: #ffffff; font-family: Futura Std Condensed;\">Code <\/span><\/td>\n<td align=\"CENTER\" bgcolor=\"#CC1718\" width=\"150\"><span style=\"color: #ffffff; font-family: Futura Std Condensed;\">Mod\u00e8le<\/span><\/td>\n<\/tr>\n<tr>\n<td align=\"CENTER\" bgcolor=\"#D9D9D9\"><b><span style=\"color: #cc1718; font-family: Futura Std Condensed;\">3.100.040<\/span><\/b><\/td>\n<td align=\"CENTER\"><span style=\"color: #000000; font-family: Futura Std Condensed;\">TH &#8211; 70<\/span><\/td>\n<\/tr>\n<\/tbody>\n<\/table>\n","protected":false},"excerpt":{"rendered":"<p><img loading=\"lazy\" decoding=\"async\" class=\"alignnone size-full wp-image-8009\" src=\"https:\/\/www.aircompressormpc.com\/wp-content\/uploads\/2022\/10\/ICONOS-3.jpg\" alt=\"\" width=\"298\" height=\"158\" srcset=\"https:\/\/www.aircompressormpc.com\/wp-content\/uploads\/2022\/10\/ICONOS-3.jpg 298w, https:\/\/www.aircompressormpc.com\/wp-content\/uploads\/2022\/10\/ICONOS-3-64x34.jpg 64w\" sizes=\"auto, (max-width: 298px) 100vw, 298px\" \/><\/p>\n","protected":false},"featured_media":8014,"template":"","meta":[],"product_brand":[],"product_cat":[898,899],"product_tag":[900,901],"class_list":{"0":"post-8008","1":"product","2":"type-product","3":"status-publish","4":"has-post-thumbnail","6":"product_cat-outil-pneumatique","7":"product_cat-pistolets","8":"product_tag-mpc-fr","9":"product_tag-pistolet-a-pneu-gonflable","11":"first","12":"instock","13":"shipping-taxable","14":"purchasable","15":"product-type-simple"},"aioseo_notices":[],"_links":{"self":[{"href":"https:\/\/www.aircompressormpc.com\/fr\/wp-json\/wp\/v2\/product\/8008","targetHints":{"allow":["GET"]}}],"collection":[{"href":"https:\/\/www.aircompressormpc.com\/fr\/wp-json\/wp\/v2\/product"}],"about":[{"href":"https:\/\/www.aircompressormpc.com\/fr\/wp-json\/wp\/v2\/types\/product"}],"wp:featuredmedia":[{"embeddable":true,"href":"https:\/\/www.aircompressormpc.com\/fr\/wp-json\/wp\/v2\/media\/8014"}],"wp:attachment":[{"href":"https:\/\/www.aircompressormpc.com\/fr\/wp-json\/wp\/v2\/media?parent=8008"}],"wp:term":[{"taxonomy":"product_brand","embeddable":true,"href":"https:\/\/www.aircompressormpc.com\/fr\/wp-json\/wp\/v2\/product_brand?post=8008"},{"taxonomy":"product_cat","embeddable":true,"href":"https:\/\/www.aircompressormpc.com\/fr\/wp-json\/wp\/v2\/product_cat?post=8008"},{"taxonomy":"product_tag","embeddable":true,"href":"https:\/\/www.aircompressormpc.com\/fr\/wp-json\/wp\/v2\/product_tag?post=8008"}],"curies":[{"name":"wp","href":"https:\/\/api.w.org\/{rel}","templated":true}]}}