{"id":7992,"date":"2021-01-21T11:01:47","date_gmt":"2021-01-21T11:01:47","guid":{"rendered":"https:\/\/www.aircompressormpc.com\/producto\/agrafeuse-serie-80\/"},"modified":"2023-03-24T09:44:16","modified_gmt":"2023-03-24T09:44:16","slug":"agrafeuse-80-serie","status":"publish","type":"product","link":"https:\/\/www.aircompressormpc.com\/fr\/producto\/agrafeuse-80-serie\/","title":{"rendered":"AGRAFEUSE S\u00c9RIE 80"},"content":{"rendered":"<h1><span style=\"color: #ff0000;\"><strong>Agrafeuse pneumatique professionnelle pour agrafes s\u00e9rie 80.<\/strong><\/span><\/h1>\n<p>L&rsquo;agrafeuse MPC ENG 816 est utilis\u00e9e par exemple pour la tapisserie d&rsquo;ameublement en tissu\/cuir, l&#8217;emballage, la menuiserie, l&rsquo;encadrement, les chaussures&#8230;<\/p>\n<h2>Caract\u00e9ristiques des agrafeuses de la s\u00e9rie MPC 80<\/h2>\n<p>Voici quelques-unes des <strong>caract\u00e9ristiques et donn\u00e9es techniques les plus importantes<\/strong> de l&rsquo;agrafeuse MPC s\u00e9rie 80 :<\/p>\n<ul>\n<li>Corps de la machine en fonte d&rsquo;aluminium, avec magasin m\u00e9tallique et aiguille en acier tremp\u00e9 &#8211; Poign\u00e9e ergonomique avec rev\u00eatement en caoutchouc. R\u00e9duit les vibrations, assure un contact parfait et isole de la temp\u00e9rature du corps de la machine.<br \/>\n&#8211; G\u00e2chette avec syst\u00e8me de s\u00e9curit\u00e9<br \/>\n&#8211; Capacit\u00e9 du magasin : 100 agrafes<br \/>\n&#8211; MPC staples series 80 ( 6-8-10-12-14-16 )<br \/>\n&#8211; Sortie d&rsquo;air avant \u00e0 travers la culasse<br \/>\n&#8211; Utilisations : rembourrage de tissu\/cuir, emballage, menuiserie, encadrement, chaussure.<\/li>\n<\/ul>\n<p><strong>CRAPAS S\u00c9RIE 80 :<\/strong><\/p>\n<ul>\n<li style=\"list-style-type: none;\">\n<ul>\n<li>  3.200.023-B (6mm)<\/li>\n<li>  3.200.024-B (8mm)<\/li>\n<li>  3.200.025-B (10mm)<\/li>\n<li>3.200.026-B (12mm)<\/li>\n<li>3.200.027-B (14mm)<\/li>\n<li>3.200.028-B (16mm)<\/li>\n<\/ul>\n<\/li>\n<\/ul>\n<p><iframe loading=\"lazy\" style=\"max-width: 100%; max-height: 100vw;\" src=\"https:\/\/spinzam.com\/shot\/embed\/?idx=386454\" width=\"640\" height=\"640\" frameborder=\"0\" scrolling=\"no\"><\/iframe><\/p>\n<p>&nbsp;<\/p>\n<h3><strong>Comment fonctionne une agrafeuse ?  &gt;Voir la vid\u00e9o explicative sur notre cha\u00eene You Tube.<\/strong><\/h3>\n<p><iframe loading=\"lazy\" title=\"HOW DO YOU USE A SERIES 80 STAPLER? USE AND OPERATION OF MPC STAPLER.\" width=\"500\" height=\"281\" src=\"https:\/\/www.youtube.com\/embed\/xfxkZk3QiEs?feature=oembed\" frameborder=\"0\" allow=\"accelerometer; autoplay; clipboard-write; encrypted-media; gyroscope; picture-in-picture; web-share\" referrerpolicy=\"strict-origin-when-cross-origin\" allowfullscreen><\/iframe><\/p>\n","protected":false},"excerpt":{"rendered":"<p><img loading=\"lazy\" decoding=\"async\" class=\"alignnone wp-image-5600 size-full\" src=\"https:\/\/www.aircompressormpc.com\/wp-content\/uploads\/2021\/01\/ICONOS.jpg\" alt=\"ic\u00f4nes d'agrafeuses\" width=\"600\" height=\"124\" srcset=\"https:\/\/www.aircompressormpc.com\/wp-content\/uploads\/2021\/01\/ICONOS.jpg 600w, https:\/\/www.aircompressormpc.com\/wp-content\/uploads\/2021\/01\/ICONOS-300x62.jpg 300w, https:\/\/www.aircompressormpc.com\/wp-content\/uploads\/2021\/01\/ICONOS-64x13.jpg 64w\" sizes=\"auto, (max-width: 600px) 100vw, 600px\" \/><\/p>\n","protected":false},"featured_media":9887,"template":"","meta":[],"product_brand":[],"product_cat":[927,898],"product_tag":[935,936,934],"class_list":{"0":"post-7992","1":"product","2":"type-product","3":"status-publish","4":"has-post-thumbnail","6":"product_cat-agrafeuses-cloueuses","7":"product_cat-outil-pneumatique","8":"product_tag-agrafeuse-professionnelle","9":"product_tag-agrafeuse-serie-80-fr","10":"product_tag-screwdriver-fr","12":"first","13":"instock","14":"shipping-taxable","15":"purchasable","16":"product-type-simple"},"aioseo_notices":[],"_links":{"self":[{"href":"https:\/\/www.aircompressormpc.com\/fr\/wp-json\/wp\/v2\/product\/7992","targetHints":{"allow":["GET"]}}],"collection":[{"href":"https:\/\/www.aircompressormpc.com\/fr\/wp-json\/wp\/v2\/product"}],"about":[{"href":"https:\/\/www.aircompressormpc.com\/fr\/wp-json\/wp\/v2\/types\/product"}],"wp:featuredmedia":[{"embeddable":true,"href":"https:\/\/www.aircompressormpc.com\/fr\/wp-json\/wp\/v2\/media\/9887"}],"wp:attachment":[{"href":"https:\/\/www.aircompressormpc.com\/fr\/wp-json\/wp\/v2\/media?parent=7992"}],"wp:term":[{"taxonomy":"product_brand","embeddable":true,"href":"https:\/\/www.aircompressormpc.com\/fr\/wp-json\/wp\/v2\/product_brand?post=7992"},{"taxonomy":"product_cat","embeddable":true,"href":"https:\/\/www.aircompressormpc.com\/fr\/wp-json\/wp\/v2\/product_cat?post=7992"},{"taxonomy":"product_tag","embeddable":true,"href":"https:\/\/www.aircompressormpc.com\/fr\/wp-json\/wp\/v2\/product_tag?post=7992"}],"curies":[{"name":"wp","href":"https:\/\/api.w.org\/{rel}","templated":true}]}}