{"id":7990,"date":"2021-01-21T12:38:30","date_gmt":"2021-01-21T12:38:30","guid":{"rendered":"https:\/\/www.aircompressormpc.com\/producto\/cloueur-a-broches-cl-0625\/"},"modified":"2021-01-21T12:38:30","modified_gmt":"2021-01-21T12:38:30","slug":"clavadora-pin-cl-0625-2","status":"publish","type":"product","link":"https:\/\/www.aircompressormpc.com\/fr\/producto\/clavadora-pin-cl-0625-2\/","title":{"rendered":"CLOUEUR \u00c0 BROCHES CL-0625"},"content":{"rendered":"<h1><span style=\"color: #ff0000;\">Broche pour <strong>machine \u00e0 laver<span style=\"color: #ff0000;\">professionnelle <\/span><\/strong>0.64<\/span><\/h1>\n<p><strong>Caract\u00e9ristiques :<\/strong><br \/>\n&#8211; Corps de la machine en fonte d&rsquo;aluminium, avec magasin m\u00e9tallique et aiguille en acier tremp\u00e9.<br \/>\n&#8211; Manche ergonomique avec rev\u00eatement en caoutchouc. R\u00e9duit les vibrations, assure un contact parfait et isole de la temp\u00e9rature du corps de la machine.<br \/>\n&#8211; G\u00e2chette avec syst\u00e8me de s\u00e9curit\u00e9<br \/>\n&#8211; Clous MPC1-1.2 (20-25-30-35-40-45-45-50)<br \/>\n&#8211; Sortie d&rsquo;air avant \u00e0 travers la culasse<br \/>\nUtilisations : Utilis\u00e9 pour les applications o\u00f9 une finition exceptionnelle est requise, de sorte que le clou n&rsquo;est pas visible, par exemple pour la sculpture, les portes, l&#8217;emballage, l&rsquo;\u00e9b\u00e9nisterie.<\/p>\n<h2>PIN NAILS 0.64<\/h2>\n<ul>\n<li>3.200.030-B (10mm)<\/li>\n<li>3.200.031-B (12mm)<\/li>\n<li>3.200.032-B (15mm)<\/li>\n<li>3.200.033-B (18mm)<\/li>\n<li>3.200.034-B (20mm)<\/li>\n<li>3.200.035-B (25mm)<\/li>\n<\/ul>\n<p><strong>  <a class=\"btn btn-default\" href=\"https:\/\/www.youtube.com\/channel\/UCtqdt1dErNf1IqriWgqNRRg\" target=\"_blank\" rel=\"noopener\"><img loading=\"lazy\" decoding=\"async\" src=\"http:\/\/www.aircompressormpc.com\/img\/cms\/youtube-top.png\" alt=\"LIEN YOUTUBE\" width=\"35\" height=\"35\"> <\/a><\/strong><strong>Voir la vid\u00e9o explicative<\/strong><\/p>\n","protected":false},"excerpt":{"rendered":"<p><img loading=\"lazy\" decoding=\"async\" class=\"alignnone wp-image-5614 size-full\" src=\"https:\/\/www.aircompressormpc.com\/wp-content\/uploads\/2021\/01\/clavadora.jpg\" alt=\"\" width=\"600\" height=\"308\" srcset=\"https:\/\/www.aircompressormpc.com\/wp-content\/uploads\/2021\/01\/clavadora.jpg 600w, https:\/\/www.aircompressormpc.com\/wp-content\/uploads\/2021\/01\/clavadora-300x154.jpg 300w, https:\/\/www.aircompressormpc.com\/wp-content\/uploads\/2021\/01\/clavadora-64x33.jpg 64w\" sizes=\"auto, (max-width: 600px) 100vw, 600px\" \/><\/p>\n","protected":false},"featured_media":1635,"template":"","meta":[],"product_brand":[],"product_cat":[927,898],"product_tag":[928,930,929],"class_list":{"0":"post-7990","1":"product","2":"type-product","3":"status-publish","4":"has-post-thumbnail","6":"product_cat-agrafeuses-cloueuses","7":"product_cat-outil-pneumatique","8":"product_tag-clavadora-fr","9":"product_tag-cloueur-professionnel","10":"product_tag-pin-clipper-fr","12":"first","13":"instock","14":"shipping-taxable","15":"purchasable","16":"product-type-simple"},"aioseo_notices":[],"_links":{"self":[{"href":"https:\/\/www.aircompressormpc.com\/fr\/wp-json\/wp\/v2\/product\/7990","targetHints":{"allow":["GET"]}}],"collection":[{"href":"https:\/\/www.aircompressormpc.com\/fr\/wp-json\/wp\/v2\/product"}],"about":[{"href":"https:\/\/www.aircompressormpc.com\/fr\/wp-json\/wp\/v2\/types\/product"}],"wp:featuredmedia":[{"embeddable":true,"href":"https:\/\/www.aircompressormpc.com\/fr\/wp-json\/wp\/v2\/media\/1635"}],"wp:attachment":[{"href":"https:\/\/www.aircompressormpc.com\/fr\/wp-json\/wp\/v2\/media?parent=7990"}],"wp:term":[{"taxonomy":"product_brand","embeddable":true,"href":"https:\/\/www.aircompressormpc.com\/fr\/wp-json\/wp\/v2\/product_brand?post=7990"},{"taxonomy":"product_cat","embeddable":true,"href":"https:\/\/www.aircompressormpc.com\/fr\/wp-json\/wp\/v2\/product_cat?post=7990"},{"taxonomy":"product_tag","embeddable":true,"href":"https:\/\/www.aircompressormpc.com\/fr\/wp-json\/wp\/v2\/product_tag?post=7990"}],"curies":[{"name":"wp","href":"https:\/\/api.w.org\/{rel}","templated":true}]}}