{"id":7988,"date":"2021-01-22T10:34:47","date_gmt":"2021-01-22T10:34:47","guid":{"rendered":"https:\/\/www.aircompressormpc.com\/producto\/agrafeuse-cloueuse-combi-en-4050\/"},"modified":"2021-01-22T10:34:47","modified_gmt":"2021-01-22T10:34:47","slug":"agrafeuse-cloueuse-pneumatique","status":"publish","type":"product","link":"https:\/\/www.aircompressormpc.com\/fr\/producto\/agrafeuse-cloueuse-pneumatique\/","title":{"rendered":"AGRAFEUSE CLOUEUSE COMBI EN-4050"},"content":{"rendered":"<h1><span style=\"color: #ff0000;\"><strong>Cloueuse agrafeuse combin\u00e9e EN-4050<\/strong><\/span><\/h1>\n<p><strong>Caract\u00e9ristiques :<\/strong><br \/>\n&#8211; Corps de la machine en fonte d&rsquo;aluminium, avec magasin m\u00e9tallique et aiguille en acier tremp\u00e9.<br \/>\n&#8211; Manche ergonomique avec rev\u00eatement en caoutchouc. R\u00e9duit les vibrations, assure un contact parfait et isole de la temp\u00e9rature.<br \/>\ndu corps de la machine<br \/>\n&#8211; G\u00e2chette avec syst\u00e8me de s\u00e9curit\u00e9<br \/>\n&#8211; Agrafes MPC s\u00e9rie 90 (15-20-25-30-40)<br \/>\n&#8211; Clous MPC1-1.2 (20-25-30-35-40-45-45-50)<br \/>\n&#8211; Sortie d&rsquo;air avant \u00e0 travers la culasse<\/p>\n<h2>TOUCHES 1-1.2<\/h2>\n<ul>\n<li>3.200.038-B (20mm)<\/li>\n<li>3.200.039-B (25mm)<\/li>\n<li>3.200.040-B (30mm)<\/li>\n<li>3.200.041-B (35mm)<\/li>\n<li>3.200.042-B (40mm)<\/li>\n<li>3.200.043-B (45mm)<\/li>\n<li>3.200.044-B (50mm)<\/li>\n<\/ul>\n<h2>GRAPA 90<\/h2>\n<ul>\n<li>3.200.120-B (15mm)<\/li>\n<li>3.200.121-B (20mm)<\/li>\n<li>3.200.122-B (25mm)<\/li>\n<li>3.200.123-B (30mm)<\/li>\n<li>3.200.124-B (40mm)<\/li>\n<\/ul>\n<p><span style=\"color: #d0121a;\"><strong>  <a href=\"https:\/\/www.youtube.com\/watch?v=VnmmDa6XU9g\" target=\"_blank\" rel=\"noopener\"><span style=\"color: #d0121a;\"><img loading=\"lazy\" decoding=\"async\" src=\"http:\/\/www.aircompressormpc.com\/img\/cms\/youtube-top.png\" alt=\"LIEN YOUTUBE\" width=\"35\" height=\"35\"><\/span><\/a><\/strong><strong> <a href=\"https:\/\/www.youtube.com\/watch?v=VnmmDa6XU9g\" target=\"_blank\" rel=\"noopener\"><span style=\"color: #d0121a;\">  Voir la vid\u00e9o explicative<\/span><\/a><\/strong><\/span><\/p>\n<p><span style=\"color: #d0121a;\"><strong>  <a href=\"https:\/\/www.youtube.com\/watch?v=gHYiPZJVD0Y&amp;list=PLEFU1TlzXvJtqQNWnvrtkYKTeC7AWkU6m\" target=\"_blank\" rel=\"noopener\"><span style=\"color: #d0121a;\"><img loading=\"lazy\" decoding=\"async\" src=\"http:\/\/www.aircompressormpc.com\/img\/cms\/youtube-top.png\" alt=\"LIEN YOUTUBE\" width=\"35\" height=\"35\"><\/span><\/a><\/strong><\/span><strong><span style=\"color: #d0121a;\"> <a href=\"https:\/\/www.youtube.com\/watch?v=gHYiPZJVD0Y&amp;list=PLEFU1TlzXvJtqQNWnvrtkYKTeC7AWkU6m\" target=\"_blank\" rel=\"noopener\"><span style=\"color: #d0121a;\">  Voir r\u00e9paration des cloueuses\/agrafeuses<\/span><\/a><\/span><br \/>\n<\/strong><\/p>\n<p>&nbsp;<\/p>\n","protected":false},"excerpt":{"rendered":"<p><img loading=\"lazy\" decoding=\"async\" class=\"alignnone wp-image-5610 size-full\" src=\"https:\/\/www.aircompressormpc.com\/wp-content\/uploads\/2021\/01\/icono-grapadora.jpg\" alt=\"ic\u00f4nes\" width=\"600\" height=\"308\" srcset=\"https:\/\/www.aircompressormpc.com\/wp-content\/uploads\/2021\/01\/icono-grapadora.jpg 600w, https:\/\/www.aircompressormpc.com\/wp-content\/uploads\/2021\/01\/icono-grapadora-300x154.jpg 300w, https:\/\/www.aircompressormpc.com\/wp-content\/uploads\/2021\/01\/icono-grapadora-64x33.jpg 64w\" sizes=\"auto, (max-width: 600px) 100vw, 600px\" \/><\/p>\n","protected":false},"featured_media":15633,"template":"","meta":[],"product_brand":[],"product_cat":[927,898],"product_tag":[928,930,929],"class_list":{"0":"post-7988","1":"product","2":"type-product","3":"status-publish","4":"has-post-thumbnail","6":"product_cat-agrafeuses-cloueuses","7":"product_cat-outil-pneumatique","8":"product_tag-clavadora-fr","9":"product_tag-cloueur-professionnel","10":"product_tag-pin-clipper-fr","12":"first","13":"instock","14":"shipping-taxable","15":"purchasable","16":"product-type-simple"},"aioseo_notices":[],"_links":{"self":[{"href":"https:\/\/www.aircompressormpc.com\/fr\/wp-json\/wp\/v2\/product\/7988","targetHints":{"allow":["GET"]}}],"collection":[{"href":"https:\/\/www.aircompressormpc.com\/fr\/wp-json\/wp\/v2\/product"}],"about":[{"href":"https:\/\/www.aircompressormpc.com\/fr\/wp-json\/wp\/v2\/types\/product"}],"wp:featuredmedia":[{"embeddable":true,"href":"https:\/\/www.aircompressormpc.com\/fr\/wp-json\/wp\/v2\/media\/15633"}],"wp:attachment":[{"href":"https:\/\/www.aircompressormpc.com\/fr\/wp-json\/wp\/v2\/media?parent=7988"}],"wp:term":[{"taxonomy":"product_brand","embeddable":true,"href":"https:\/\/www.aircompressormpc.com\/fr\/wp-json\/wp\/v2\/product_brand?post=7988"},{"taxonomy":"product_cat","embeddable":true,"href":"https:\/\/www.aircompressormpc.com\/fr\/wp-json\/wp\/v2\/product_cat?post=7988"},{"taxonomy":"product_tag","embeddable":true,"href":"https:\/\/www.aircompressormpc.com\/fr\/wp-json\/wp\/v2\/product_tag?post=7988"}],"curies":[{"name":"wp","href":"https:\/\/api.w.org\/{rel}","templated":true}]}}