{"id":7986,"date":"2021-02-25T10:29:30","date_gmt":"2021-02-25T10:29:30","guid":{"rendered":"https:\/\/www.aircompressormpc.com\/producto\/cle-a-chocs-compacte-1-2-en-composite\/"},"modified":"2021-02-25T10:29:30","modified_gmt":"2021-02-25T10:29:30","slug":"cle-a-chocs","status":"publish","type":"product","link":"https:\/\/www.aircompressormpc.com\/fr\/producto\/cle-a-chocs\/","title":{"rendered":"CL\u00c9 \u00c0 CHOCS COMPACTE 1\/2&Prime; EN COMPOSITE"},"content":{"rendered":"<h1><span style=\"color: #ff0000;\">Cl\u00e9 \u00e0 chocs 1\/2&Prime; compacte<\/span><\/h1>\n<h2><span style=\"color: #000000;\">Cl\u00e9 \u00e0 chocs parfaite pour l&rsquo;entretien g\u00e9n\u00e9ral des v\u00e9hicules, l&rsquo;assemblage de machines de taille moyenne et les installations de maintenance industrielle.<\/span><\/h2>\n<p>Cl\u00e9 \u00e0 chocs \u00e0 double marteau, qui produit un couple de 800 Nm. Structure composite, avec poign\u00e9e ergonomique, Grip Touch. Entr\u00e9e d&rsquo;air 1\/4&Prime; avec syst\u00e8me pivotant, avec raccord pour \u00e9viter la rupture du tuyau d&rsquo;alimentation. Syst\u00e8me avec 3 niveaux de serrage.<\/p>\n<table border=\"0\" frame=\"VOID\" rules=\"NONE\" cellspacing=\"0\">\n<colgroup>\n<col width=\"86\">\n<col width=\"86\">\n<col width=\"86\"><\/colgroup>\n<tbody>\n<tr>\n<td align=\"CENTER\" bgcolor=\"#CD1619\"><b><span style=\"color: #ffffff; font-family: Futura Std Condensed;\">Code<\/span><\/b><\/td>\n<td align=\"CENTER\" bgcolor=\"#CD1619\"><b><span style=\"color: #ffffff; font-family: Futura Std Condensed;\">Mod\u00e8le<\/span><\/b><\/td>\n<td align=\"CENTER\" bgcolor=\"#CD1619\"><b><span style=\"color: #ffffff; font-family: Futura Std Condensed;\">Mat\u00e9riau<\/span><\/b><\/td>\n<\/tr>\n<tr>\n<td align=\"CENTER\" bgcolor=\"#DADAD9\"><b><span style=\"color: #cd1619; font-family: Futura Std Condensed;\">3.270.006<\/span><\/b><\/td>\n<td align=\"CENTER\"><span style=\"color: #000000; font-family: Futura Std Condensed;\">EN12800<\/span><\/td>\n<td align=\"CENTER\"><span style=\"color: #000000; font-family: Futura Std Condensed;\">Composite<\/span><\/td>\n<\/tr>\n<\/tbody>\n<\/table>\n<p>&nbsp;<\/p>\n<p>\u2192 M\u00e9canisme du marteau.<br \/>\n\u2192 Raccordement pivotant (\u00e9vite les coudes du tuyau).<br \/>\n\u2192 Construction en composite, avec poign\u00e9e ergonomique, Grip Touch.<br \/>\n\u2192 Fonction de d\u00e9marrage progressif.<\/p>\n<p><strong>Il comprend :<\/strong><\/p>\n<ul>\n<li>Outil, cl\u00e9 d&rsquo;entretien.<\/li>\n<li>Bouton de lubrification de la machine.<\/li>\n<li>Raccord d&rsquo;air 1\/4&Prime; m\u00e2le pas 8,5<\/li>\n<li>Manuel d&rsquo;utilisation et d&rsquo;entretien.<\/li>\n<\/ul>\n<h4><span style=\"color: #d0121a;\">Comment fonctionne la cl\u00e9 \u00e0 chocs ? Voir la vid\u00e9o explicative sur notre cha\u00eene You Tube.<\/span><\/h4>\n<p><a href=\"https:\/\/youtu.be\/fZc7TRZEuPU\" target=\"_blank\" rel=\"noopener\"><img loading=\"lazy\" decoding=\"async\" class=\"alignnone wp-image-1654 size-full\" src=\"https:\/\/www.aircompressormpc.com\/wp-content\/uploads\/2021\/02\/youtube-top-video.png\" alt=\"vid\u00e9o\" width=\"35\" height=\"35\"><\/a><\/p>\n","protected":false},"excerpt":{"rendered":"<h1 style=\"color: #000000; font-family: Verdana, Arial, Helvetica, sans-serif; font-style: normal; letter-spacing: normal; text-indent: 0px; text-transform: none; white-space: normal; word-spacing: 0px;\"><strong><img loading=\"lazy\" decoding=\"async\" class=\"wp-image-5516 size-full alignleft\" src=\"https:\/\/www.aircompressormpc.com\/wp-content\/uploads\/2021\/02\/mpc-iconos-1.jpg\" alt=\"\" width=\"600\" height=\"308\" srcset=\"https:\/\/www.aircompressormpc.com\/wp-content\/uploads\/2021\/02\/mpc-iconos-1.jpg 600w, https:\/\/www.aircompressormpc.com\/wp-content\/uploads\/2021\/02\/mpc-iconos-1-300x154.jpg 300w, https:\/\/www.aircompressormpc.com\/wp-content\/uploads\/2021\/02\/mpc-iconos-1-64x33.jpg 64w\" sizes=\"auto, (max-width: 600px) 100vw, 600px\" \/><br \/>\n<\/strong><\/h1>\n","protected":false},"featured_media":1653,"template":"","meta":[],"product_brand":[],"product_cat":[918,898],"product_tag":[919,920,900,921],"class_list":{"0":"post-7986","1":"product","2":"type-product","3":"status-publish","4":"has-post-thumbnail","6":"product_cat-cles-a-chocs","7":"product_cat-outil-pneumatique","8":"product_tag-llavedeimpacto-fr","9":"product_tag-llavedeimpimponeumatica-fr","10":"product_tag-mpc-fr","11":"product_tag-pistolet-a-impact","13":"first","14":"instock","15":"shipping-taxable","16":"purchasable","17":"product-type-simple"},"aioseo_notices":[],"_links":{"self":[{"href":"https:\/\/www.aircompressormpc.com\/fr\/wp-json\/wp\/v2\/product\/7986","targetHints":{"allow":["GET"]}}],"collection":[{"href":"https:\/\/www.aircompressormpc.com\/fr\/wp-json\/wp\/v2\/product"}],"about":[{"href":"https:\/\/www.aircompressormpc.com\/fr\/wp-json\/wp\/v2\/types\/product"}],"wp:featuredmedia":[{"embeddable":true,"href":"https:\/\/www.aircompressormpc.com\/fr\/wp-json\/wp\/v2\/media\/1653"}],"wp:attachment":[{"href":"https:\/\/www.aircompressormpc.com\/fr\/wp-json\/wp\/v2\/media?parent=7986"}],"wp:term":[{"taxonomy":"product_brand","embeddable":true,"href":"https:\/\/www.aircompressormpc.com\/fr\/wp-json\/wp\/v2\/product_brand?post=7986"},{"taxonomy":"product_cat","embeddable":true,"href":"https:\/\/www.aircompressormpc.com\/fr\/wp-json\/wp\/v2\/product_cat?post=7986"},{"taxonomy":"product_tag","embeddable":true,"href":"https:\/\/www.aircompressormpc.com\/fr\/wp-json\/wp\/v2\/product_tag?post=7986"}],"curies":[{"name":"wp","href":"https:\/\/api.w.org\/{rel}","templated":true}]}}