{"id":7984,"date":"2022-08-25T11:28:57","date_gmt":"2022-08-25T11:28:57","guid":{"rendered":"https:\/\/www.aircompressormpc.com\/producto\/pistolet-daspiration\/"},"modified":"2022-08-25T11:28:57","modified_gmt":"2022-08-25T11:28:57","slug":"paint-by-succession-paint-gun-2","status":"publish","type":"product","link":"https:\/\/www.aircompressormpc.com\/fr\/producto\/paint-by-succession-paint-gun-2\/","title":{"rendered":"PISTOLET D&rsquo;ASPIRATION"},"content":{"rendered":"<p>R\u00e9glage du d\u00e9bit de peinture, avec buse de 2 mm. Pince \u00e0 ventouse.<\/p>\n<h3>Caract\u00e9ristiques :<\/h3>\n<ul>\n<li>Capacit\u00e9 du b\u00e9cher 1.000 ml.<\/li>\n<li>Comprend un pas de 2 mm<\/li>\n<\/ul>\n<table border=\"0\" frame=\"VOID\" rules=\"NONE\" cellspacing=\"0\">\n<tbody>\n<tr>\n<td align=\"CENTER\" bgcolor=\"#CC1718\"><span style=\"color: #ffffff; font-family: Futura Std Condensed;\">Code  <\/span><\/td>\n<td align=\"CENTER\" bgcolor=\"#CC1718\"><span style=\"color: #ffffff; font-family: Futura Std Condensed;\">Mod\u00e8le<\/span><\/td>\n<\/tr>\n<tr>\n<td align=\"CENTER\" bgcolor=\"#D9D9D9\"><b><span style=\"color: #cc1718; font-family: Futura Std Condensed;\">  3.100.007  <\/span><\/b><\/td>\n<td align=\"CENTER\"><span style=\"color: #000000; font-family: Futura Std Condensed;\">  J-4001  <\/span><\/td>\n<\/tr>\n<\/tbody>\n<\/table>\n","protected":false},"excerpt":{"rendered":"<p><img loading=\"lazy\" decoding=\"async\" class=\"alignnone wp-image-5435 size-full\" src=\"https:\/\/www.aircompressormpc.com\/wp-content\/uploads\/2022\/08\/icono-4.jpg\" alt=\"\" width=\"600\" height=\"308\"><\/p>\n","protected":false},"featured_media":5434,"template":"","meta":[],"product_brand":[],"product_cat":[898,899],"product_tag":[900,901],"class_list":{"0":"post-7984","1":"product","2":"type-product","3":"status-publish","4":"has-post-thumbnail","6":"product_cat-outil-pneumatique","7":"product_cat-pistolets","8":"product_tag-mpc-fr","9":"product_tag-pistolet-a-pneu-gonflable","11":"first","12":"instock","13":"shipping-taxable","14":"purchasable","15":"product-type-simple"},"aioseo_notices":[],"_links":{"self":[{"href":"https:\/\/www.aircompressormpc.com\/fr\/wp-json\/wp\/v2\/product\/7984","targetHints":{"allow":["GET"]}}],"collection":[{"href":"https:\/\/www.aircompressormpc.com\/fr\/wp-json\/wp\/v2\/product"}],"about":[{"href":"https:\/\/www.aircompressormpc.com\/fr\/wp-json\/wp\/v2\/types\/product"}],"wp:featuredmedia":[{"embeddable":true,"href":"https:\/\/www.aircompressormpc.com\/fr\/wp-json\/wp\/v2\/media\/5434"}],"wp:attachment":[{"href":"https:\/\/www.aircompressormpc.com\/fr\/wp-json\/wp\/v2\/media?parent=7984"}],"wp:term":[{"taxonomy":"product_brand","embeddable":true,"href":"https:\/\/www.aircompressormpc.com\/fr\/wp-json\/wp\/v2\/product_brand?post=7984"},{"taxonomy":"product_cat","embeddable":true,"href":"https:\/\/www.aircompressormpc.com\/fr\/wp-json\/wp\/v2\/product_cat?post=7984"},{"taxonomy":"product_tag","embeddable":true,"href":"https:\/\/www.aircompressormpc.com\/fr\/wp-json\/wp\/v2\/product_tag?post=7984"}],"curies":[{"name":"wp","href":"https:\/\/api.w.org\/{rel}","templated":true}]}}