{"id":7983,"date":"2022-08-25T11:58:34","date_gmt":"2022-08-25T11:58:34","guid":{"rendered":"https:\/\/www.aircompressormpc.com\/producto\/pistolet-a-air-comprime\/"},"modified":"2025-02-06T11:36:19","modified_gmt":"2025-02-06T11:36:19","slug":"blowgun-3","status":"publish","type":"product","link":"https:\/\/www.aircompressormpc.com\/fr\/producto\/blowgun-3\/","title":{"rendered":"PISTOLET \u00c0 AIR COMPRIM\u00c9 DE BASE"},"content":{"rendered":"<p>Soufflette pour nettoyer, s\u00e9cher ou refroidir des objets. Convient \u00e0 l&rsquo;atelier ou \u00e0 l&rsquo;usage domestique. Il permet un nettoyage rapide et efficace.<\/p>\n<div class=\"title\"><strong>CARACT\u00c9RISTIQUES TECHNIQUES<\/strong><\/div>\n<ul>\n<li><strong>Consommation d&rsquo;air<\/strong>: &#8211; l\/m<\/li>\n<li><strong>Poids<\/strong>: 0,094 kg<\/li>\n<li><strong>Pression de service<\/strong>: 10 bar<\/li>\n<\/ul>\n<table border=\"0\" frame=\"VOID\" rules=\"NONE\" cellspacing=\"0\">\n<colgroup>\n<col width=\"86\" \/>\n<col width=\"86\" \/><\/colgroup>\n<tbody>\n<tr>\n<td align=\"CENTER\" bgcolor=\"#CC1718\" width=\"86\" height=\"17\"><b><span style=\"color: #ffffff; font-family: Futura Std Condensed;\">Code <\/span><\/b><\/td>\n<td align=\"CENTER\" bgcolor=\"#CC1718\" width=\"100\"><b><span style=\"color: #ffffff; font-family: Futura Std Condensed;\">Mod\u00e8le<\/span><\/b><\/td>\n<\/tr>\n<tr>\n<td align=\"CENTER\" bgcolor=\"#D9D9D9\" height=\"17\"><b><span style=\"color: #cc1718; font-family: Futura Std Condensed;\">3.100.003<\/span><\/b><\/td>\n<td align=\"CENTER\"><span style=\"color: #000000; font-family: Futura Std Condensed;\"> DG &#8211; 10B<\/span><\/td>\n<\/tr>\n<\/tbody>\n<\/table>\n","protected":false},"excerpt":{"rendered":"<p><img loading=\"lazy\" decoding=\"async\" class=\"alignnone wp-image-5405 size-full\" src=\"https:\/\/www.aircompressormpc.com\/wp-content\/uploads\/2021\/05\/icono.jpg\" alt=\"\" width=\"484\" height=\"162\" \/><\/p>\n","protected":false},"featured_media":8522,"template":"","meta":[],"product_brand":[],"product_cat":[898,899],"product_tag":[900,923],"class_list":{"0":"post-7983","1":"product","2":"type-product","3":"status-publish","4":"has-post-thumbnail","6":"product_cat-outil-pneumatique","7":"product_cat-pistolets","8":"product_tag-mpc-fr","9":"product_tag-souffleur","11":"first","12":"instock","13":"shipping-taxable","14":"purchasable","15":"product-type-simple"},"aioseo_notices":[],"_links":{"self":[{"href":"https:\/\/www.aircompressormpc.com\/fr\/wp-json\/wp\/v2\/product\/7983","targetHints":{"allow":["GET"]}}],"collection":[{"href":"https:\/\/www.aircompressormpc.com\/fr\/wp-json\/wp\/v2\/product"}],"about":[{"href":"https:\/\/www.aircompressormpc.com\/fr\/wp-json\/wp\/v2\/types\/product"}],"wp:featuredmedia":[{"embeddable":true,"href":"https:\/\/www.aircompressormpc.com\/fr\/wp-json\/wp\/v2\/media\/8522"}],"wp:attachment":[{"href":"https:\/\/www.aircompressormpc.com\/fr\/wp-json\/wp\/v2\/media?parent=7983"}],"wp:term":[{"taxonomy":"product_brand","embeddable":true,"href":"https:\/\/www.aircompressormpc.com\/fr\/wp-json\/wp\/v2\/product_brand?post=7983"},{"taxonomy":"product_cat","embeddable":true,"href":"https:\/\/www.aircompressormpc.com\/fr\/wp-json\/wp\/v2\/product_cat?post=7983"},{"taxonomy":"product_tag","embeddable":true,"href":"https:\/\/www.aircompressormpc.com\/fr\/wp-json\/wp\/v2\/product_tag?post=7983"}],"curies":[{"name":"wp","href":"https:\/\/api.w.org\/{rel}","templated":true}]}}