{"id":7979,"date":"2022-09-01T10:45:35","date_gmt":"2022-09-01T10:45:35","guid":{"rendered":"https:\/\/www.aircompressormpc.com\/producto\/pistolet-petrolier\/"},"modified":"2022-11-29T11:36:37","modified_gmt":"2022-11-29T11:36:37","slug":"pistolet-petrolear","status":"publish","type":"product","link":"https:\/\/www.aircompressormpc.com\/fr\/producto\/pistolet-petrolear\/","title":{"rendered":"PISTOLET P\u00c9TROLIER"},"content":{"rendered":"<h2><strong>Pistolet de pulv\u00e9risation<\/strong> pour combiner air + liquide de nettoyage. Buse de sortie de m\u00e9lange avec ventilateur et r\u00e9gulation du m\u00e9lange.<\/h2>\n<h3>Caract\u00e9ristiques :<\/h3>\n<ul>\n<li>Capacit\u00e9 du b\u00e9cher 1.000 ml.<\/li>\n<li>Buse de sortie 3mm. avec contr\u00f4le du ventilateur.<\/li>\n<li>Longueur de l&rsquo;arbre 200mm.<\/li>\n<\/ul>\n<table border=\"0\" frame=\"VOID\" rules=\"NONE\" cellspacing=\"0\">\n<tbody>\n<tr>\n<td align=\"CENTER\" bgcolor=\"#CC1718\"><span style=\"color: #ffffff; font-family: Futura Std Condensed;\">Code  <\/span><\/td>\n<td align=\"CENTER\" bgcolor=\"#CC1718\"><span style=\"color: #ffffff; font-family: Futura Std Condensed;\">Mod\u00e8le<\/span><\/td>\n<\/tr>\n<tr>\n<td align=\"CENTER\" bgcolor=\"#D9D9D9\"><b><span style=\"color: #cc1718; font-family: Futura Std Condensed;\">3.100.011<\/span><\/b><\/td>\n<td align=\"CENTER\"><span style=\"color: #000000; font-family: Futura Std Condensed;\">G &#8211; 26<\/span><\/td>\n<\/tr>\n<\/tbody>\n<\/table>\n<p>&nbsp;<\/p>\n","protected":false},"excerpt":{"rendered":"<p><img loading=\"lazy\" decoding=\"async\" class=\"alignnone size-full wp-image-8002\" src=\"https:\/\/www.aircompressormpc.com\/wp-content\/uploads\/2022\/10\/ICONOS-2.jpg\" alt=\"ICONO\" width=\"298\" height=\"158\" srcset=\"https:\/\/www.aircompressormpc.com\/wp-content\/uploads\/2022\/10\/ICONOS-2.jpg 298w, https:\/\/www.aircompressormpc.com\/wp-content\/uploads\/2022\/10\/ICONOS-2-64x34.jpg 64w\" sizes=\"auto, (max-width: 298px) 100vw, 298px\" \/><\/p>\n","protected":false},"featured_media":5669,"template":"","meta":[],"product_brand":[],"product_cat":[898,899],"product_tag":[900,917],"class_list":{"0":"post-7979","1":"product","2":"type-product","3":"status-publish","4":"has-post-thumbnail","6":"product_cat-outil-pneumatique","7":"product_cat-pistolets","8":"product_tag-mpc-fr","9":"product_tag-pistolet-petrolier","11":"first","12":"instock","13":"shipping-taxable","14":"purchasable","15":"product-type-simple"},"aioseo_notices":[],"_links":{"self":[{"href":"https:\/\/www.aircompressormpc.com\/fr\/wp-json\/wp\/v2\/product\/7979","targetHints":{"allow":["GET"]}}],"collection":[{"href":"https:\/\/www.aircompressormpc.com\/fr\/wp-json\/wp\/v2\/product"}],"about":[{"href":"https:\/\/www.aircompressormpc.com\/fr\/wp-json\/wp\/v2\/types\/product"}],"wp:featuredmedia":[{"embeddable":true,"href":"https:\/\/www.aircompressormpc.com\/fr\/wp-json\/wp\/v2\/media\/5669"}],"wp:attachment":[{"href":"https:\/\/www.aircompressormpc.com\/fr\/wp-json\/wp\/v2\/media?parent=7979"}],"wp:term":[{"taxonomy":"product_brand","embeddable":true,"href":"https:\/\/www.aircompressormpc.com\/fr\/wp-json\/wp\/v2\/product_brand?post=7979"},{"taxonomy":"product_cat","embeddable":true,"href":"https:\/\/www.aircompressormpc.com\/fr\/wp-json\/wp\/v2\/product_cat?post=7979"},{"taxonomy":"product_tag","embeddable":true,"href":"https:\/\/www.aircompressormpc.com\/fr\/wp-json\/wp\/v2\/product_tag?post=7979"}],"curies":[{"name":"wp","href":"https:\/\/api.w.org\/{rel}","templated":true}]}}