{"id":7978,"date":"2022-09-01T10:45:35","date_gmt":"2022-09-01T10:45:35","guid":{"rendered":"https:\/\/www.aircompressormpc.com\/producto\/pistolet-petrol-de-base\/"},"modified":"2025-01-31T08:29:45","modified_gmt":"2025-01-31T08:29:45","slug":"pistolet-petrolear-basic","status":"publish","type":"product","link":"https:\/\/www.aircompressormpc.com\/fr\/producto\/pistolet-petrolear-basic\/","title":{"rendered":"PISTOLET PETROL (de base)"},"content":{"rendered":"<h1>Pistolet \u00e0 huile de base G-70.<\/h1>\n<h1>Utilise le pistolet G-70.<\/h1>\n<p>Pistolet \u00e0 huile pour combiner air + liquide de nettoyage. Ce pistolet projette de l&rsquo;air sous pression en grande quantit\u00e9 avec une grande puissance, r\u00e9pandant une fine couche du liquide utilis\u00e9. L&rsquo;efficacit\u00e9 et la pr\u00e9cision qu&rsquo;offre la pointe de ce pistolet \u00e0 huile permettent un nettoyage efficace du moteur de la voiture. La buse r\u00e9gulatrice du ventilateur permet un contr\u00f4le facile et s&rsquo;adapte facilement aux tuyaux du compresseur ou de la pompe.<\/p>\n<h3>Caract\u00e9ristiques :<\/h3>\n<ul>\n<li>Buse de sortie 3mm. avec r\u00e9gulation du ventilateur.<\/li>\n<li>Pression de service maximale 7 bar.<\/li>\n<li>Capacit\u00e9 du verre 1 000 ml.<\/li>\n<li>Longueur de l&rsquo;arbre 200 mm.<\/li>\n<\/ul>\n<table border=\"0\" frame=\"VOID\" rules=\"NONE\">\n<tbody>\n<tr>\n<td align=\"CENTER\" bgcolor=\"#CC1718\"><span style=\"color: #ffffff; font-family: Futura;\">Code <\/span><\/td>\n<td align=\"CENTER\" bgcolor=\"#CC1718\"><span style=\"color: #ffffff; font-family: Futura;\">Mod\u00e8le<\/span><\/td>\n<\/tr>\n<tr>\n<td align=\"CENTER\" bgcolor=\"#D9D9D9\"><b><span style=\"color: #cc1718; font-family: Futura Std Condensed;\">3.100.005<\/span><\/b><\/td>\n<td align=\"CENTER\"><span style=\"color: #000000; font-family: Futura Std Condensed;\">G-70<\/span><\/td>\n<\/tr>\n<\/tbody>\n<\/table>\n<p>&nbsp;<\/p>\n","protected":false},"excerpt":{"rendered":"<p><img loading=\"lazy\" decoding=\"async\" class=\"wp-image-11457 size-full alignleft\" src=\"https:\/\/www.aircompressormpc.com\/wp-content\/uploads\/2022\/09\/iconos-g70.jpg\" alt=\"\" width=\"690\" height=\"335\" srcset=\"https:\/\/www.aircompressormpc.com\/wp-content\/uploads\/2022\/09\/iconos-g70.jpg 690w, https:\/\/www.aircompressormpc.com\/wp-content\/uploads\/2022\/09\/iconos-g70-300x146.jpg 300w, https:\/\/www.aircompressormpc.com\/wp-content\/uploads\/2022\/09\/iconos-g70-600x291.jpg 600w, https:\/\/www.aircompressormpc.com\/wp-content\/uploads\/2022\/09\/iconos-g70-64x31.jpg 64w\" sizes=\"auto, (max-width: 690px) 100vw, 690px\" \/><\/p>\n","protected":false},"featured_media":5653,"template":"","meta":[],"product_brand":[],"product_cat":[898,899],"product_tag":[900,916],"class_list":{"0":"post-7978","1":"product","2":"type-product","3":"status-publish","4":"has-post-thumbnail","6":"product_cat-outil-pneumatique","7":"product_cat-pistolets","8":"product_tag-mpc-fr","9":"product_tag-pistolapetrolear-fr","11":"first","12":"instock","13":"shipping-taxable","14":"purchasable","15":"product-type-simple"},"aioseo_notices":[],"_links":{"self":[{"href":"https:\/\/www.aircompressormpc.com\/fr\/wp-json\/wp\/v2\/product\/7978","targetHints":{"allow":["GET"]}}],"collection":[{"href":"https:\/\/www.aircompressormpc.com\/fr\/wp-json\/wp\/v2\/product"}],"about":[{"href":"https:\/\/www.aircompressormpc.com\/fr\/wp-json\/wp\/v2\/types\/product"}],"wp:featuredmedia":[{"embeddable":true,"href":"https:\/\/www.aircompressormpc.com\/fr\/wp-json\/wp\/v2\/media\/5653"}],"wp:attachment":[{"href":"https:\/\/www.aircompressormpc.com\/fr\/wp-json\/wp\/v2\/media?parent=7978"}],"wp:term":[{"taxonomy":"product_brand","embeddable":true,"href":"https:\/\/www.aircompressormpc.com\/fr\/wp-json\/wp\/v2\/product_brand?post=7978"},{"taxonomy":"product_cat","embeddable":true,"href":"https:\/\/www.aircompressormpc.com\/fr\/wp-json\/wp\/v2\/product_cat?post=7978"},{"taxonomy":"product_tag","embeddable":true,"href":"https:\/\/www.aircompressormpc.com\/fr\/wp-json\/wp\/v2\/product_tag?post=7978"}],"curies":[{"name":"wp","href":"https:\/\/api.w.org\/{rel}","templated":true}]}}