{"id":7902,"date":"2022-04-28T13:54:30","date_gmt":"2022-04-28T13:54:30","guid":{"rendered":"https:\/\/www.aircompressormpc.com\/producto\/kit-de-sablage\/"},"modified":"2022-10-25T11:36:44","modified_gmt":"2022-10-25T11:36:44","slug":"kit-de-sablage","status":"publish","type":"product","link":"https:\/\/www.aircompressormpc.com\/fr\/producto\/kit-de-sablage\/","title":{"rendered":"KIT DE SABLAGE"},"content":{"rendered":"<h3>La sableuse est utilis\u00e9e pour \u00e9liminer efficacement la rouille, la peinture, le calcaire, les produits chimiques, etc. Parfait pour pr\u00e9parer les surfaces avant de peindre.<\/h3>\n<p>Caract\u00e9ristiques :<\/p>\n<ul>\n<li>Pression d&rsquo;entr\u00e9e maximale : 4 bar.<\/li>\n<li>Longueur : 3 m. tuyau<\/li>\n<\/ul>\n<p>&nbsp;<\/p>\n","protected":false},"excerpt":{"rendered":"<p><img loading=\"lazy\" decoding=\"async\" class=\"alignnone wp-image-7895 size-full\" src=\"https:\/\/www.aircompressormpc.com\/wp-content\/uploads\/2022\/04\/icono-pistolas-e1666697477242.jpg\" alt=\"ic\u00f4ne\" width=\"457\" height=\"157\" srcset=\"https:\/\/www.aircompressormpc.com\/wp-content\/uploads\/2022\/04\/icono-pistolas-e1666697477242.jpg 457w, https:\/\/www.aircompressormpc.com\/wp-content\/uploads\/2022\/04\/icono-pistolas-e1666697477242-300x103.jpg 300w, https:\/\/www.aircompressormpc.com\/wp-content\/uploads\/2022\/04\/icono-pistolas-e1666697477242-64x22.jpg 64w\" sizes=\"auto, (max-width: 457px) 100vw, 457px\" \/><\/p>\n","protected":false},"featured_media":3046,"template":"","meta":[],"product_brand":[],"product_cat":[914,898,899],"product_tag":[900,915],"class_list":{"0":"post-7902","1":"product","2":"type-product","3":"status-publish","4":"has-post-thumbnail","6":"product_cat-autre","7":"product_cat-outil-pneumatique","8":"product_cat-pistolets","9":"product_tag-mpc-fr","10":"product_tag-sableuse","12":"first","13":"instock","14":"shipping-taxable","15":"purchasable","16":"product-type-simple"},"aioseo_notices":[],"_links":{"self":[{"href":"https:\/\/www.aircompressormpc.com\/fr\/wp-json\/wp\/v2\/product\/7902","targetHints":{"allow":["GET"]}}],"collection":[{"href":"https:\/\/www.aircompressormpc.com\/fr\/wp-json\/wp\/v2\/product"}],"about":[{"href":"https:\/\/www.aircompressormpc.com\/fr\/wp-json\/wp\/v2\/types\/product"}],"wp:featuredmedia":[{"embeddable":true,"href":"https:\/\/www.aircompressormpc.com\/fr\/wp-json\/wp\/v2\/media\/3046"}],"wp:attachment":[{"href":"https:\/\/www.aircompressormpc.com\/fr\/wp-json\/wp\/v2\/media?parent=7902"}],"wp:term":[{"taxonomy":"product_brand","embeddable":true,"href":"https:\/\/www.aircompressormpc.com\/fr\/wp-json\/wp\/v2\/product_brand?post=7902"},{"taxonomy":"product_cat","embeddable":true,"href":"https:\/\/www.aircompressormpc.com\/fr\/wp-json\/wp\/v2\/product_cat?post=7902"},{"taxonomy":"product_tag","embeddable":true,"href":"https:\/\/www.aircompressormpc.com\/fr\/wp-json\/wp\/v2\/product_tag?post=7902"}],"curies":[{"name":"wp","href":"https:\/\/api.w.org\/{rel}","templated":true}]}}