{"id":7821,"date":"2021-04-28T12:03:05","date_gmt":"2021-04-28T12:03:05","guid":{"rendered":"https:\/\/www.aircompressormpc.com\/producto\/pistolet-de-pulverisation-par-gravite-h-827\/"},"modified":"2025-02-11T09:19:42","modified_gmt":"2025-02-11T09:19:42","slug":"canon-a-gravite-hvlp","status":"publish","type":"product","link":"https:\/\/www.aircompressormpc.com\/fr\/producto\/canon-a-gravite-hvlp\/","title":{"rendered":"PISTOLET DE PULV\u00c9RISATION PAR GRAVIT\u00c9 H-827"},"content":{"rendered":"<h1><span style=\"color: #000000;\">Pistolet \u00e0 peinture H-827.<\/span><\/h1>\n<h3>Pistolet \u00e0 peinture pour \u00e9maillage et laquage en acier inoxydable avec buse fluide et aiguille en acier inoxydable de s\u00e9rie, con\u00e7u pour l&rsquo;application de peinture ou de laque.<\/h3>\n<h3>Il incorpore un r\u00e9gulateur de pression pour l&rsquo;entr\u00e9e d&rsquo;air, projetant le m\u00e9lange mat\u00e9riau + air \u00e0 basse pression, contr\u00f4lant ainsi les quantit\u00e9s de mat\u00e9riau fournies.<\/h3>\n<table border=\"0\" frame=\"VOID\" rules=\"NONE\" cellspacing=\"0\">\n<colgroup>\n<col width=\"86\" \/>\n<col width=\"86\" \/><\/colgroup>\n<tbody>\n<tr>\n<td align=\"CENTER\" bgcolor=\"#CD1619\" width=\"86\" height=\"17\"><span style=\"color: #ffffff; font-family: Futura Std Condensed;\">Code <\/span><\/td>\n<td align=\"CENTER\" bgcolor=\"#CD1619\" width=\"86\"><span style=\"color: #ffffff; font-family: Futura Std Condensed;\">Mod\u00e8le<\/span><\/td>\n<\/tr>\n<tr>\n<td align=\"CENTER\" bgcolor=\"#DADAD9\" height=\"17\"><b><span style=\"color: #cd1619; font-family: Futura Std Condensed;\">3.100.006<\/span><\/b><\/td>\n<td align=\"CENTER\">H-827<\/td>\n<\/tr>\n<\/tbody>\n<\/table>\n<h3>Utilise le pistolet de pulv\u00e9risation H &#8211; 827.<\/h3>\n<p>Parfait pour un usage industriel, domestique et automobile ainsi que pour l&rsquo;application de vernis, d&rsquo;\u00e9maux, d&rsquo;appr\u00eats et de primaires.<br \/>\nIl convient aux produits \u00e0 base d&rsquo;eau et de solvants.<\/p>\n<p>&nbsp;<\/p>\n<h3>Caract\u00e9ristiques :<\/h3>\n<ul>\n<li>Pression d&rsquo;entr\u00e9e recommand\u00e9e 2,0 bar.<\/li>\n<li>Distance de peinture recommand\u00e9e 15-30 cm<\/li>\n<li>Technologie des buses : HVLP<\/li>\n<li>R\u00e9servoir en nylon de 600 cc avec bouchon anti-goutte et filtre \u00e0 peinture<\/li>\n<li>Bec et aiguille en acier inoxydable<\/li>\n<li>S&rsquo;adapte facilement aux tuyaux des <b>compresseurs avec un filetage de 1\/4&Prime; \/ un raccord rapide de 1\/4&Prime;.<\/b><\/li>\n<\/ul>\n<h3>Il comprend :<\/h3>\n<ul>\n<li>Buses de sortie de 1,4 et 1,7 mm .<\/li>\n<li>Verre 600 ml.<\/li>\n<li>R\u00e9gulateur de pression avec manom\u00e8tre.<\/li>\n<li>Kit d&rsquo;outils d&rsquo;entretien.<\/li>\n<\/ul>\n<h3>Pi\u00e8ces d\u00e9tach\u00e9es :<\/h3>\n<ul>\n<li>6.200.020 Kit de mamelon \u00e0 aiguille D 1,2mm<\/li>\n<li>6.200.021 Kit de mamelon \u00e0 aiguille D 1,4mm<\/li>\n<li>6.200.022 Kit de buse \u00e0 aiguille D 1,7mm<\/li>\n<li>6.200.023 Kit de buse \u00e0 aiguille D 2,0mm<\/li>\n<li>2.200.062 Enrouleur de tuyau 15 Mts. avec raccords.<\/li>\n<\/ul>\n<p><iframe loading=\"lazy\" style=\"max-width: 100%; max-height: 100vw;\" src=\"https:\/\/spinzam.com\/shot\/embed\/?idx=432626\" width=\"640\" height=\"640\" frameborder=\"0\" scrolling=\"no\"><\/iframe><\/p>\n","protected":false},"excerpt":{"rendered":"<p><img loading=\"lazy\" decoding=\"async\" class=\"alignleft wp-image-15941 size-full\" src=\"https:\/\/www.aircompressormpc.com\/wp-content\/uploads\/2021\/04\/iconos-3.100.006.jpg\" alt=\"\" width=\"665\" height=\"328\" srcset=\"https:\/\/www.aircompressormpc.com\/wp-content\/uploads\/2021\/04\/iconos-3.100.006.jpg 665w, https:\/\/www.aircompressormpc.com\/wp-content\/uploads\/2021\/04\/iconos-3.100.006-300x148.jpg 300w, https:\/\/www.aircompressormpc.com\/wp-content\/uploads\/2021\/04\/iconos-3.100.006-600x296.jpg 600w, https:\/\/www.aircompressormpc.com\/wp-content\/uploads\/2021\/04\/iconos-3.100.006-64x32.jpg 64w\" sizes=\"auto, (max-width: 665px) 100vw, 665px\" \/><\/p>\n","protected":false},"featured_media":11474,"template":"","meta":[],"product_brand":[],"product_cat":[898,899],"product_tag":[900,906,905,907],"class_list":{"0":"post-7821","1":"product","2":"type-product","3":"status-publish","4":"has-post-thumbnail","6":"product_cat-outil-pneumatique","7":"product_cat-pistolets","8":"product_tag-mpc-fr","9":"product_tag-pistolet-a-peinture","10":"product_tag-pistolet-compresseur","11":"product_tag-pistolet-gravitaire","13":"first","14":"instock","15":"shipping-taxable","16":"purchasable","17":"product-type-simple"},"aioseo_notices":[],"_links":{"self":[{"href":"https:\/\/www.aircompressormpc.com\/fr\/wp-json\/wp\/v2\/product\/7821","targetHints":{"allow":["GET"]}}],"collection":[{"href":"https:\/\/www.aircompressormpc.com\/fr\/wp-json\/wp\/v2\/product"}],"about":[{"href":"https:\/\/www.aircompressormpc.com\/fr\/wp-json\/wp\/v2\/types\/product"}],"wp:featuredmedia":[{"embeddable":true,"href":"https:\/\/www.aircompressormpc.com\/fr\/wp-json\/wp\/v2\/media\/11474"}],"wp:attachment":[{"href":"https:\/\/www.aircompressormpc.com\/fr\/wp-json\/wp\/v2\/media?parent=7821"}],"wp:term":[{"taxonomy":"product_brand","embeddable":true,"href":"https:\/\/www.aircompressormpc.com\/fr\/wp-json\/wp\/v2\/product_brand?post=7821"},{"taxonomy":"product_cat","embeddable":true,"href":"https:\/\/www.aircompressormpc.com\/fr\/wp-json\/wp\/v2\/product_cat?post=7821"},{"taxonomy":"product_tag","embeddable":true,"href":"https:\/\/www.aircompressormpc.com\/fr\/wp-json\/wp\/v2\/product_tag?post=7821"}],"curies":[{"name":"wp","href":"https:\/\/api.w.org\/{rel}","templated":true}]}}