{"id":7818,"date":"2022-09-01T10:18:56","date_gmt":"2022-09-01T10:18:56","guid":{"rendered":"https:\/\/www.aircompressormpc.com\/producto\/pistolet-a-pneu-gonflable\/"},"modified":"2022-09-01T10:18:56","modified_gmt":"2022-09-01T10:18:56","slug":"tyre-gun-inflaneumaticos-2","status":"publish","type":"product","link":"https:\/\/www.aircompressormpc.com\/fr\/producto\/tyre-gun-inflaneumaticos-2\/","title":{"rendered":"PISTOLET \u00c0 PNEU GONFLABLE"},"content":{"rendered":"<h1>Pistolet \u00e0 inflation :<\/h1>\n<p>Facile \u00e0 utiliser, id\u00e9al pour le gonflage g\u00e9n\u00e9ral des pneus.<\/p>\n<h3>Caract\u00e9ristiques :<\/h3>\n<ul>\n<li>Gonfleur de pneus homologu\u00e9 (CEE 86\/217).<\/li>\n<\/ul>\n<table border=\"0\" frame=\"VOID\" rules=\"NONE\" cellspacing=\"0\">\n<tbody>\n<tr>\n<td align=\"CENTER\" bgcolor=\"#CA1E16\" width=\"86\" height=\"32\"><span style=\"color: #ffffff; font-family: Futura Std Condensed;\">Code<\/span><\/td>\n<td align=\"CENTER\" bgcolor=\"#CA1E16\" width=\"200\"><span style=\"color: #ffffff; font-family: Futura Std Condensed;\">Mod\u00e8le<br \/>\n<\/span><\/td>\n<\/tr>\n<tr>\n<td align=\"CENTER\" bgcolor=\"#DCE2EB\" height=\"32\"><b><span style=\"color: #ca1e16; font-family: Futura Std Condensed;\">1.100.008<\/span><\/b><\/td>\n<td align=\"CENTER\">G-25 GR-80(PROF.)<\/td>\n<\/tr>\n<\/tbody>\n<\/table>\n","protected":false},"excerpt":{"rendered":"<p><img loading=\"lazy\" decoding=\"async\" class=\"alignnone wp-image-5626 size-full\" src=\"https:\/\/www.aircompressormpc.com\/wp-content\/uploads\/2022\/09\/ICONOS.jpg\" alt=\"\" width=\"600\" height=\"166\" srcset=\"https:\/\/www.aircompressormpc.com\/wp-content\/uploads\/2022\/09\/ICONOS.jpg 600w, https:\/\/www.aircompressormpc.com\/wp-content\/uploads\/2022\/09\/ICONOS-300x83.jpg 300w, https:\/\/www.aircompressormpc.com\/wp-content\/uploads\/2022\/09\/ICONOS-64x18.jpg 64w\" sizes=\"auto, (max-width: 600px) 100vw, 600px\" \/><\/p>\n","protected":false},"featured_media":5634,"template":"","meta":[],"product_brand":[],"product_cat":[898,899],"product_tag":[900,901],"class_list":{"0":"post-7818","1":"product","2":"type-product","3":"status-publish","4":"has-post-thumbnail","6":"product_cat-outil-pneumatique","7":"product_cat-pistolets","8":"product_tag-mpc-fr","9":"product_tag-pistolet-a-pneu-gonflable","11":"first","12":"instock","13":"shipping-taxable","14":"purchasable","15":"product-type-simple"},"aioseo_notices":[],"_links":{"self":[{"href":"https:\/\/www.aircompressormpc.com\/fr\/wp-json\/wp\/v2\/product\/7818","targetHints":{"allow":["GET"]}}],"collection":[{"href":"https:\/\/www.aircompressormpc.com\/fr\/wp-json\/wp\/v2\/product"}],"about":[{"href":"https:\/\/www.aircompressormpc.com\/fr\/wp-json\/wp\/v2\/types\/product"}],"wp:featuredmedia":[{"embeddable":true,"href":"https:\/\/www.aircompressormpc.com\/fr\/wp-json\/wp\/v2\/media\/5634"}],"wp:attachment":[{"href":"https:\/\/www.aircompressormpc.com\/fr\/wp-json\/wp\/v2\/media?parent=7818"}],"wp:term":[{"taxonomy":"product_brand","embeddable":true,"href":"https:\/\/www.aircompressormpc.com\/fr\/wp-json\/wp\/v2\/product_brand?post=7818"},{"taxonomy":"product_cat","embeddable":true,"href":"https:\/\/www.aircompressormpc.com\/fr\/wp-json\/wp\/v2\/product_cat?post=7818"},{"taxonomy":"product_tag","embeddable":true,"href":"https:\/\/www.aircompressormpc.com\/fr\/wp-json\/wp\/v2\/product_tag?post=7818"}],"curies":[{"name":"wp","href":"https:\/\/api.w.org\/{rel}","templated":true}]}}