{"id":7757,"date":"2022-10-18T13:01:18","date_gmt":"2022-10-18T13:01:18","guid":{"rendered":"https:\/\/www.aircompressormpc.com\/producto\/moteur-compresseur-eolo-200-d-270\/"},"modified":"2025-03-07T11:50:43","modified_gmt":"2025-03-07T11:50:43","slug":"motocompresor-eolo-200-d-270","status":"publish","type":"product","link":"https:\/\/www.aircompressormpc.com\/fr\/producto\/motocompresor-eolo-200-d-270\/","title":{"rendered":"MOTEUR COMPRESSEUR EOLO 204 D (270)"},"content":{"rendered":"<h1 style=\"text-align: left;\"><span style=\"color: #ff0000;\"><strong>Motocompresseur diesel appartenant \u00e0 notre s\u00e9rie EOLO.<\/strong><\/span><\/h1>\n<p style=\"text-align: left;\"><strong>Motocompresseur pour assistance mobile<\/strong>, avec <strong>moteur diesel Kohler<\/strong> avec d\u00e9marreur \u00e9lectrique + batterie, refroidi par air forc\u00e9. Mont\u00e9 sur ch\u00e2ssis en acier, avec renforts soud\u00e9s au r\u00e9servoir 270 Lts\/ 15 Bar, ensemble \u00e9tudi\u00e9 pour faciliter le transport, gr\u00e2ce au design du r\u00e9servoir. Comprend le r\u00e9servoir de carburant 23Lts + raccords rapides.<\/p>\n<p style=\"text-align: left;\">Moteur KDW702 + M1,600<\/p>\n<table border=\"0\" frame=\"VOID\" rules=\"NONE\" cellspacing=\"0\">\n<colgroup>\n<col width=\"86\" \/>\n<col width=\"86\" \/>\n<col width=\"86\" \/>\n<col width=\"86\" \/>\n<col width=\"86\" \/>\n<col width=\"86\" \/>\n<col width=\"86\" \/>\n<col width=\"86\" \/>\n<col width=\"86\" \/><\/colgroup>\n<tbody>\n<tr>\n<td align=\"CENTER\" bgcolor=\"#CA1E16\" width=\"86\" height=\"32\"><span style=\"color: #ffffff; font-family: Futura Std Condensed;\">Code<\/span><\/td>\n<td align=\"CENTER\" bgcolor=\"#CA1E16\" width=\"86\"><span style=\"color: #ffffff; font-family: Futura Std Condensed;\">Mod\u00e8le<br \/>\n<\/span><\/td>\n<td align=\"CENTER\" bgcolor=\"#CA1E16\" width=\"86\"><i><span style=\"color: #ffffff; font-family: Futura Std Condensed;\">Litres<\/span><\/i><\/td>\n<td align=\"CENTER\" bgcolor=\"#CA1E16\" width=\"86\"><i><span style=\"color: #ffffff; font-family: Futura Std Condensed;\">Air aspir\u00e9<\/span><\/i><\/td>\n<td align=\"CENTER\" bgcolor=\"#CA1E16\" width=\"86\"><i><span style=\"color: #ffffff; font-family: Futura Std Condensed;\">Puissance (HP)<\/span><\/i><\/td>\n<td align=\"CENTER\" bgcolor=\"#CA1E16\" width=\"86\"><i><span style=\"color: #ffffff; font-family: Futura Std Condensed;\">P.max.<br \/>\n(Bar)<\/span><\/i><\/td>\n<td align=\"CENTER\" bgcolor=\"#CA1E16\" width=\"86\"><span style=\"color: #ffffff; font-family: Futura Std Condensed;\">Poids (Kg)<\/span><\/td>\n<td align=\"CENTER\" bgcolor=\"#CA1E16\" width=\"86\"><i><span style=\"color: #ffffff; font-family: Futura Std Condensed;\">Longueur\/largeur\/hauteur (cm)<\/span><\/i><\/td>\n<td align=\"CENTER\" bgcolor=\"#CA1E16\" width=\"86\"><span style=\"color: #ffffff; font-family: Futura Std Condensed;\">D\u00e9but<\/span><\/td>\n<\/tr>\n<tr>\n<td align=\"CENTER\" bgcolor=\"#DCE2EB\" height=\"32\"><b><span style=\"color: #ca1e16; font-family: Futura Std Condensed;\">1.201.520<\/span><\/b><\/td>\n<td align=\"CENTER\"><b><span style=\"color: #ca1e16; font-family: Futura Std Condensed;\">EOLO 204D<br \/>\n270L<\/span><\/b><\/td>\n<td align=\"CENTER\"><span style=\"color: #000000; font-family: Futura Std Condensed;\">270<\/span><\/td>\n<td align=\"CENTER\"><span style=\"color: #000000; font-family: Futura Std Condensed;\">1.800<\/span><\/td>\n<td align=\"CENTER\"><span style=\"color: #000000; font-family: Futura Std Condensed;\">16<\/span><\/td>\n<td align=\"CENTER\"><span style=\"color: #000000; font-family: Futura Std Condensed;\">12<\/span><\/td>\n<td align=\"CENTER\"><span style=\"color: #000000; font-family: Futura Std Condensed;\">350<\/span><\/td>\n<td align=\"CENTER\"><span style=\"color: #000000; font-family: Futura Std Condensed;\">125 x 60 x 115<\/span><\/td>\n<td align=\"CENTER\"><span style=\"color: #ca1e16; font-family: Futura Std Condensed;\">\u00c9lectrique\/Manuel<\/span><\/td>\n<\/tr>\n<\/tbody>\n<\/table>\n","protected":false},"excerpt":{"rendered":"<p><img loading=\"lazy\" decoding=\"async\" class=\"alignleft wp-image-16442 size-full\" src=\"https:\/\/www.aircompressormpc.com\/wp-content\/uploads\/2022\/10\/1.201.520-2.jpg\" alt=\"\" width=\"583\" height=\"283\" srcset=\"https:\/\/www.aircompressormpc.com\/wp-content\/uploads\/2022\/10\/1.201.520-2.jpg 583w, https:\/\/www.aircompressormpc.com\/wp-content\/uploads\/2022\/10\/1.201.520-2-300x146.jpg 300w, https:\/\/www.aircompressormpc.com\/wp-content\/uploads\/2022\/10\/1.201.520-2-64x31.jpg 64w\" sizes=\"auto, (max-width: 583px) 100vw, 583px\" \/><\/p>\n<p><img loading=\"lazy\" decoding=\"async\" class=\"alignleft wp-image-4430 size-full\" src=\"https:\/\/www.aircompressormpc.com\/wp-content\/uploads\/2022\/07\/eolo-200d-e1696844731998.jpg\" alt=\"\" width=\"257\" height=\"308\" srcset=\"https:\/\/www.aircompressormpc.com\/wp-content\/uploads\/2022\/07\/eolo-200d-e1696844731998.jpg 257w, https:\/\/www.aircompressormpc.com\/wp-content\/uploads\/2022\/07\/eolo-200d-e1696844731998-250x300.jpg 250w, https:\/\/www.aircompressormpc.com\/wp-content\/uploads\/2022\/07\/eolo-200d-e1696844731998-64x77.jpg 64w\" sizes=\"auto, (max-width: 257px) 100vw, 257px\" \/><\/p>\n<p><img loading=\"lazy\" decoding=\"async\" class=\"wp-image-3008 alignnone\" src=\"https:\/\/www.aircompressormpc.com\/wp-content\/uploads\/2022\/03\/logotipos_eolo_200-iconos-eolo-200.png\" alt=\"eolo 200 ic\u00f4nes\" width=\"387\" height=\"93\" \/><\/p>\n","protected":false},"featured_media":15510,"template":"","meta":[],"product_brand":[],"product_cat":[679,828,1208,680],"product_tag":[1216,725,1355,723,873,829,687,1215,1210],"class_list":{"0":"post-7757","1":"product","2":"type-product","3":"status-publish","4":"has-post-thumbnail","6":"product_cat-motocompresseurs","7":"product_cat-serie-eolo","8":"product_cat-serie-eolo-diesel-fr","9":"product_cat-unites-mobiles","10":"product_tag-1-850-litres-min","11":"product_tag-12-bars","12":"product_tag-16-hp-fr","13":"product_tag-270-litres-fr","14":"product_tag-diesel-fr","15":"product_tag-eolienne","16":"product_tag-equipement-des-vehicules-fr","17":"product_tag-kholer-fr","18":"product_tag-kholer-engine-fr","20":"first","21":"instock","22":"shipping-taxable","23":"purchasable","24":"product-type-simple"},"aioseo_notices":[],"_links":{"self":[{"href":"https:\/\/www.aircompressormpc.com\/fr\/wp-json\/wp\/v2\/product\/7757","targetHints":{"allow":["GET"]}}],"collection":[{"href":"https:\/\/www.aircompressormpc.com\/fr\/wp-json\/wp\/v2\/product"}],"about":[{"href":"https:\/\/www.aircompressormpc.com\/fr\/wp-json\/wp\/v2\/types\/product"}],"wp:featuredmedia":[{"embeddable":true,"href":"https:\/\/www.aircompressormpc.com\/fr\/wp-json\/wp\/v2\/media\/15510"}],"wp:attachment":[{"href":"https:\/\/www.aircompressormpc.com\/fr\/wp-json\/wp\/v2\/media?parent=7757"}],"wp:term":[{"taxonomy":"product_brand","embeddable":true,"href":"https:\/\/www.aircompressormpc.com\/fr\/wp-json\/wp\/v2\/product_brand?post=7757"},{"taxonomy":"product_cat","embeddable":true,"href":"https:\/\/www.aircompressormpc.com\/fr\/wp-json\/wp\/v2\/product_cat?post=7757"},{"taxonomy":"product_tag","embeddable":true,"href":"https:\/\/www.aircompressormpc.com\/fr\/wp-json\/wp\/v2\/product_tag?post=7757"}],"curies":[{"name":"wp","href":"https:\/\/api.w.org\/{rel}","templated":true}]}}