{"id":7753,"date":"2022-07-28T11:23:37","date_gmt":"2022-07-28T11:23:37","guid":{"rendered":"https:\/\/www.aircompressormpc.com\/producto\/moteur-compresseur-eolo-200-d-50-l\/"},"modified":"2025-03-07T11:14:50","modified_gmt":"2025-03-07T11:14:50","slug":"motocompresor-eolo-200-50-l","status":"publish","type":"product","link":"https:\/\/www.aircompressormpc.com\/fr\/producto\/motocompresor-eolo-200-50-l\/","title":{"rendered":"MOTEUR COMPRESSEUR EOLO 204 D (50 L)"},"content":{"rendered":"<h1 style=\"text-align: left;\"><span style=\"color: #ff0000;\"><strong>Compresseur \u00e0 moteur diesel. S\u00e9rie EOLO.<\/strong><\/span><\/h1>\n<h3 style=\"text-align: left;\">Moteur KHOLER KDW702 + M1600<\/h3>\n<p>Motocompresseur pour assistance mobile, avec moteur diesel Kohler avec d\u00e9marreur \u00e9lectrique + batterie, refroidi par air forc\u00e9. Mont\u00e9 sur une base en Duraluminium, structure construite en aluminium avec syst\u00e8me de filtrage et de lubrification int\u00e9gr\u00e9 avec sorties 3 1\/2&Prime; et r\u00e9servoir 50 Lats\/ 15 Bar, le tout con\u00e7u pour faciliter la fixation de la machine pour le transport. Comprend un r\u00e9servoir de carburant de 23 litres et des raccords rapides.<\/p>\n<table border=\"0\" frame=\"VOID\" rules=\"NONE\" cellspacing=\"0\">\n<colgroup>\n<col width=\"86\" \/>\n<col width=\"86\" \/>\n<col width=\"86\" \/>\n<col width=\"86\" \/>\n<col width=\"86\" \/>\n<col width=\"86\" \/>\n<col width=\"86\" \/>\n<col width=\"86\" \/>\n<col width=\"86\" \/><\/colgroup>\n<tbody>\n<tr>\n<td align=\"CENTER\" bgcolor=\"#CA1E16\" width=\"86\" height=\"32\"><span style=\"color: #ffffff; font-family: Futura Std Condensed;\">Code<\/span><\/td>\n<td align=\"CENTER\" bgcolor=\"#CA1E16\" width=\"86\"><span style=\"color: #ffffff; font-family: Futura Std Condensed;\">Mod\u00e8le<\/span><\/td>\n<td align=\"CENTER\" bgcolor=\"#CA1E16\" width=\"86\"><i><span style=\"color: #ffffff; font-family: Futura Std Condensed;\">Litres<\/span><\/i><\/td>\n<td align=\"CENTER\" bgcolor=\"#CA1E16\" width=\"86\"><i><span style=\"color: #ffffff; font-family: Futura Std Condensed;\">Air aspir\u00e9 (l\/min)<\/span><\/i><\/td>\n<td align=\"CENTER\" bgcolor=\"#CA1E16\" width=\"86\"><i><span style=\"color: #ffffff; font-family: Futura Std Condensed;\">Puissance (HP)<\/span><\/i><\/td>\n<td align=\"CENTER\" bgcolor=\"#CA1E16\" width=\"86\"><i><span style=\"color: #ffffff; font-family: Futura Std Condensed;\">P.max.<br \/>\n(Bar)<\/span><\/i><\/td>\n<td align=\"CENTER\" bgcolor=\"#CA1E16\" width=\"86\"><span style=\"color: #ffffff; font-family: Futura Std Condensed;\">Poids (Kg)<\/span><\/td>\n<td align=\"CENTER\" bgcolor=\"#CA1E16\" width=\"86\"><i><span style=\"color: #ffffff; font-family: Futura Std Condensed;\">Longueur\/largeur\/hauteur (cm)<\/span><\/i><\/td>\n<td align=\"CENTER\" bgcolor=\"#CA1E16\" width=\"86\"><span style=\"color: #ffffff; font-family: Futura Std Condensed;\">D\u00e9but<\/span><\/td>\n<\/tr>\n<tr>\n<td align=\"CENTER\" bgcolor=\"#DCE2EB\" height=\"32\"><b><span style=\"color: #ca1e16; font-family: Futura Std Condensed;\">1.201.220<\/span><\/b><\/td>\n<td align=\"CENTER\"><b><span style=\"color: #ca1e16; font-family: Futura Std Condensed;\">EOLO<br \/>\n204D 50L<\/span><\/b><\/td>\n<td align=\"CENTER\"><span style=\"color: #000000; font-family: Futura Std Condensed;\">50<\/span><\/td>\n<td align=\"CENTER\"><span style=\"color: #000000; font-family: Futura Std Condensed;\">1.800<\/span><\/td>\n<td align=\"CENTER\"><span style=\"color: #000000; font-family: Futura Std Condensed;\">16<\/span><\/td>\n<td align=\"CENTER\"><span style=\"color: #000000; font-family: Futura Std Condensed;\">14<\/span><\/td>\n<td align=\"CENTER\"><span style=\"color: #000000; font-family: Futura Std Condensed;\">225<\/span><\/td>\n<td align=\"CENTER\"><span style=\"color: #000000; font-family: Futura Std Condensed;\">120 x 65 x 120<\/span><\/td>\n<td align=\"CENTER\"><span style=\"color: #ca1e16; font-family: Futura Std Condensed;\">\u00c9lectricit\u00e9<\/span><\/td>\n<\/tr>\n<\/tbody>\n<\/table>\n","protected":false},"excerpt":{"rendered":"<p><img loading=\"lazy\" decoding=\"async\" class=\"alignleft wp-image-16435 size-full\" src=\"https:\/\/www.aircompressormpc.com\/wp-content\/uploads\/2022\/07\/1.201.220-2.jpg\" alt=\"\" width=\"585\" height=\"285\" srcset=\"https:\/\/www.aircompressormpc.com\/wp-content\/uploads\/2022\/07\/1.201.220-2.jpg 585w, https:\/\/www.aircompressormpc.com\/wp-content\/uploads\/2022\/07\/1.201.220-2-300x146.jpg 300w, https:\/\/www.aircompressormpc.com\/wp-content\/uploads\/2022\/07\/1.201.220-2-64x31.jpg 64w\" sizes=\"auto, (max-width: 585px) 100vw, 585px\" \/><img loading=\"lazy\" decoding=\"async\" class=\"wp-image-4414 size-full alignnone\" src=\"https:\/\/www.aircompressormpc.com\/wp-content\/uploads\/2022\/07\/EOLO-130D-e1696842735162.jpg\" alt=\"EOLO 200\" width=\"250\" height=\"278\" srcset=\"https:\/\/www.aircompressormpc.com\/wp-content\/uploads\/2022\/07\/EOLO-130D-e1696842735162.jpg 250w, https:\/\/www.aircompressormpc.com\/wp-content\/uploads\/2022\/07\/EOLO-130D-e1696842735162-64x71.jpg 64w\" sizes=\"auto, (max-width: 250px) 100vw, 250px\" \/><img loading=\"lazy\" decoding=\"async\" class=\"wp-image-3008 alignnone\" src=\"https:\/\/www.aircompressormpc.com\/wp-content\/uploads\/2022\/03\/logotipos_eolo_200-iconos-eolo-200.png\" alt=\"eolo 200 ic\u00f4nes\" width=\"387\" height=\"93\" \/><\/p>\n","protected":false},"featured_media":7756,"template":"","meta":[],"product_brand":[],"product_cat":[679,828,1208,680],"product_tag":[685,1355,1364,683,873,687,1210],"class_list":{"0":"post-7753","1":"product","2":"type-product","3":"status-publish","4":"has-post-thumbnail","6":"product_cat-motocompresseurs","7":"product_cat-serie-eolo","8":"product_cat-serie-eolo-diesel-fr","9":"product_cat-unites-mobiles","10":"product_tag-14-bar-fr","11":"product_tag-16-hp-fr","12":"product_tag-1800-l-min-fr","13":"product_tag-50-litres-fr","14":"product_tag-diesel-fr","15":"product_tag-equipement-des-vehicules-fr","16":"product_tag-kholer-engine-fr","18":"first","19":"instock","20":"shipping-taxable","21":"purchasable","22":"product-type-simple"},"aioseo_notices":[],"_links":{"self":[{"href":"https:\/\/www.aircompressormpc.com\/fr\/wp-json\/wp\/v2\/product\/7753","targetHints":{"allow":["GET"]}}],"collection":[{"href":"https:\/\/www.aircompressormpc.com\/fr\/wp-json\/wp\/v2\/product"}],"about":[{"href":"https:\/\/www.aircompressormpc.com\/fr\/wp-json\/wp\/v2\/types\/product"}],"wp:featuredmedia":[{"embeddable":true,"href":"https:\/\/www.aircompressormpc.com\/fr\/wp-json\/wp\/v2\/media\/7756"}],"wp:attachment":[{"href":"https:\/\/www.aircompressormpc.com\/fr\/wp-json\/wp\/v2\/media?parent=7753"}],"wp:term":[{"taxonomy":"product_brand","embeddable":true,"href":"https:\/\/www.aircompressormpc.com\/fr\/wp-json\/wp\/v2\/product_brand?post=7753"},{"taxonomy":"product_cat","embeddable":true,"href":"https:\/\/www.aircompressormpc.com\/fr\/wp-json\/wp\/v2\/product_cat?post=7753"},{"taxonomy":"product_tag","embeddable":true,"href":"https:\/\/www.aircompressormpc.com\/fr\/wp-json\/wp\/v2\/product_tag?post=7753"}],"curies":[{"name":"wp","href":"https:\/\/api.w.org\/{rel}","templated":true}]}}