{"id":7731,"date":"2022-07-27T11:13:38","date_gmt":"2022-07-27T11:13:38","guid":{"rendered":"https:\/\/www.aircompressormpc.com\/producto\/moteur-compresseur-eolo-200-500-l\/"},"modified":"2022-10-19T10:26:05","modified_gmt":"2022-10-19T10:26:05","slug":"motocompresseur-eolo-200","status":"publish","type":"product","link":"https:\/\/www.aircompressormpc.com\/fr\/producto\/motocompresseur-eolo-200\/","title":{"rendered":"MOTEUR-COMPRESSEUR EOLO 200 (500 L)"},"content":{"rendered":"<h2 style=\"text-align: left;\"><span style=\"color: #ff0000;\"><strong>Motocompresseur diesel appartenant \u00e0 notre s\u00e9rie EOLO.<\/strong><\/span><\/h2>\n<p style=\"text-align: left;\"><span style=\"color: #000000;\"><strong>Les motocompresseurs EOLO offrent des performances \u00e9lev\u00e9es pour \u00e9quiper les v\u00e9hicules utilitaires ou commerciaux dont l&rsquo;espace et le poids sont limit\u00e9s, mais qui n\u00e9cessitent des d\u00e9bits d&rsquo;air \u00e9lev\u00e9s.<\/strong><\/span><\/p>\n<h3 style=\"text-align: left;\"><strong>Moteur Honda GX630 + M1600 :<\/strong><\/h3>\n<p>Motocompresseur avec moteur \u00e0 combustion HONDA 630 (S\u00e9rie GX), refroidi par air forc\u00e9, mont\u00e9 sur un double lit en Duraluminium \u00e0 haute r\u00e9sistance pour absorber les vibrations, sur un r\u00e9servoir de 500 Lts\/ 14 Bar, obtenant ainsi l&rsquo;effet minimum des vibrations sur le r\u00e9servoir d&rsquo;air. Il int\u00e8gre un syst\u00e8me d&rsquo;acc\u00e9l\u00e9ration automatique en fonction de la pression du r\u00e9servoir.<\/p>\n<p>&nbsp;<\/p>\n<table border=\"0\" frame=\"VOID\" rules=\"NONE\" cellspacing=\"0\">\n<colgroup>\n<col width=\"86\">\n<col width=\"86\">\n<col width=\"86\">\n<col width=\"86\">\n<col width=\"86\">\n<col width=\"86\">\n<col width=\"86\">\n<col width=\"86\">\n<col width=\"86\"><\/colgroup>\n<tbody>\n<tr>\n<td align=\"CENTER\" bgcolor=\"#CA1E16\" width=\"86\" height=\"32\"><span style=\"color: #ffffff; font-family: Futura Std Condensed;\">Code<\/span><\/td>\n<td align=\"CENTER\" bgcolor=\"#CA1E16\" width=\"86\"><span style=\"color: #ffffff; font-family: Futura Std Condensed;\">Mod\u00e8le<br \/>\n<\/span><\/td>\n<td align=\"CENTER\" bgcolor=\"#CA1E16\" width=\"86\"><i><span style=\"color: #ffffff; font-family: Futura Std Condensed;\">Litres<\/span><\/i><\/td>\n<td align=\"CENTER\" bgcolor=\"#CA1E16\" width=\"86\"><i><span style=\"color: #ffffff; font-family: Futura Std Condensed;\">Air aspir\u00e9<\/span><\/i><\/td>\n<td align=\"CENTER\" bgcolor=\"#CA1E16\" width=\"86\"><i><span style=\"color: #ffffff; font-family: Futura Std Condensed;\">Puissance (HP)<\/span><\/i><\/td>\n<td align=\"CENTER\" bgcolor=\"#CA1E16\" width=\"86\"><i><span style=\"color: #ffffff; font-family: Futura Std Condensed;\">P.max.<br \/>\n(Bar)<\/span><\/i><\/td>\n<td align=\"CENTER\" bgcolor=\"#CA1E16\" width=\"86\"><span style=\"color: #ffffff; font-family: Futura Std Condensed;\">Poids (Kg)<\/span><\/td>\n<td align=\"CENTER\" bgcolor=\"#CA1E16\" width=\"86\"><i><span style=\"color: #ffffff; font-family: Futura Std Condensed;\">Longueur\/largeur\/hauteur (mm)<\/span><\/i><\/td>\n<td align=\"CENTER\" bgcolor=\"#CA1E16\" width=\"86\"><span style=\"color: #ffffff; font-family: Futura Std Condensed;\">D\u00e9but<\/span><\/td>\n<\/tr>\n<tr>\n<td align=\"CENTER\" bgcolor=\"#DCE2EB\" height=\"32\"><b><span style=\"color: #ca1e16; font-family: Futura Std Condensed;\">1.101.620<\/span><\/b><\/td>\n<td align=\"CENTER\"><b><span style=\"color: #ca1e16; font-family: Futura Std Condensed;\">EOLO<br \/>\n200 500L<\/span><\/b><\/td>\n<td align=\"CENTER\"><span style=\"color: #000000; font-family: Futura Std Condensed;\">500<\/span><\/td>\n<td align=\"CENTER\"><span style=\"color: #000000; font-family: Futura Std Condensed;\">1.850<\/span><\/td>\n<td align=\"CENTER\"><span style=\"color: #000000; font-family: Futura Std Condensed;\">18<\/span><\/td>\n<td align=\"CENTER\"><span style=\"color: #000000; font-family: Futura Std Condensed;\">14<\/span><\/td>\n<td align=\"CENTER\"><span style=\"color: #000000; font-family: Futura Std Condensed;\">315<\/span><\/td>\n<td align=\"CENTER\"><span style=\"color: #000000; font-family: Futura Std Condensed;\">1 950 x 600 x 1 900<\/span><\/td>\n<td align=\"CENTER\"><span style=\"color: #ca1e16; font-family: Futura Std Condensed;\">\u00c9lectricit\u00e9<\/span><\/td>\n<\/tr>\n<\/tbody>\n<\/table>\n","protected":false},"excerpt":{"rendered":"<p><img loading=\"lazy\" decoding=\"async\" class=\"alignleft wp-image-4370 size-full\" src=\"https:\/\/www.aircompressormpc.com\/wp-content\/uploads\/2022\/07\/eolo-200.jpg\" alt=\"aeolus 200\" width=\"600\" height=\"308\"><img loading=\"lazy\" decoding=\"async\" class=\"wp-image-3008 alignleft\" src=\"https:\/\/www.aircompressormpc.com\/wp-content\/uploads\/2022\/03\/logotipos_eolo_200-iconos-eolo-200.png\" alt=\"eolo 200 ic\u00f4nes\" width=\"387\" height=\"93\">   <img loading=\"lazy\" decoding=\"async\" class=\"size-full wp-image-2876 alignleft\" src=\"https:\/\/www.aircompressormpc.com\/wp-content\/uploads\/2021\/11\/HONDA.png\" alt=\"\" width=\"120\" height=\"43\" srcset=\"https:\/\/www.aircompressormpc.com\/wp-content\/uploads\/2021\/11\/HONDA.png 358w, https:\/\/www.aircompressormpc.com\/wp-content\/uploads\/2021\/11\/HONDA-300x107.png 300w\" sizes=\"auto, (max-width: 120px) 100vw, 120px\" \/><\/p>\n","protected":false},"featured_media":4369,"template":"","meta":[],"product_brand":[],"product_cat":[679,828,680],"product_tag":[863,685,724,829,687,686,864],"class_list":{"0":"post-7731","1":"product","2":"type-product","3":"status-publish","4":"has-post-thumbnail","6":"product_cat-motocompresseurs","7":"product_cat-serie-eolo","8":"product_cat-unites-mobiles","9":"product_tag-1300-l-min-fr","10":"product_tag-14-bar-fr","11":"product_tag-500-litres-fr","12":"product_tag-eolienne","13":"product_tag-equipement-des-vehicules-fr","14":"product_tag-essence-fr","15":"product_tag-moteur-honda","17":"first","18":"instock","19":"shipping-taxable","20":"purchasable","21":"product-type-simple"},"aioseo_notices":[],"_links":{"self":[{"href":"https:\/\/www.aircompressormpc.com\/fr\/wp-json\/wp\/v2\/product\/7731","targetHints":{"allow":["GET"]}}],"collection":[{"href":"https:\/\/www.aircompressormpc.com\/fr\/wp-json\/wp\/v2\/product"}],"about":[{"href":"https:\/\/www.aircompressormpc.com\/fr\/wp-json\/wp\/v2\/types\/product"}],"wp:featuredmedia":[{"embeddable":true,"href":"https:\/\/www.aircompressormpc.com\/fr\/wp-json\/wp\/v2\/media\/4369"}],"wp:attachment":[{"href":"https:\/\/www.aircompressormpc.com\/fr\/wp-json\/wp\/v2\/media?parent=7731"}],"wp:term":[{"taxonomy":"product_brand","embeddable":true,"href":"https:\/\/www.aircompressormpc.com\/fr\/wp-json\/wp\/v2\/product_brand?post=7731"},{"taxonomy":"product_cat","embeddable":true,"href":"https:\/\/www.aircompressormpc.com\/fr\/wp-json\/wp\/v2\/product_cat?post=7731"},{"taxonomy":"product_tag","embeddable":true,"href":"https:\/\/www.aircompressormpc.com\/fr\/wp-json\/wp\/v2\/product_tag?post=7731"}],"curies":[{"name":"wp","href":"https:\/\/api.w.org\/{rel}","templated":true}]}}