{"id":7716,"date":"2022-03-24T14:44:32","date_gmt":"2022-03-24T14:44:32","guid":{"rendered":"https:\/\/www.aircompressormpc.com\/producto\/eolo-200-motocompresseur-50-l\/"},"modified":"2025-03-24T11:52:36","modified_gmt":"2025-03-24T11:52:36","slug":"moto-compresseur-eolo-200-d","status":"publish","type":"product","link":"https:\/\/www.aircompressormpc.com\/fr\/producto\/moto-compresseur-eolo-200-d\/","title":{"rendered":"MOTEUR COMPRESSEUR EOLO 204 (50 L)"},"content":{"rendered":"<h1 style=\"text-align: left;\"><span style=\"color: #ff0000;\"><strong>Compresseur \u00e0 moteur diesel. S\u00e9rie EOLO.<\/strong><\/span><\/h1>\n<h2>Motocompresseur 50Lts pour v\u00e9hicule d&rsquo;assistance avec une aspiration de 1.800 lts\/min. et une pression maximale de 14 Bar.<\/h2>\n<p style=\"text-align: left;\"><span style=\"color: #000000;\"><strong>Les motocompresseurs EOLO offrent des performances \u00e9lev\u00e9es pour \u00e9quiper les v\u00e9hicules utilitaires ou commerciaux dont l&rsquo;espace et le poids sont limit\u00e9s, mais qui n\u00e9cessitent des d\u00e9bits d&rsquo;air \u00e9lev\u00e9s.<\/strong><\/span><\/p>\n<p style=\"text-align: left;\"><strong>Moteur Honda GX630 + M 700 :<\/strong><\/p>\n<p>Comprend un syst\u00e8me d&rsquo;acc\u00e9l\u00e9ration automatique en fonction de la pression du r\u00e9servoir, un \u00e9quipement de filtrage et de lubrification 1\/2&Prime;, une sortie d&rsquo;air direct 1\/2 \u00ab\u00a0F, une sortie d&rsquo;air filtr\u00e9 1\/2 \u00ab\u00a0F, une sortie d&rsquo;air lubrifi\u00e9 1\/2 \u00ab\u00a0H.<\/p>\n<table border=\"0\" frame=\"VOID\" rules=\"NONE\" cellspacing=\"0\">\n<colgroup>\n<col width=\"86\" \/>\n<col width=\"86\" \/>\n<col width=\"86\" \/>\n<col width=\"86\" \/>\n<col width=\"86\" \/>\n<col width=\"86\" \/>\n<col width=\"86\" \/>\n<col width=\"86\" \/><\/colgroup>\n<tbody>\n<tr>\n<td align=\"CENTER\" bgcolor=\"#CD1619\" width=\"86\" height=\"17\"><strong><span style=\"color: #ffffff; font-family: Helvetica;\">Code<\/span><\/strong><\/td>\n<td align=\"CENTER\" bgcolor=\"#CD1619\" width=\"86\"><strong><span style=\"color: #ffffff; font-family: Helvetica;\">Nom<\/span><\/strong><\/td>\n<td align=\"CENTER\" bgcolor=\"#CD1619\" width=\"86\"><strong><span style=\"color: #ffffff; font-family: Helvetica;\">Litres<\/span><\/strong><\/td>\n<td align=\"CENTER\" bgcolor=\"#CD1619\" width=\"86\"><strong><span style=\"color: #ffffff; font-family: Helvetica;\">Air aspir\u00e9<\/span><\/strong><\/td>\n<td align=\"CENTER\" bgcolor=\"#CD1619\" width=\"86\"><strong><span style=\"color: #ffffff; font-family: Helvetica;\">Puissance<\/span><\/strong><\/td>\n<td align=\"CENTER\" bgcolor=\"#CD1619\" width=\"86\"><strong><span style=\"color: #ffffff; font-family: Helvetica;\">P. Max<\/span><\/strong><\/td>\n<td align=\"CENTER\" bgcolor=\"#CD1619\" width=\"86\"><strong><span style=\"color: #ffffff; font-family: Helvetica;\">D\u00e9but<\/span><\/strong><\/td>\n<\/tr>\n<tr>\n<td align=\"CENTER\" bgcolor=\"#DCE2EB\" height=\"17\"><b><span style=\"color: #cd1619; font-family: Futura Std Condensed;\">1.101.220<\/span><\/b><\/td>\n<td align=\"CENTER\"><span style=\"color: #cd1619; font-family: Futura Std Condensed;\">EOLO 204<\/span><\/td>\n<td align=\"CENTER\"><span style=\"color: #000000; font-family: Futura Std Condensed;\">50<\/span><\/td>\n<td align=\"CENTER\"><span style=\"color: #000000; font-family: Futura Std Condensed;\">1.800<\/span><\/td>\n<td align=\"CENTER\"><span style=\"color: #000000; font-family: Futura Std Condensed;\">19 HP<\/span><\/td>\n<td align=\"CENTER\"><span style=\"color: #000000; font-family: Futura Std Condensed;\">14<\/span><\/td>\n<td align=\"CENTER\"><span style=\"color: #000000; font-family: Futura Std Condensed;\">\u00c9lectricit\u00e9<\/span><\/td>\n<\/tr>\n<\/tbody>\n<\/table>\n","protected":false},"excerpt":{"rendered":"<p><img loading=\"lazy\" decoding=\"async\" class=\"alignleft wp-image-16672 size-full\" src=\"https:\/\/www.aircompressormpc.com\/wp-content\/uploads\/2022\/03\/iconos-1.101.220.jpg\" alt=\"\" width=\"606\" height=\"292\" srcset=\"https:\/\/www.aircompressormpc.com\/wp-content\/uploads\/2022\/03\/iconos-1.101.220.jpg 606w, https:\/\/www.aircompressormpc.com\/wp-content\/uploads\/2022\/03\/iconos-1.101.220-300x145.jpg 300w, https:\/\/www.aircompressormpc.com\/wp-content\/uploads\/2022\/03\/iconos-1.101.220-600x289.jpg 600w, https:\/\/www.aircompressormpc.com\/wp-content\/uploads\/2022\/03\/iconos-1.101.220-64x31.jpg 64w\" sizes=\"auto, (max-width: 606px) 100vw, 606px\" \/><img loading=\"lazy\" decoding=\"async\" class=\"alignnone wp-image-3008 \" src=\"https:\/\/www.aircompressormpc.com\/wp-content\/uploads\/2022\/03\/logotipos_eolo_200-iconos-eolo-200.png\" alt=\"eolo 200 ic\u00f4nes\" width=\"387\" height=\"93\" \/> <img loading=\"lazy\" decoding=\"async\" class=\" size-full wp-image-2876\" src=\"https:\/\/www.aircompressormpc.com\/wp-content\/uploads\/2021\/11\/HONDA.png\" alt=\"\" width=\"120\" height=\"43\" srcset=\"https:\/\/www.aircompressormpc.com\/wp-content\/uploads\/2021\/11\/HONDA.png 358w, https:\/\/www.aircompressormpc.com\/wp-content\/uploads\/2021\/11\/HONDA-300x107.png 300w\" sizes=\"auto, (max-width: 120px) 100vw, 120px\" \/><\/p>\n","protected":false},"featured_media":4083,"template":"","meta":[],"product_brand":[],"product_cat":[679,828,1219,680],"product_tag":[1368,685,1351,683,687,686,864],"class_list":{"0":"post-7716","1":"product","2":"type-product","3":"status-publish","4":"has-post-thumbnail","6":"product_cat-motocompresseurs","7":"product_cat-serie-eolo","8":"product_cat-serie-eolo-gasolina-fr","9":"product_cat-unites-mobiles","10":"product_tag-1-800-fr","11":"product_tag-14-bar-fr","12":"product_tag-19-ch","13":"product_tag-50-litres-fr","14":"product_tag-equipement-des-vehicules-fr","15":"product_tag-essence-fr","16":"product_tag-moteur-honda","18":"first","19":"instock","20":"shipping-taxable","21":"purchasable","22":"product-type-simple"},"aioseo_notices":[],"_links":{"self":[{"href":"https:\/\/www.aircompressormpc.com\/fr\/wp-json\/wp\/v2\/product\/7716","targetHints":{"allow":["GET"]}}],"collection":[{"href":"https:\/\/www.aircompressormpc.com\/fr\/wp-json\/wp\/v2\/product"}],"about":[{"href":"https:\/\/www.aircompressormpc.com\/fr\/wp-json\/wp\/v2\/types\/product"}],"wp:featuredmedia":[{"embeddable":true,"href":"https:\/\/www.aircompressormpc.com\/fr\/wp-json\/wp\/v2\/media\/4083"}],"wp:attachment":[{"href":"https:\/\/www.aircompressormpc.com\/fr\/wp-json\/wp\/v2\/media?parent=7716"}],"wp:term":[{"taxonomy":"product_brand","embeddable":true,"href":"https:\/\/www.aircompressormpc.com\/fr\/wp-json\/wp\/v2\/product_brand?post=7716"},{"taxonomy":"product_cat","embeddable":true,"href":"https:\/\/www.aircompressormpc.com\/fr\/wp-json\/wp\/v2\/product_cat?post=7716"},{"taxonomy":"product_tag","embeddable":true,"href":"https:\/\/www.aircompressormpc.com\/fr\/wp-json\/wp\/v2\/product_tag?post=7716"}],"curies":[{"name":"wp","href":"https:\/\/api.w.org\/{rel}","templated":true}]}}