{"id":7709,"date":"2022-07-26T12:44:27","date_gmt":"2022-07-26T12:44:27","guid":{"rendered":"https:\/\/www.aircompressormpc.com\/producto\/eolo-130-motocompresseur-270-500-l\/"},"modified":"2024-05-27T08:16:59","modified_gmt":"2024-05-27T08:16:59","slug":"motocompresseur-eolo-130","status":"publish","type":"product","link":"https:\/\/www.aircompressormpc.com\/fr\/producto\/motocompresseur-eolo-130\/","title":{"rendered":"MOTEUR COMPRESSEUR EOLO 130 (270 L)"},"content":{"rendered":"<h2><span lang=\"en-us\" style=\"color: #ff0000;\" xml:lang=\"en-us\">Mod\u00e8le EOLO. Compresseur avec moteur \u00e0 essence.<\/span><\/h2>\n<h4><span style=\"color: #000000;\">Moteur GX390 + M700<\/span><\/h4>\n<p>Motocompresseur avec moteur \u00e0 combustion HONDA (S\u00e9rie GX), mont\u00e9 sur un double lit en Duraluminium \u00e0 haute r\u00e9sistance pour absorber les vibrations, sur un r\u00e9servoir de 270-500 Lts\/ 13 Bar, obtenant ainsi l&rsquo;effet minimum des vibrations sur le r\u00e9servoir d&rsquo;air.<\/p>\n<p>Il est dot\u00e9 d&rsquo;un syst\u00e8me d&rsquo;acc\u00e9l\u00e9ration automatique en fonction de la pression du r\u00e9servoir, d&rsquo;une sortie de gaz de 3\/4&Prime; pour la canalisation du gaz, il est livr\u00e9 avec des kits pieds\/bouchons en caoutchouc pour l&rsquo;installation de l&rsquo;\u00e9quipement.<\/p>\n<table border=\"0\" frame=\"VOID\" rules=\"NONE\" cellspacing=\"0\">\n<colgroup>\n<col width=\"86\">\n<col width=\"86\">\n<col width=\"86\">\n<col width=\"86\">\n<col width=\"86\">\n<col width=\"86\">\n<col width=\"86\">\n<col width=\"86\">\n<col width=\"86\"><\/colgroup>\n<tbody>\n<tr>\n<td align=\"CENTER\" bgcolor=\"#D80000\" width=\"86\" height=\"33\"><b><span style=\"color: #ffffff; font-family: Futura Std Condensed;\">Code<\/span><\/b><\/td>\n<td align=\"CENTER\" bgcolor=\"#D80000\" width=\"86\"><b><span style=\"color: #ffffff; font-family: Futura Std Condensed;\">Mod\u00e8le<br \/>\n<\/span><\/b><\/td>\n<td align=\"CENTER\" bgcolor=\"#D80000\" width=\"86\"><b><i><span style=\"color: #ffffff; font-family: Futura Std Condensed;\">Litres<\/span><\/i><\/b><\/td>\n<td align=\"CENTER\" bgcolor=\"#D80000\" width=\"86\"><b><i><span style=\"color: #ffffff; font-family: Futura Std Condensed;\">Air aspir\u00e9<br \/>\n(l\/min)<\/span><\/i><\/b><\/td>\n<td align=\"CENTER\" bgcolor=\"#D80000\" width=\"86\"><b><i><span style=\"color: #ffffff; font-family: Futura Std Condensed;\">Puissance (HP)<\/span><\/i><\/b><\/td>\n<td align=\"CENTER\" bgcolor=\"#D80000\" width=\"86\"><b><i><span style=\"color: #ffffff; font-family: Futura Std Condensed;\">P.max.<br \/>\n(Bar)<\/span><\/i><\/b><\/td>\n<td align=\"CENTER\" bgcolor=\"#D80000\" width=\"86\"><b><span style=\"color: #ffffff; font-family: Futura Std Condensed;\">Poids<br \/>\n(Kg)<\/span><\/b><\/td>\n<td align=\"CENTER\" bgcolor=\"#D80000\" width=\"86\"><b><i><span style=\"color: #ffffff; font-family: Futura Std Condensed;\">Longueur\/largeur\/hauteur (cm)<\/span><\/i><\/b><\/td>\n<td align=\"CENTER\" bgcolor=\"#D80000\" width=\"86\"><b><span style=\"color: #ffffff; font-family: Futura Std Condensed;\">D\u00e9but<\/span><\/b><\/td>\n<\/tr>\n<tr>\n<td align=\"CENTER\" bgcolor=\"#D5E9F0\" height=\"32\"><b><span style=\"color: #d80000; font-family: Futura Std Condensed;\">1.101.514<\/span><\/b><\/td>\n<td align=\"CENTER\"><b><span style=\"color: #d80000; font-family: Futura Std Condensed;\">EOLO<br \/>\n130-270\/M<\/span><\/b><\/td>\n<td align=\"CENTER\"><span style=\"color: #000000; font-family: Futura Std Condensed;\">270<\/span><\/td>\n<td align=\"CENTER\"><span style=\"color: #000000; font-family: Futura Std Condensed;\">1.250<\/span><\/td>\n<td align=\"CENTER\"><span style=\"color: #000000; font-family: Futura Std Condensed;\">13<\/span><\/td>\n<td align=\"CENTER\"><span style=\"color: #000000; font-family: Futura Std Condensed;\">14<\/span><\/td>\n<td align=\"CENTER\"><span style=\"color: #000000; font-family: Futura Std Condensed;\">230<\/span><\/td>\n<td align=\"CENTER\"><span style=\"color: #000000; font-family: Futura Std Condensed;\">156x57x122<\/span><\/td>\n<td align=\"CENTER\"><span style=\"color: #d80000; font-family: Futura Std Condensed;\">Manuel<\/span><\/td>\n<\/tr>\n<\/tbody>\n<\/table>\n","protected":false},"excerpt":{"rendered":"<p><img loading=\"lazy\" decoding=\"async\" class=\"alignleft wp-image-12709 size-full\" src=\"https:\/\/www.aircompressormpc.com\/wp-content\/uploads\/2022\/07\/eolo-130.jpg\" alt=\"\" width=\"510\" height=\"248\" srcset=\"https:\/\/www.aircompressormpc.com\/wp-content\/uploads\/2022\/07\/eolo-130.jpg 510w, https:\/\/www.aircompressormpc.com\/wp-content\/uploads\/2022\/07\/eolo-130-300x146.jpg 300w, https:\/\/www.aircompressormpc.com\/wp-content\/uploads\/2022\/07\/eolo-130-64x31.jpg 64w\" sizes=\"auto, (max-width: 510px) 100vw, 510px\" \/><img loading=\"lazy\" decoding=\"async\" class=\"size-full wp-image-1186 alignnone\" src=\"https:\/\/www.aircompressormpc.com\/wp-content\/uploads\/2016\/12\/EASY_START.png\" alt=\"\" width=\"120\" height=\"86\" srcset=\"https:\/\/www.aircompressormpc.com\/wp-content\/uploads\/2016\/12\/EASY_START.png 318w, https:\/\/www.aircompressormpc.com\/wp-content\/uploads\/2016\/12\/EASY_START-300x214.png 300w\" sizes=\"auto, (max-width: 120px) 100vw, 120px\" \/> <img loading=\"lazy\" decoding=\"async\" class=\"alignnone wp-image-3008 size-medium\" src=\"https:\/\/www.aircompressormpc.com\/wp-content\/uploads\/2022\/03\/logotipos_eolo_200-iconos-eolo-200-e1713430286571-300x117.png\" alt=\"TCS VRS\" width=\"300\" height=\"117\" srcset=\"https:\/\/www.aircompressormpc.com\/wp-content\/uploads\/2022\/03\/logotipos_eolo_200-iconos-eolo-200-e1713430286571-300x117.png 300w, https:\/\/www.aircompressormpc.com\/wp-content\/uploads\/2022\/03\/logotipos_eolo_200-iconos-eolo-200-e1713430286571-64x25.png 64w, https:\/\/www.aircompressormpc.com\/wp-content\/uploads\/2022\/03\/logotipos_eolo_200-iconos-eolo-200-e1713430286571.png 343w\" sizes=\"auto, (max-width: 300px) 100vw, 300px\" \/>   <img loading=\"lazy\" decoding=\"async\" class=\"size-full wp-image-1189 alignnone\" src=\"https:\/\/www.aircompressormpc.com\/wp-content\/uploads\/2016\/12\/HONDA.png\" alt=\"\" width=\"120\" height=\"43\" srcset=\"https:\/\/www.aircompressormpc.com\/wp-content\/uploads\/2016\/12\/HONDA.png 358w, https:\/\/www.aircompressormpc.com\/wp-content\/uploads\/2016\/12\/HONDA-300x107.png 300w\" sizes=\"auto, (max-width: 120px) 100vw, 120px\" \/><\/p>\n","protected":false},"featured_media":7491,"template":"","meta":[],"product_brand":[],"product_cat":[679,828,1219,680],"product_tag":[685,723,688,829,687,686,864],"class_list":{"0":"post-7709","1":"product","2":"type-product","3":"status-publish","4":"has-post-thumbnail","6":"product_cat-motocompresseurs","7":"product_cat-serie-eolo","8":"product_cat-serie-eolo-gasolina-fr","9":"product_cat-unites-mobiles","10":"product_tag-14-bar-fr","11":"product_tag-270-litres-fr","12":"product_tag-900-l-min-fr","13":"product_tag-eolienne","14":"product_tag-equipement-des-vehicules-fr","15":"product_tag-essence-fr","16":"product_tag-moteur-honda","18":"first","19":"instock","20":"shipping-taxable","21":"purchasable","22":"product-type-simple"},"aioseo_notices":[],"_links":{"self":[{"href":"https:\/\/www.aircompressormpc.com\/fr\/wp-json\/wp\/v2\/product\/7709","targetHints":{"allow":["GET"]}}],"collection":[{"href":"https:\/\/www.aircompressormpc.com\/fr\/wp-json\/wp\/v2\/product"}],"about":[{"href":"https:\/\/www.aircompressormpc.com\/fr\/wp-json\/wp\/v2\/types\/product"}],"wp:featuredmedia":[{"embeddable":true,"href":"https:\/\/www.aircompressormpc.com\/fr\/wp-json\/wp\/v2\/media\/7491"}],"wp:attachment":[{"href":"https:\/\/www.aircompressormpc.com\/fr\/wp-json\/wp\/v2\/media?parent=7709"}],"wp:term":[{"taxonomy":"product_brand","embeddable":true,"href":"https:\/\/www.aircompressormpc.com\/fr\/wp-json\/wp\/v2\/product_brand?post=7709"},{"taxonomy":"product_cat","embeddable":true,"href":"https:\/\/www.aircompressormpc.com\/fr\/wp-json\/wp\/v2\/product_cat?post=7709"},{"taxonomy":"product_tag","embeddable":true,"href":"https:\/\/www.aircompressormpc.com\/fr\/wp-json\/wp\/v2\/product_tag?post=7709"}],"curies":[{"name":"wp","href":"https:\/\/api.w.org\/{rel}","templated":true}]}}