{"id":7704,"date":"2015-09-15T09:13:37","date_gmt":"2015-09-15T09:13:37","guid":{"rendered":"https:\/\/www.aircompressormpc.com\/producto\/motocompresseur-eolo-90-m-50l\/"},"modified":"2025-03-06T11:16:00","modified_gmt":"2025-03-06T11:16:00","slug":"moto-compresseur-eolo-90","status":"publish","type":"product","link":"https:\/\/www.aircompressormpc.com\/fr\/producto\/moto-compresseur-eolo-90\/","title":{"rendered":"EOLO MOTOR COMPRESSOR 90M ( 50L)"},"content":{"rendered":"<h1><span lang=\"en-us\" style=\"color: #ff0000;\" xml:lang=\"en-us\">Mod\u00e8le EOLO. Compresseur avec moteur \u00e0 essence.<\/span><\/h1>\n<h2><strong>Motocompresseur 50Lts pour v\u00e9hicule d&rsquo;assistance avec aspiration de 900 lts\/min. et pression maximale de 14 Bar. <\/strong><\/h2>\n<h4>Motor HONDA GX270 + M600<\/h4>\n<p>Les motocompresseurs EOLO offrent d&rsquo;excellentes performances pour \u00e9quiper les v\u00e9hicules utilitaires ou commerciaux dont l&rsquo;ESPACE et le POIDS sont limit\u00e9s, mais qui n\u00e9cessitent des d\u00e9bits d&rsquo;air \u00e9lev\u00e9s.<\/p>\n<p>Son moteur Honda GX de haute qualit\u00e9 assure une faible consommation de carburant et d&rsquo;huile ainsi que des niveaux de BRUIT ET DE VIBRATION R\u00c9DUITS.<\/p>\n<p>Son design compact et tr\u00e8s calcul\u00e9 fait de la gamme EOLO le FORMAT LE PLUS L\u00c9GER ET LE PLUS PETIT du march\u00e9.<\/p>\n<table border=\"0\" frame=\"VOID\" rules=\"NONE\" cellspacing=\"0\">\n<colgroup>\n<col width=\"86\" \/>\n<col width=\"86\" \/>\n<col width=\"86\" \/>\n<col width=\"86\" \/>\n<col width=\"86\" \/>\n<col width=\"86\" \/>\n<col width=\"86\" \/>\n<col width=\"86\" \/><\/colgroup>\n<tbody>\n<tr>\n<td align=\"CENTER\" bgcolor=\"#CD1619\" width=\"86\" height=\"17\"><span style=\"color: #ffffff; font-family: Helvetica;\">Code<\/span><\/td>\n<td align=\"CENTER\" bgcolor=\"#CD1619\" width=\"86\"><span style=\"color: #ffffff; font-family: Helvetica;\">Nom<\/span><\/td>\n<td align=\"CENTER\" bgcolor=\"#CD1619\" width=\"86\"><span style=\"color: #ffffff; font-family: Helvetica;\">Litres<\/span><\/td>\n<td align=\"CENTER\" bgcolor=\"#CD1619\" width=\"86\"><span style=\"color: #ffffff; font-family: Helvetica;\">Air aspir\u00e9<\/span><\/td>\n<td align=\"CENTER\" bgcolor=\"#CD1619\" width=\"86\"><span style=\"color: #ffffff; font-family: Helvetica;\">Puissance<\/span><\/td>\n<td align=\"CENTER\" bgcolor=\"#CD1619\" width=\"86\"><span style=\"color: #ffffff; font-family: Helvetica;\">P. Max<\/span><\/td>\n<td align=\"CENTER\" bgcolor=\"#CD1619\" width=\"86\"><span style=\"color: #ffffff; font-family: Helvetica;\">D\u00e9but<\/span><\/td>\n<\/tr>\n<tr>\n<td align=\"CENTER\" bgcolor=\"#DCE2EB\" height=\"17\"><b><span style=\"color: #cd1619; font-family: Futura Std Condensed;\">1.101.212<\/span><\/b><\/td>\n<td align=\"CENTER\"><span style=\"color: #cd1619; font-family: Futura Std Condensed;\">EOLO 90<\/span><\/td>\n<td align=\"CENTER\"><span style=\"color: #000000; font-family: Futura Std Condensed;\">50<\/span><\/td>\n<td align=\"CENTER\"><span style=\"color: #000000; font-family: Futura Std Condensed;\">900<\/span><\/td>\n<td align=\"CENTER\"><span style=\"color: #000000; font-family: Futura Std Condensed;\">9 HP<\/span><\/td>\n<td align=\"CENTER\"><span style=\"color: #000000; font-family: Futura Std Condensed;\">14<\/span><\/td>\n<td align=\"CENTER\"><span style=\"color: #000000; font-family: Futura Std Condensed;\">Manuel<\/span><\/td>\n<\/tr>\n<\/tbody>\n<\/table>\n<p>&nbsp;<\/p>\n","protected":false},"excerpt":{"rendered":"<p><img loading=\"lazy\" decoding=\"async\" class=\"alignleft wp-image-16362 size-full\" src=\"https:\/\/www.aircompressormpc.com\/wp-content\/uploads\/2015\/09\/1.101.212.jpg\" alt=\"\" width=\"605\" height=\"291\" srcset=\"https:\/\/www.aircompressormpc.com\/wp-content\/uploads\/2015\/09\/1.101.212.jpg 605w, https:\/\/www.aircompressormpc.com\/wp-content\/uploads\/2015\/09\/1.101.212-300x144.jpg 300w, https:\/\/www.aircompressormpc.com\/wp-content\/uploads\/2015\/09\/1.101.212-600x289.jpg 600w, https:\/\/www.aircompressormpc.com\/wp-content\/uploads\/2015\/09\/1.101.212-64x31.jpg 64w\" sizes=\"auto, (max-width: 605px) 100vw, 605px\" \/><img loading=\"lazy\" decoding=\"async\" class=\"size-full wp-image-1186 alignleft\" src=\"https:\/\/www.aircompressormpc.com\/wp-content\/uploads\/2016\/12\/EASY_START.png\" alt=\"\" width=\"120\" height=\"86\" srcset=\"https:\/\/www.aircompressormpc.com\/wp-content\/uploads\/2016\/12\/EASY_START.png 318w, https:\/\/www.aircompressormpc.com\/wp-content\/uploads\/2016\/12\/EASY_START-300x214.png 300w\" sizes=\"auto, (max-width: 120px) 100vw, 120px\" \/> <img loading=\"lazy\" decoding=\"async\" class=\"size-medium wp-image-3008 alignleft\" src=\"https:\/\/www.aircompressormpc.com\/wp-content\/uploads\/2022\/03\/logotipos_eolo_200-iconos-eolo-200-300x58.png\" alt=\"TCS VRS\" width=\"300\" height=\"58\" \/><\/p>\n","protected":false},"featured_media":7355,"template":"","meta":[],"product_brand":[],"product_cat":[679,828,1219,680],"product_tag":[685,683,688,1230,687,686,864],"class_list":{"0":"post-7704","1":"product","2":"type-product","3":"status-publish","4":"has-post-thumbnail","6":"product_cat-motocompresseurs","7":"product_cat-serie-eolo","8":"product_cat-serie-eolo-gasolina-fr","9":"product_cat-unites-mobiles","10":"product_tag-14-bar-fr","11":"product_tag-50-litres-fr","12":"product_tag-900-l-min-fr","13":"product_tag-aeolus-90-fr","14":"product_tag-equipement-des-vehicules-fr","15":"product_tag-essence-fr","16":"product_tag-moteur-honda","18":"first","19":"instock","20":"shipping-taxable","21":"purchasable","22":"product-type-simple"},"aioseo_notices":[],"_links":{"self":[{"href":"https:\/\/www.aircompressormpc.com\/fr\/wp-json\/wp\/v2\/product\/7704","targetHints":{"allow":["GET"]}}],"collection":[{"href":"https:\/\/www.aircompressormpc.com\/fr\/wp-json\/wp\/v2\/product"}],"about":[{"href":"https:\/\/www.aircompressormpc.com\/fr\/wp-json\/wp\/v2\/types\/product"}],"wp:featuredmedia":[{"embeddable":true,"href":"https:\/\/www.aircompressormpc.com\/fr\/wp-json\/wp\/v2\/media\/7355"}],"wp:attachment":[{"href":"https:\/\/www.aircompressormpc.com\/fr\/wp-json\/wp\/v2\/media?parent=7704"}],"wp:term":[{"taxonomy":"product_brand","embeddable":true,"href":"https:\/\/www.aircompressormpc.com\/fr\/wp-json\/wp\/v2\/product_brand?post=7704"},{"taxonomy":"product_cat","embeddable":true,"href":"https:\/\/www.aircompressormpc.com\/fr\/wp-json\/wp\/v2\/product_cat?post=7704"},{"taxonomy":"product_tag","embeddable":true,"href":"https:\/\/www.aircompressormpc.com\/fr\/wp-json\/wp\/v2\/product_tag?post=7704"}],"curies":[{"name":"wp","href":"https:\/\/api.w.org\/{rel}","templated":true}]}}