{"id":7527,"date":"2021-04-07T10:33:03","date_gmt":"2021-04-07T10:33:03","guid":{"rendered":"https:\/\/www.aircompressormpc.com\/producto\/clinique-250-compresseur-silencieux\/"},"modified":"2025-02-06T11:07:42","modified_gmt":"2025-02-06T11:07:42","slug":"clinique-250-compresseur-silencieux-50lts","status":"publish","type":"product","link":"https:\/\/www.aircompressormpc.com\/fr\/producto\/clinique-250-compresseur-silencieux-50lts\/","title":{"rendered":"CLINIQUE 250 COMPRESSEUR SILENCIEUX (50 L)"},"content":{"rendered":"<h1><span style=\"color: #ff0000;\"><strong>Compresseur silencieux CLINIC 250 avec r\u00e9servoir de 50 litres.<\/strong><\/span><\/h1>\n<h2><strong>Ce compresseur d&rsquo;air silencieux et sans huile est un bon choix pour les v\u00e9t\u00e9rinaires, les ateliers, les laboratoires, les dentistes, les cliniques, les r\u00e9parations \u00e0 domicile et d&rsquo;autres applications.<\/strong><\/h2>\n<p><strong>Le compresseur ultra-silencieux sans huile, sp\u00e9cialement con\u00e7u pour \u00e9mettre un faible niveau de d\u00e9cibels, offre un faible niveau sonore de 58 dB pour une configuration de travail silencieuse et est donc id\u00e9al pour les applications n\u00e9cessitant de l&rsquo;air sans huile.<\/strong><\/p>\n<p><span style=\"color: #000000;\">La pompe \u00e0 huile ne n\u00e9cessite aucun entretien quotidien et \u00e9limine le risque de taches d&rsquo;huile sur les surfaces de travail.<\/span><\/p>\n<p><span style=\"color: #000000;\">T\u00eate avec moteur \u00e0 double piston \u00e0 faible vitesse. Haute performance et haute fiabilit\u00e9. Bo\u00eetier en plastique robuste qui prot\u00e8ge compl\u00e8tement la t\u00eate. Gr\u00e2ce \u00e0 ses roues coulissantes, le compresseur est facile \u00e0 transporter.<\/span><\/p>\n<p><span style=\"color: #000000;\">&#8211; Mat\u00e9riau structurel : Aluminium<\/span><br \/>\n<span style=\"color: #000000;\">&#8211; Moteur coaxial de 1 400 tr\/min.<\/span><\/p>\n<table border=\"0\" frame=\"VOID\" rules=\"NONE\" cellspacing=\"0\">\n<colgroup>\n<col width=\"138\" \/>\n<col width=\"138\" \/>\n<col width=\"138\" \/>\n<col width=\"138\" \/>\n<col width=\"138\" \/>\n<col width=\"138\" \/>\n<col width=\"138\" \/>\n<col width=\"227\" \/><\/colgroup>\n<tbody>\n<tr>\n<td align=\"CENTER\" bgcolor=\"#CD1619\" width=\"138\" height=\"17\"><b><span style=\"color: #ffffff;\">Code<\/span><\/b><\/td>\n<td align=\"CENTER\" bgcolor=\"#CD1619\" width=\"138\"><b><span style=\"color: #ffffff;\">Nom<\/span><\/b><\/td>\n<td align=\"CENTER\" bgcolor=\"#CD1619\" width=\"138\"><b><span style=\"color: #ffffff;\">Tension<\/span><\/b><\/td>\n<td align=\"CENTER\" bgcolor=\"#CD1619\" width=\"138\"><b><span style=\"color: #ffffff;\">Air aspir\u00e9<\/span><\/b><\/td>\n<td align=\"CENTER\" bgcolor=\"#CD1619\" width=\"138\"><b><span style=\"color: #ffffff;\">Puissance<\/span><\/b><\/td>\n<td align=\"CENTER\" bgcolor=\"#CD1619\" width=\"138\"><b><span style=\"color: #ffffff;\">Poids<\/span><\/b><\/td>\n<td align=\"CENTER\" bgcolor=\"#CD1619\" width=\"138\"><b><span style=\"color: #ffffff;\">P.max<\/span><\/b><\/td>\n<td align=\"CENTER\" bgcolor=\"#CD1619\" width=\"227\"><b><span style=\"color: #ffffff;\">Longueur-largeur-hauteur (cm)<\/span><\/b><\/td>\n<\/tr>\n<tr>\n<td align=\"CENTER\" bgcolor=\"#DCE2EB\" height=\"17\"><b><span style=\"color: #cd1619;\">1.100.106<\/span><\/b><\/td>\n<td align=\"CENTER\"><span style=\"color: #cd1619;\">CLINIQUE 250<\/span><\/td>\n<td align=\"CENTER\"><span style=\"color: #000000;\">230\/50\/II<\/span><\/td>\n<td align=\"CENTER\"><span style=\"color: #000000;\">235 l\/min<\/span><\/td>\n<td align=\"CENTER\"><span style=\"color: #000000;\">2HP\/1,5Kw<\/span><\/td>\n<td align=\"CENTER\"><span style=\"color: #000000;\">33 Kg<\/span><\/td>\n<td align=\"CENTER\"><span style=\"color: #000000;\">8<\/span><\/td>\n<td align=\"CENTER\"><span style=\"color: #000000;\">71x41x71<\/span><\/td>\n<\/tr>\n<\/tbody>\n<\/table>\n<div><\/div>\n<p>&nbsp;<\/p>\n<p><img loading=\"lazy\" decoding=\"async\" class=\"wp-image-9456 size-large\" src=\"https:\/\/www.aircompressormpc.com\/wp-content\/uploads\/2022\/07\/compresores-mpc-para-veterinarios-dentistas-clinicas-talleres--1024x1024.jpg\" alt=\"ompressors-mpc-for-veterinarians-dentists-clinics-shops\" width=\"1024\" height=\"1024\" srcset=\"https:\/\/www.aircompressormpc.com\/wp-content\/uploads\/2022\/07\/compresores-mpc-para-veterinarios-dentistas-clinicas-talleres--1024x1024.jpg 1024w, https:\/\/www.aircompressormpc.com\/wp-content\/uploads\/2022\/07\/compresores-mpc-para-veterinarios-dentistas-clinicas-talleres--300x300.jpg 300w, https:\/\/www.aircompressormpc.com\/wp-content\/uploads\/2022\/07\/compresores-mpc-para-veterinarios-dentistas-clinicas-talleres--150x150.jpg 150w, https:\/\/www.aircompressormpc.com\/wp-content\/uploads\/2022\/07\/compresores-mpc-para-veterinarios-dentistas-clinicas-talleres--768x768.jpg 768w, https:\/\/www.aircompressormpc.com\/wp-content\/uploads\/2022\/07\/compresores-mpc-para-veterinarios-dentistas-clinicas-talleres--1536x1536.jpg 1536w, https:\/\/www.aircompressormpc.com\/wp-content\/uploads\/2022\/07\/compresores-mpc-para-veterinarios-dentistas-clinicas-talleres--600x600.jpg 600w, https:\/\/www.aircompressormpc.com\/wp-content\/uploads\/2022\/07\/compresores-mpc-para-veterinarios-dentistas-clinicas-talleres--100x100.jpg 100w, https:\/\/www.aircompressormpc.com\/wp-content\/uploads\/2022\/07\/compresores-mpc-para-veterinarios-dentistas-clinicas-talleres--64x64.jpg 64w, https:\/\/www.aircompressormpc.com\/wp-content\/uploads\/2022\/07\/compresores-mpc-para-veterinarios-dentistas-clinicas-talleres-.jpg 1772w\" sizes=\"auto, (max-width: 1024px) 100vw, 1024px\" \/><\/p>\n","protected":false},"excerpt":{"rendered":"<p><img loading=\"lazy\" decoding=\"async\" class=\"alignleft wp-image-13115 size-full\" src=\"https:\/\/www.aircompressormpc.com\/wp-content\/uploads\/2021\/04\/ICONO-1.100.106.jpg\" alt=\"\" width=\"760\" height=\"308\" srcset=\"https:\/\/www.aircompressormpc.com\/wp-content\/uploads\/2021\/04\/ICONO-1.100.106.jpg 760w, https:\/\/www.aircompressormpc.com\/wp-content\/uploads\/2021\/04\/ICONO-1.100.106-300x122.jpg 300w, https:\/\/www.aircompressormpc.com\/wp-content\/uploads\/2021\/04\/ICONO-1.100.106-600x243.jpg 600w, https:\/\/www.aircompressormpc.com\/wp-content\/uploads\/2021\/04\/ICONO-1.100.106-64x26.jpg 64w\" sizes=\"auto, (max-width: 760px) 100vw, 760px\" \/><\/p>\n","protected":false},"featured_media":15795,"template":"","meta":[],"product_brand":[],"product_cat":[970,865,704,703],"product_tag":[683,868,682,867,866],"class_list":{"0":"post-7527","1":"product","2":"type-product","3":"status-publish","4":"has-post-thumbnail","6":"product_cat-compresseur-coaxial","7":"product_cat-compresseur-silencieux","8":"product_cat-compresseurs-a-piston","9":"product_cat-electrocompresseurs","10":"product_tag-50-litres-fr","11":"product_tag-coaxial-fr","12":"product_tag-compresseur-fr","13":"product_tag-sans-huile","14":"product_tag-silencieux","16":"first","17":"instock","18":"shipping-taxable","19":"purchasable","20":"product-type-simple"},"aioseo_notices":[],"_links":{"self":[{"href":"https:\/\/www.aircompressormpc.com\/fr\/wp-json\/wp\/v2\/product\/7527","targetHints":{"allow":["GET"]}}],"collection":[{"href":"https:\/\/www.aircompressormpc.com\/fr\/wp-json\/wp\/v2\/product"}],"about":[{"href":"https:\/\/www.aircompressormpc.com\/fr\/wp-json\/wp\/v2\/types\/product"}],"wp:featuredmedia":[{"embeddable":true,"href":"https:\/\/www.aircompressormpc.com\/fr\/wp-json\/wp\/v2\/media\/15795"}],"wp:attachment":[{"href":"https:\/\/www.aircompressormpc.com\/fr\/wp-json\/wp\/v2\/media?parent=7527"}],"wp:term":[{"taxonomy":"product_brand","embeddable":true,"href":"https:\/\/www.aircompressormpc.com\/fr\/wp-json\/wp\/v2\/product_brand?post=7527"},{"taxonomy":"product_cat","embeddable":true,"href":"https:\/\/www.aircompressormpc.com\/fr\/wp-json\/wp\/v2\/product_cat?post=7527"},{"taxonomy":"product_tag","embeddable":true,"href":"https:\/\/www.aircompressormpc.com\/fr\/wp-json\/wp\/v2\/product_tag?post=7527"}],"curies":[{"name":"wp","href":"https:\/\/api.w.org\/{rel}","templated":true}]}}