{"id":7526,"date":"2022-04-04T11:36:30","date_gmt":"2022-04-04T11:36:30","guid":{"rendered":"https:\/\/www.aircompressormpc.com\/producto\/clinique-silent-compressor-109-9-l\/"},"modified":"2025-01-16T08:50:10","modified_gmt":"2025-01-16T08:50:10","slug":"clinic-109-silent-compressor-9-lts","status":"publish","type":"product","link":"https:\/\/www.aircompressormpc.com\/fr\/producto\/clinic-109-silent-compressor-9-lts\/","title":{"rendered":"CLINIQUE SILENT COMPRESSOR 109 (9 L)"},"content":{"rendered":"<h1><span style=\"color: #ff0000;\"><strong>Compresseur silencieux CLINIC 109 avec r\u00e9servoir de 9 litres.<\/strong><\/span><\/h1>\n<h2><strong>Compresseur pour le bricolage ou la maison, super silencieux.<\/strong><\/h2>\n<p><span style=\"color: #ff0000;\"><br \/>\n<strong>Compresseur sans huile ultra-silencieux<\/strong><br \/>\n<\/span>Le compresseur ultra-silencieux sans huile<strong>,<\/strong> sp\u00e9cialement con\u00e7u pour \u00e9mettre un faible niveau de d\u00e9cibels, offre un faible niveau sonore de 58 dB pour une configuration de travail silencieuse et est donc id\u00e9al pour les applications n\u00e9cessitant de l&rsquo;air sans huile.<\/p>\n<p>La pompe \u00e0 huile ne n\u00e9cessite aucun entretien quotidien et \u00e9limine le risque de taches d&rsquo;huile sur les surfaces de travail.<\/p>\n<p>T\u00eate avec moteur \u00e0 double piston \u00e0 faible vitesse. Haute performance et haute fiabilit\u00e9.<\/p>\n<p>&nbsp;<\/p>\n<table border=\"0\" frame=\"VOID\" rules=\"NONE\" cellspacing=\"0\">\n<colgroup>\n<col width=\"138\" \/>\n<col width=\"138\" \/>\n<col width=\"138\" \/>\n<col width=\"138\" \/>\n<col width=\"138\" \/>\n<col width=\"138\" \/>\n<col width=\"138\" \/><\/colgroup>\n<tbody>\n<tr>\n<td align=\"CENTER\" bgcolor=\"#CD1619\" width=\"138\" height=\"32\"><b><span style=\"color: #ffffff;\">Code<\/span><\/b><\/td>\n<td align=\"CENTER\" bgcolor=\"#CD1619\" width=\"138\"><b><span style=\"color: #ffffff;\">Nom<\/span><\/b><\/td>\n<td align=\"CENTER\" bgcolor=\"#CD1619\" width=\"138\"><b><span style=\"color: #ffffff;\">Tension<\/span><\/b><\/td>\n<td align=\"CENTER\" bgcolor=\"#CD1619\" width=\"138\"><b><span style=\"color: #ffffff;\">Puissance<\/span><\/b><\/td>\n<td align=\"CENTER\" bgcolor=\"#CD1619\" width=\"138\"><b><span style=\"color: #ffffff;\">Poids<\/span><\/b><\/td>\n<td align=\"CENTER\" bgcolor=\"#CD1619\" width=\"138\"><b><span style=\"color: #ffffff;\">P.max<\/span><\/b><\/td>\n<\/tr>\n<tr>\n<td align=\"CENTER\" bgcolor=\"#DCE2EB\" height=\"17\"><b><span style=\"color: #cd1619;\">1.100.103<\/span><\/b><\/td>\n<td align=\"CENTER\"><span style=\"color: #cd1619;\">CLINIQUE 109<\/span><\/td>\n<td align=\"CENTER\"><span style=\"color: #000000;\">230\/50\/II<\/span><\/td>\n<td align=\"CENTER\"><span style=\"color: #000000;\">0,75 HP<\/span><\/td>\n<td align=\"CENTER\"><span style=\"color: #000000;\">14 Kg<\/span><\/td>\n<td align=\"CENTER\"><span style=\"color: #000000;\">8<\/span><\/td>\n<\/tr>\n<\/tbody>\n<\/table>\n<div><\/div>\n<p>&nbsp;<\/p>\n<p>&nbsp;<\/p>\n<p>&nbsp;<\/p>\n","protected":false},"excerpt":{"rendered":"<p><img loading=\"lazy\" decoding=\"async\" class=\"alignleft wp-image-14473 size-full\" src=\"https:\/\/www.aircompressormpc.com\/wp-content\/uploads\/2022\/04\/ICONOS-CLINIC-109.jpg\" alt=\"\" width=\"640\" height=\"302\" srcset=\"https:\/\/www.aircompressormpc.com\/wp-content\/uploads\/2022\/04\/ICONOS-CLINIC-109.jpg 640w, https:\/\/www.aircompressormpc.com\/wp-content\/uploads\/2022\/04\/ICONOS-CLINIC-109-300x142.jpg 300w, https:\/\/www.aircompressormpc.com\/wp-content\/uploads\/2022\/04\/ICONOS-CLINIC-109-600x283.jpg 600w, https:\/\/www.aircompressormpc.com\/wp-content\/uploads\/2022\/04\/ICONOS-CLINIC-109-64x30.jpg 64w\" sizes=\"auto, (max-width: 640px) 100vw, 640px\" \/><\/p>\n","protected":false},"featured_media":15675,"template":"","meta":[],"product_brand":[],"product_cat":[865,704,703],"product_tag":[872,868,682,871,870,867,866],"class_list":{"0":"post-7526","1":"product","2":"type-product","3":"status-publish","4":"has-post-thumbnail","6":"product_cat-compresseur-silencieux","7":"product_cat-compresseurs-a-piston","8":"product_cat-electrocompresseurs","9":"product_tag-9-litres","10":"product_tag-coaxial-fr","11":"product_tag-compresseur-fr","12":"product_tag-compresseurs-a-huile","13":"product_tag-compresseurs-silencieux","14":"product_tag-sans-huile","15":"product_tag-silencieux","17":"first","18":"instock","19":"shipping-taxable","20":"purchasable","21":"product-type-simple"},"aioseo_notices":[],"_links":{"self":[{"href":"https:\/\/www.aircompressormpc.com\/fr\/wp-json\/wp\/v2\/product\/7526","targetHints":{"allow":["GET"]}}],"collection":[{"href":"https:\/\/www.aircompressormpc.com\/fr\/wp-json\/wp\/v2\/product"}],"about":[{"href":"https:\/\/www.aircompressormpc.com\/fr\/wp-json\/wp\/v2\/types\/product"}],"wp:featuredmedia":[{"embeddable":true,"href":"https:\/\/www.aircompressormpc.com\/fr\/wp-json\/wp\/v2\/media\/15675"}],"wp:attachment":[{"href":"https:\/\/www.aircompressormpc.com\/fr\/wp-json\/wp\/v2\/media?parent=7526"}],"wp:term":[{"taxonomy":"product_brand","embeddable":true,"href":"https:\/\/www.aircompressormpc.com\/fr\/wp-json\/wp\/v2\/product_brand?post=7526"},{"taxonomy":"product_cat","embeddable":true,"href":"https:\/\/www.aircompressormpc.com\/fr\/wp-json\/wp\/v2\/product_cat?post=7526"},{"taxonomy":"product_tag","embeddable":true,"href":"https:\/\/www.aircompressormpc.com\/fr\/wp-json\/wp\/v2\/product_tag?post=7526"}],"curies":[{"name":"wp","href":"https:\/\/api.w.org\/{rel}","templated":true}]}}