{"id":7521,"date":"2022-10-13T10:24:15","date_gmt":"2022-10-13T10:24:15","guid":{"rendered":"https:\/\/www.aircompressormpc.com\/producto\/moteur-compresseur-thunder-130-mma-270-l\/"},"modified":"2022-10-13T10:24:15","modified_gmt":"2022-10-13T10:24:15","slug":"motocompresor-thunder-130-mma-270-l-2","status":"publish","type":"product","link":"https:\/\/www.aircompressormpc.com\/fr\/producto\/motocompresor-thunder-130-mma-270-l-2\/","title":{"rendered":"MOTEUR COMPRESSEUR THUNDER 130 MMA (270 L)"},"content":{"rendered":"<h2><span style=\"color: #ff0000;\"><strong>La s\u00e9rie THUNDER.<\/strong><\/span><\/h2>\n<h2><span style=\"color: #000000;\"><strong>Compresseur avec g\u00e9n\u00e9rateur.<\/strong><\/span><\/h2>\n<p><strong>Moteur GX390+ M600<\/strong><\/p>\n<p><span style=\"color: #000000;\"><strong>Nos compresseurs de la s\u00e9rie THUNDER sont le compl\u00e9ment parfait de l&rsquo;\u00e9quipement des v\u00e9hicules industriels ou commerciaux qui ont besoin d&rsquo;une autonomie en mati\u00e8re d&rsquo;alimentation en \u00e9lectricit\u00e9 et en eau, mais qui ont des limites d&rsquo;espace et de poids.<\/strong><\/span><\/p>\n<p>Equipement pour unit\u00e9 mobile avec moteur \u00e0 combustion HONDA 390 (S\u00e9rie GX), refroidi par air avec d\u00e9marrage manuel. Mont\u00e9 sur une double base en Duraluminium, r\u00e9servoir 270Lts\/ 14 Bar, ce qui permet d&rsquo;obtenir un effet minimum des vibrations sur le r\u00e9servoir d&rsquo;air. Comprend une sortie d&rsquo;air directe de 1\/2 \u00ab\u00a0H.<\/p>\n<p>Mod\u00e8les 1.101.619, 1.101.819, 1.101.628 et 1.101.828 avec AVR int\u00e9gr\u00e9.<\/p>\n<table border=\"0\" frame=\"VOID\" rules=\"NONE\" cellspacing=\"0\">\n<colgroup>\n<col width=\"86\">\n<col width=\"86\">\n<col width=\"86\">\n<col width=\"86\">\n<col width=\"86\">\n<col width=\"86\">\n<col width=\"86\">\n<col width=\"86\">\n<col width=\"86\">\n<col width=\"86\"><\/colgroup>\n<tbody>\n<tr>\n<td align=\"CENTER\" bgcolor=\"#CA1E16\" width=\"86\" height=\"32\"><b><br \/>\n  <span style=\"color: #ffffff; font-family: Futura Std Condensed;\">C<\/span><br \/>\n<\/b><span style=\"color: #ffffff; font-family: Futura Std Condensed;\">code<\/span><\/td>\n<td align=\"CENTER\" bgcolor=\"#CA1E16\" width=\"86\"><span style=\"color: #ffffff; font-family: Futura Std Condensed;\">Mod\u00e8le<br \/>\n<\/span><\/td>\n<td align=\"CENTER\" bgcolor=\"#CA1E16\" width=\"86\"><i><span style=\"color: #ffffff; font-family: Futura Std Condensed;\">Litres<\/span><\/i><\/td>\n<td align=\"CENTER\" bgcolor=\"#CA1E16\" width=\"86\"><i><span style=\"color: #ffffff; font-family: Futura Std Condensed;\">G\u00e9n\u00e9rateur<\/span><\/i><\/td>\n<td align=\"CENTER\" bgcolor=\"#CA1E16\" width=\"86\"><i><span style=\"color: #ffffff; font-family: Futura Std Condensed;\">Air aspir\u00e9<\/span><\/i><\/td>\n<td align=\"CENTER\" bgcolor=\"#CA1E16\" width=\"86\"><i><span style=\"color: #ffffff; font-family: Futura Std Condensed;\">Tension de sortie<br \/>\n<\/span><\/i><\/td>\n<td align=\"CENTER\" bgcolor=\"#CA1E16\" width=\"86\"><i><span style=\"color: #ffffff; font-family: Futura Std Condensed;\">Puissance (HP)<\/span><\/i><\/td>\n<td align=\"CENTER\" bgcolor=\"#CA1E16\" width=\"86\"><i><span style=\"color: #ffffff; font-family: Futura Std Condensed;\">P.max.<br \/>\n(Bar)<\/span><\/i><\/td>\n<td align=\"CENTER\" bgcolor=\"#CA1E16\" width=\"86\"><i><span style=\"color: #ffffff; font-family: Futura Std Condensed;\">Longueur\/largeur\/hauteur (mm)<\/span><\/i><\/td>\n<td align=\"CENTER\" bgcolor=\"#CA1E16\" width=\"86\"><span style=\"color: #ffffff; font-family: Futura Std Condensed;\">D\u00e9but<\/span><\/td>\n<\/tr>\n<tr>\n<td align=\"CENTER\" bgcolor=\"#DCE2EB\" height=\"30\"><b><span style=\"color: #ca1e16; font-family: Futura Std Condensed;\">1.101.710<\/span><\/b><\/td>\n<td align=\"CENTER\"><b><span style=\"color: #ca1e16; font-family: Futura Std Condensed;\">THUNDER 130 MMA<\/span><\/b><\/td>\n<td align=\"CENTER\"><span style=\"color: #000000; font-family: Futura Std Condensed;\">270<\/span><\/td>\n<td align=\"CENTER\"><span style=\"color: #000000; font-family: Futura Std Condensed;\">180 A-MMA\/3,5 Kva II<\/span><\/td>\n<td align=\"CENTER\"><span style=\"color: #000000; font-family: Futura Std Condensed;\">900<\/span><\/td>\n<td align=\"CENTER\"><span style=\"color: #000000; font-family: Futura Std Condensed;\">230V-50Hz(II)<\/span><\/td>\n<td align=\"CENTER\"><span style=\"color: #000000; font-family: Futura Std Condensed;\">13<\/span><\/td>\n<td align=\"CENTER\"><span style=\"color: #000000; font-family: Futura Std Condensed;\">14<\/span><\/td>\n<td align=\"CENTER\"><span style=\"color: #000000; font-family: Futura Std Condensed;\">1 500 x 650 x 1 350<\/span><\/td>\n<td align=\"CENTER\"><span style=\"color: #ca1e16; font-family: Futura Std Condensed;\">Manuel<\/span><\/td>\n<\/tr>\n<\/tbody>\n<\/table>\n","protected":false},"excerpt":{"rendered":"<p><img loading=\"lazy\" decoding=\"async\" class=\"wp-image-7492 size-full alignleft\" src=\"https:\/\/www.aircompressormpc.com\/wp-content\/uploads\/2022\/07\/1.101.510.jpg\" alt=\"\" width=\"744\" height=\"308\" srcset=\"https:\/\/www.aircompressormpc.com\/wp-content\/uploads\/2022\/07\/1.101.510.jpg 744w, https:\/\/www.aircompressormpc.com\/wp-content\/uploads\/2022\/07\/1.101.510-300x124.jpg 300w, https:\/\/www.aircompressormpc.com\/wp-content\/uploads\/2022\/07\/1.101.510-600x248.jpg 600w, https:\/\/www.aircompressormpc.com\/wp-content\/uploads\/2022\/07\/1.101.510-64x26.jpg 64w\" sizes=\"auto, (max-width: 744px) 100vw, 744px\" \/><\/p>\n<p><img loading=\"lazy\" decoding=\"async\" class=\"size-full wp-image-2834 alignleft\" src=\"https:\/\/www.aircompressormpc.com\/wp-content\/uploads\/2021\/09\/AVR2.png\" alt=\"\" width=\"120\" height=\"58\" srcset=\"https:\/\/www.aircompressormpc.com\/wp-content\/uploads\/2021\/09\/AVR2.png 1706w, https:\/\/www.aircompressormpc.com\/wp-content\/uploads\/2021\/09\/AVR2-300x143.png 300w, https:\/\/www.aircompressormpc.com\/wp-content\/uploads\/2021\/09\/AVR2-1024x487.png 1024w, https:\/\/www.aircompressormpc.com\/wp-content\/uploads\/2021\/09\/AVR2-768x366.png 768w, https:\/\/www.aircompressormpc.com\/wp-content\/uploads\/2021\/09\/AVR2-1536x731.png 1536w, https:\/\/www.aircompressormpc.com\/wp-content\/uploads\/2021\/09\/AVR2-600x286.png 600w\" sizes=\"auto, (max-width: 120px) 100vw, 120px\" \/><img loading=\"lazy\" decoding=\"async\" class=\"size-full wp-image-2837 alignleft\" src=\"https:\/\/www.aircompressormpc.com\/wp-content\/uploads\/2021\/09\/TCS.png\" alt=\"\" width=\"120\" height=\"49\" srcset=\"https:\/\/www.aircompressormpc.com\/wp-content\/uploads\/2021\/09\/TCS.png 308w, https:\/\/www.aircompressormpc.com\/wp-content\/uploads\/2021\/09\/TCS-300x125.png 300w\" sizes=\"auto, (max-width: 120px) 100vw, 120px\" \/><img loading=\"lazy\" decoding=\"async\" class=\"size-full wp-image-2840 alignleft\" src=\"https:\/\/www.aircompressormpc.com\/wp-content\/uploads\/2021\/09\/EASY_START.png\" alt=\"\" width=\"120\" height=\"85\" srcset=\"https:\/\/www.aircompressormpc.com\/wp-content\/uploads\/2021\/09\/EASY_START.png 318w, https:\/\/www.aircompressormpc.com\/wp-content\/uploads\/2021\/09\/EASY_START-300x214.png 300w\" sizes=\"auto, (max-width: 120px) 100vw, 120px\" \/><img loading=\"lazy\" decoding=\"async\" class=\"size-full wp-image-2843 alignleft\" src=\"https:\/\/www.aircompressormpc.com\/wp-content\/uploads\/2021\/09\/VNG.png\" alt=\"\" width=\"120\" height=\"55\" srcset=\"https:\/\/www.aircompressormpc.com\/wp-content\/uploads\/2021\/09\/VNG.png 369w, https:\/\/www.aircompressormpc.com\/wp-content\/uploads\/2021\/09\/VNG-300x139.png 300w\" sizes=\"auto, (max-width: 120px) 100vw, 120px\" \/><\/p>\n<p>&nbsp;<\/p>\n","protected":false},"featured_media":7491,"template":"","meta":[],"product_brand":[],"product_cat":[679,681],"product_tag":[725,723,690,688,682,687,686,689,684,693],"class_list":{"0":"post-7521","1":"product","2":"type-product","3":"status-publish","4":"has-post-thumbnail","6":"product_cat-motocompresseurs","7":"product_cat-serie-thunder","8":"product_tag-12-bars","9":"product_tag-270-litres-fr","10":"product_tag-5-kva-fr","11":"product_tag-900-l-min-fr","12":"product_tag-compresseur-fr","13":"product_tag-equipement-des-vehicules-fr","14":"product_tag-essence-fr","15":"product_tag-generateur-fr","16":"product_tag-honda-fr","17":"product_tag-monophase","19":"first","20":"instock","21":"shipping-taxable","22":"purchasable","23":"product-type-simple"},"aioseo_notices":[],"_links":{"self":[{"href":"https:\/\/www.aircompressormpc.com\/fr\/wp-json\/wp\/v2\/product\/7521","targetHints":{"allow":["GET"]}}],"collection":[{"href":"https:\/\/www.aircompressormpc.com\/fr\/wp-json\/wp\/v2\/product"}],"about":[{"href":"https:\/\/www.aircompressormpc.com\/fr\/wp-json\/wp\/v2\/types\/product"}],"wp:featuredmedia":[{"embeddable":true,"href":"https:\/\/www.aircompressormpc.com\/fr\/wp-json\/wp\/v2\/media\/7491"}],"wp:attachment":[{"href":"https:\/\/www.aircompressormpc.com\/fr\/wp-json\/wp\/v2\/media?parent=7521"}],"wp:term":[{"taxonomy":"product_brand","embeddable":true,"href":"https:\/\/www.aircompressormpc.com\/fr\/wp-json\/wp\/v2\/product_brand?post=7521"},{"taxonomy":"product_cat","embeddable":true,"href":"https:\/\/www.aircompressormpc.com\/fr\/wp-json\/wp\/v2\/product_cat?post=7521"},{"taxonomy":"product_tag","embeddable":true,"href":"https:\/\/www.aircompressormpc.com\/fr\/wp-json\/wp\/v2\/product_tag?post=7521"}],"curies":[{"name":"wp","href":"https:\/\/api.w.org\/{rel}","templated":true}]}}