{"id":6367,"date":"2022-07-25T09:01:49","date_gmt":"2022-07-25T09:01:49","guid":{"rendered":"https:\/\/www.aircompressormpc.com\/producto\/thunder-400-moteur-compresseur-de-voiture-50-l\/"},"modified":"2025-03-10T09:41:50","modified_gmt":"2025-03-10T09:41:50","slug":"moto-compresseur-avec-generateur-pour-400-voiture-chargeur","status":"publish","type":"product","link":"https:\/\/www.aircompressormpc.com\/fr\/producto\/moto-compresseur-avec-generateur-pour-400-voiture-chargeur\/","title":{"rendered":"THUNDER 400 MOTEUR-COMPRESSEUR DE VOITURE (50 L)"},"content":{"rendered":"<h1><span style=\"color: #d0121a;\">La s\u00e9rie THUNDER. <\/span>CHARGEUR DE VOITURE THUNDER 400.<\/h1>\n<p>En particulier, le mod\u00e8le <strong> Thunder 400 CAR-CHARGER <\/strong>est sp\u00e9cialement con\u00e7u pour la <strong>Le compresseur est \u00e9quip\u00e9 d&rsquo;un compresseur de 1 200 litres\/min avec un r\u00e9servoir int\u00e9gr\u00e9 de 50 litres\/14 bars.<\/strong><\/p>\n<p><img loading=\"lazy\" decoding=\"async\" class=\" size-full wp-image-2002\" src=\"https:\/\/www.aircompressormpc.com\/wp-content\/uploads\/2021\/04\/mpc_arranque_de_vehiculos_2.jpg\" alt=\"\" width=\"400\" height=\"208\" srcset=\"https:\/\/www.aircompressormpc.com\/wp-content\/uploads\/2021\/04\/mpc_arranque_de_vehiculos_2.jpg 650w, https:\/\/www.aircompressormpc.com\/wp-content\/uploads\/2021\/04\/mpc_arranque_de_vehiculos_2-300x156.jpg 300w, https:\/\/www.aircompressormpc.com\/wp-content\/uploads\/2021\/04\/mpc_arranque_de_vehiculos_2-600x312.jpg 600w\" sizes=\"auto, (max-width: 400px) 100vw, 400px\" \/><\/p>\n<p>Son <strong>moteur Briggs &amp; Statton V-27\/24 Hp<\/strong> garantit des performances optimales et la durabilit\u00e9 de la machine.<\/p>\n<p>Avec vanne automatique et r\u00e9servoir de 50 litres. int\u00e9gr\u00e9 dans l&rsquo;\u00e9quipe. D\u00e9marreur \u00e9lectrique. RSF inclus<br \/>\n<strong>Un g\u00e9n\u00e9rateur triphas\u00e9 de 11Kva et un g\u00e9n\u00e9rateur monophas\u00e9 de 24Kva.<\/strong><\/p>\n<table border=\"0\" frame=\"VOID\" rules=\"NONE\" cellspacing=\"0\">\n<colgroup>\n<col width=\"86\" \/>\n<col width=\"86\" \/>\n<col width=\"86\" \/>\n<col width=\"86\" \/>\n<col width=\"86\" \/>\n<col width=\"86\" \/>\n<col width=\"86\" \/>\n<col width=\"86\" \/>\n<col width=\"86\" \/>\n<col width=\"86\" \/><\/colgroup>\n<tbody>\n<tr>\n<td align=\"CENTER\" bgcolor=\"#CA1E16\" width=\"86\" height=\"32\"><span style=\"color: #ffffff; font-family: Futura Std Condensed;\">Code<\/span><\/td>\n<td align=\"CENTER\" bgcolor=\"#CA1E16\" width=\"86\"><span style=\"color: #ffffff; font-family: Futura Std Condensed;\">Mod\u00e8le<br \/>\n<\/span><\/td>\n<td align=\"CENTER\" bgcolor=\"#CA1E16\" width=\"86\"><i><span style=\"color: #ffffff; font-family: Futura Std Condensed;\">Litres<\/span><\/i><\/td>\n<td align=\"CENTER\" bgcolor=\"#CA1E16\" width=\"86\"><i><span style=\"color: #ffffff; font-family: Futura Std Condensed;\">G\u00e9n\u00e9rateur<\/span><\/i><\/td>\n<td align=\"CENTER\" bgcolor=\"#CA1E16\" width=\"86\"><i><span style=\"color: #ffffff; font-family: Futura Std Condensed;\">Air aspir\u00e9<\/span><\/i><\/td>\n<td align=\"CENTER\" bgcolor=\"#CA1E16\" width=\"86\"><i><span style=\"color: #ffffff; font-family: Futura Std Condensed;\">Tension de sortie<br \/>\n<\/span><\/i><\/td>\n<td align=\"CENTER\" bgcolor=\"#CA1E16\" width=\"86\"><i><span style=\"color: #ffffff; font-family: Futura Std Condensed;\">Puissance (HP)<\/span><\/i><\/td>\n<td align=\"CENTER\" bgcolor=\"#CA1E16\" width=\"86\"><i><span style=\"color: #ffffff; font-family: Futura Std Condensed;\">P.max.<br \/>\n(Bar)<\/span><\/i><\/td>\n<td align=\"CENTER\" bgcolor=\"#CA1E16\" width=\"86\"><i><span style=\"color: #ffffff; font-family: Futura Std Condensed;\">Longueur\/largeur\/hauteur (cm)<\/span><\/i><\/td>\n<td align=\"CENTER\" bgcolor=\"#CA1E16\" width=\"86\"><span style=\"color: #ffffff; font-family: Futura Std Condensed;\">D\u00e9but<\/span><\/td>\n<\/tr>\n<tr>\n<td align=\"CENTER\" bgcolor=\"#DCE2EB\" height=\"30\"><b><span style=\"color: #ca1e16; font-family: Futura Std Condensed;\">1.171.216<\/span><\/b><\/td>\n<td align=\"CENTER\"><b><span style=\"color: #ca1e16; font-family: Futura Std Condensed;\">THUNDER 400 TRIPHAS\u00c9<\/span><\/b><\/td>\n<td align=\"CENTER\"><span style=\"color: #000000; font-family: Futura Std Condensed;\">50<\/span><\/td>\n<td align=\"CENTER\"><span style=\"color: #000000; font-family: Futura Std Condensed;\"><br \/>\n24Kva III\/ 11 Kva II<\/span><\/td>\n<td align=\"CENTER\"><span style=\"color: #000000; font-family: Futura Std Condensed;\">1.200<\/span><\/td>\n<td align=\"CENTER\"><span style=\"color: #000000; font-family: Futura Std Condensed;\"><br \/>\n400 III \/230 II -50Hz<\/span><\/td>\n<td align=\"CENTER\"><span style=\"color: #000000; font-family: Futura Std Condensed;\">24<\/span><\/td>\n<td align=\"CENTER\"><span style=\"color: #000000; font-family: Futura Std Condensed;\">14<\/span><\/td>\n<td align=\"CENTER\"><span style=\"color: #000000; font-family: Futura Std Condensed;\">124 x 70 x 106<\/span><\/td>\n<td align=\"CENTER\"><span style=\"color: #ca1e16; font-family: Futura Std Condensed;\">\u00c9lectrique<\/span><\/td>\n<\/tr>\n<\/tbody>\n<\/table>\n<div><\/div>\n<p>&nbsp;<\/p>\n","protected":false},"excerpt":{"rendered":"<p><img loading=\"lazy\" decoding=\"async\" class=\"alignleft wp-image-16466 size-full\" src=\"https:\/\/www.aircompressormpc.com\/wp-content\/uploads\/2022\/07\/1.171.216.jpg\" alt=\"\" width=\"719\" height=\"282\" srcset=\"https:\/\/www.aircompressormpc.com\/wp-content\/uploads\/2022\/07\/1.171.216.jpg 719w, https:\/\/www.aircompressormpc.com\/wp-content\/uploads\/2022\/07\/1.171.216-300x118.jpg 300w, https:\/\/www.aircompressormpc.com\/wp-content\/uploads\/2022\/07\/1.171.216-600x235.jpg 600w, https:\/\/www.aircompressormpc.com\/wp-content\/uploads\/2022\/07\/1.171.216-64x25.jpg 64w\" sizes=\"auto, (max-width: 719px) 100vw, 719px\" \/><img loading=\"lazy\" decoding=\"async\" class=\"size-full wp-image-2020 alignleft\" src=\"https:\/\/www.aircompressormpc.com\/wp-content\/uploads\/2021\/04\/AVR2.png\" alt=\"\" width=\"120\" height=\"58\" srcset=\"https:\/\/www.aircompressormpc.com\/wp-content\/uploads\/2021\/04\/AVR2.png 1706w, https:\/\/www.aircompressormpc.com\/wp-content\/uploads\/2021\/04\/AVR2-300x143.png 300w, https:\/\/www.aircompressormpc.com\/wp-content\/uploads\/2021\/04\/AVR2-1024x487.png 1024w, https:\/\/www.aircompressormpc.com\/wp-content\/uploads\/2021\/04\/AVR2-768x366.png 768w, https:\/\/www.aircompressormpc.com\/wp-content\/uploads\/2021\/04\/AVR2-1536x731.png 1536w, https:\/\/www.aircompressormpc.com\/wp-content\/uploads\/2021\/04\/AVR2-600x286.png 600w\" sizes=\"auto, (max-width: 120px) 100vw, 120px\" \/><img loading=\"lazy\" decoding=\"async\" class=\"size-full wp-image-2023 alignleft\" src=\"https:\/\/www.aircompressormpc.com\/wp-content\/uploads\/2021\/04\/TCS.png\" alt=\"\" width=\"120\" height=\"49\" srcset=\"https:\/\/www.aircompressormpc.com\/wp-content\/uploads\/2021\/04\/TCS.png 308w, https:\/\/www.aircompressormpc.com\/wp-content\/uploads\/2021\/04\/TCS-300x125.png 300w\" sizes=\"auto, (max-width: 120px) 100vw, 120px\" \/><img loading=\"lazy\" decoding=\"async\" class=\"size-full wp-image-2029 alignleft\" src=\"https:\/\/www.aircompressormpc.com\/wp-content\/uploads\/2021\/04\/VNG.png\" alt=\"\" width=\"120\" height=\"55\" srcset=\"https:\/\/www.aircompressormpc.com\/wp-content\/uploads\/2021\/04\/VNG.png 369w, https:\/\/www.aircompressormpc.com\/wp-content\/uploads\/2021\/04\/VNG-300x139.png 300w\" sizes=\"auto, (max-width: 120px) 100vw, 120px\" \/><\/p>\n<p>&nbsp;<\/p>\n","protected":false},"featured_media":4358,"template":"","meta":[],"product_brand":[],"product_cat":[679,681,1241,680],"product_tag":[894,685,1252,683,688,682,687,686,689,1210,693,694],"class_list":{"0":"post-6367","1":"product","2":"type-product","3":"status-publish","4":"has-post-thumbnail","6":"product_cat-motocompresseurs","7":"product_cat-serie-thunder","8":"product_cat-serie-thunder-gasolina-fr","9":"product_cat-unites-mobiles","10":"product_tag-1250-l-min-fr","11":"product_tag-14-bar-fr","12":"product_tag-24-kva-fr","13":"product_tag-50-litres-fr","14":"product_tag-900-l-min-fr","15":"product_tag-compresseur-fr","16":"product_tag-equipement-des-vehicules-fr","17":"product_tag-essence-fr","18":"product_tag-generateur-fr","19":"product_tag-kholer-engine-fr","20":"product_tag-monophase","21":"product_tag-tonnerre","23":"first","24":"instock","25":"shipping-taxable","26":"purchasable","27":"product-type-simple"},"aioseo_notices":[],"_links":{"self":[{"href":"https:\/\/www.aircompressormpc.com\/fr\/wp-json\/wp\/v2\/product\/6367","targetHints":{"allow":["GET"]}}],"collection":[{"href":"https:\/\/www.aircompressormpc.com\/fr\/wp-json\/wp\/v2\/product"}],"about":[{"href":"https:\/\/www.aircompressormpc.com\/fr\/wp-json\/wp\/v2\/types\/product"}],"wp:featuredmedia":[{"embeddable":true,"href":"https:\/\/www.aircompressormpc.com\/fr\/wp-json\/wp\/v2\/media\/4358"}],"wp:attachment":[{"href":"https:\/\/www.aircompressormpc.com\/fr\/wp-json\/wp\/v2\/media?parent=6367"}],"wp:term":[{"taxonomy":"product_brand","embeddable":true,"href":"https:\/\/www.aircompressormpc.com\/fr\/wp-json\/wp\/v2\/product_brand?post=6367"},{"taxonomy":"product_cat","embeddable":true,"href":"https:\/\/www.aircompressormpc.com\/fr\/wp-json\/wp\/v2\/product_cat?post=6367"},{"taxonomy":"product_tag","embeddable":true,"href":"https:\/\/www.aircompressormpc.com\/fr\/wp-json\/wp\/v2\/product_tag?post=6367"}],"curies":[{"name":"wp","href":"https:\/\/api.w.org\/{rel}","templated":true}]}}