{"id":6312,"date":"2015-09-11T11:52:51","date_gmt":"2015-09-11T11:52:51","guid":{"rendered":"https:\/\/www.aircompressormpc.com\/producto\/compresseur-bicylindre-snb-2535m\/"},"modified":"2015-09-11T11:52:51","modified_gmt":"2015-09-11T11:52:51","slug":"compresseur-cylindrique-snb-2535m","status":"publish","type":"product","link":"https:\/\/www.aircompressormpc.com\/fr\/producto\/compresseur-cylindrique-snb-2535m\/","title":{"rendered":"COMPRESSEUR BICYLINDRE SNB 2535M"},"content":{"rendered":"<h2><span style=\"color: #ff0000;\"><strong>Compresseur de la s\u00e9rie AUTOLINE.<\/strong><\/span><\/h2>\n<p><span style=\"color: #000000;\"><strong>La t\u00eate de compresseur \u00e0 deux cylindres \u00e0 un \u00e9tage est parfaite pour les travaux de bricolage simples<span class=\"apple-converted-space\"> <\/span>et pour les t\u00e2ches plus exigeantes.  <\/strong><\/span><\/p>\n<p>Ses <strong>petites dimensions<\/strong> et son<strong> poids l\u00e9ger<\/strong> en font un outil tr\u00e8s polyvalent qui peut \u00eatre utilis\u00e9 dans des conditions n\u00e9cessitant une <strong>grande mobilit\u00e9<\/strong>. Il est \u00e9galement \u00e9quip\u00e9 de <strong>roues<\/strong> et d&rsquo;un <strong>support frontal<\/strong> pour faciliter le transport.<\/p>\n<p>Il poss\u00e8de une t\u00eate \u00e0 double piston et comprend un vilebrequin avec support de roulement.<\/p>\n<p>Son moteur \u00e9lectrique haute performance est fabriqu\u00e9 en fonte d&rsquo;aluminium et comprend une protection thermique qui prot\u00e8ge le moteur contre tout incident pouvant survenir pendant le travail.<\/p>\n<table border=\"0\" frame=\"VOID\" rules=\"NONE\" cellspacing=\"0\">\n<colgroup>\n<col width=\"86\">\n<col width=\"86\">\n<col width=\"86\">\n<col width=\"86\">\n<col width=\"86\">\n<col width=\"86\">\n<col width=\"86\"><\/colgroup>\n<tbody>\n<tr>\n<td align=\"CENTER\" bgcolor=\"#CD1619\" width=\"86\" height=\"17\"><b><span style=\"color: #ffffff; font-family: Helvetica LT Std Cond;\">Code<\/span><\/b><\/td>\n<td align=\"CENTER\" bgcolor=\"#CD1619\" width=\"86\"><b><span style=\"color: #ffffff; font-family: Helvetica LT Std Cond;\">Nom<\/span><\/b><\/td>\n<td align=\"CENTER\" bgcolor=\"#CD1619\" width=\"86\"><b><span style=\"color: #ffffff; font-family: Helvetica LT Std Cond;\">Groupe<\/span><\/b><\/td>\n<td align=\"CENTER\" bgcolor=\"#CD1619\" width=\"86\"><b><span style=\"color: #ffffff; font-family: Helvetica LT Std Cond;\">Air aspir\u00e9<\/span><\/b><\/td>\n<td align=\"CENTER\" bgcolor=\"#CD1619\" width=\"86\"><b><span style=\"color: #ffffff; font-family: Helvetica LT Std Cond;\">Puissance<\/span><\/b><\/td>\n<td align=\"CENTER\" bgcolor=\"#CD1619\" width=\"86\"><b><span style=\"color: #ffffff; font-family: Helvetica LT Std Cond;\">Poids<\/span><\/b><\/td>\n<td align=\"CENTER\" bgcolor=\"#CD1619\" width=\"86\"><b><span style=\"color: #ffffff; font-family: Helvetica LT Std Cond;\">Niveau de bruit<\/span><\/b><\/td>\n<\/tr>\n<tr>\n<td align=\"CENTER\" bgcolor=\"#DCE2EB\" height=\"17\"><b><span style=\"color: #cd1619; font-family: Futura Std Condensed;\">1.100.010<\/span><\/b><\/td>\n<td align=\"CENTER\"><span style=\"color: #cd1619; font-family: Futura Std Condensed;\">SNB-2535M<\/span><\/td>\n<td align=\"CENTER\"><span style=\"color: #cd1619; font-family: Futura Std Condensed;\">M-280<\/span><\/td>\n<td align=\"CENTER\"><span style=\"color: #000000; font-family: Futura Std Condensed;\">360 l\/min<\/span><\/td>\n<td align=\"CENTER\"><span style=\"color: #000000; font-family: Futura Std Condensed;\">3HP\/2,2Kw<\/span><\/td>\n<td align=\"CENTER\"><span style=\"color: #000000; font-family: Futura Std Condensed;\">41 Kg<\/span><\/td>\n<td align=\"CENTER\"><span style=\"color: #000000; font-family: Futura Std Condensed;\">79dB<\/span><\/td>\n<\/tr>\n<\/tbody>\n<\/table>\n","protected":false},"excerpt":{"rendered":"<p><img loading=\"lazy\" decoding=\"async\" class=\"alignnone wp-image-6112 size-full\" src=\"https:\/\/www.aircompressormpc.com\/wp-content\/uploads\/2015\/09\/icono2.jpg\" alt=\"snb 25\" width=\"600\" height=\"138\" srcset=\"https:\/\/www.aircompressormpc.com\/wp-content\/uploads\/2015\/09\/icono2.jpg 600w, https:\/\/www.aircompressormpc.com\/wp-content\/uploads\/2015\/09\/icono2-300x69.jpg 300w, https:\/\/www.aircompressormpc.com\/wp-content\/uploads\/2015\/09\/icono2-64x15.jpg 64w\" sizes=\"auto, (max-width: 600px) 100vw, 600px\" \/><\/p>\n","protected":false},"featured_media":4016,"template":"","meta":[],"product_brand":[],"product_cat":[730,704,703],"product_tag":[764,763,774,682,791,792,693],"class_list":{"0":"post-6312","1":"product","2":"type-product","3":"status-publish","4":"has-post-thumbnail","6":"product_cat-compresseur-a-courroie","7":"product_cat-compresseurs-a-piston","8":"product_cat-electrocompresseurs","9":"product_tag-25-litres-fr","10":"product_tag-2hp-fr","11":"product_tag-bicylindre","12":"product_tag-compresseur-fr","13":"product_tag-electrique-fr","14":"product_tag-entrainement-par-courroie","15":"product_tag-monophase","17":"first","18":"instock","19":"shipping-taxable","20":"purchasable","21":"product-type-simple"},"aioseo_notices":[],"_links":{"self":[{"href":"https:\/\/www.aircompressormpc.com\/fr\/wp-json\/wp\/v2\/product\/6312","targetHints":{"allow":["GET"]}}],"collection":[{"href":"https:\/\/www.aircompressormpc.com\/fr\/wp-json\/wp\/v2\/product"}],"about":[{"href":"https:\/\/www.aircompressormpc.com\/fr\/wp-json\/wp\/v2\/types\/product"}],"wp:featuredmedia":[{"embeddable":true,"href":"https:\/\/www.aircompressormpc.com\/fr\/wp-json\/wp\/v2\/media\/4016"}],"wp:attachment":[{"href":"https:\/\/www.aircompressormpc.com\/fr\/wp-json\/wp\/v2\/media?parent=6312"}],"wp:term":[{"taxonomy":"product_brand","embeddable":true,"href":"https:\/\/www.aircompressormpc.com\/fr\/wp-json\/wp\/v2\/product_brand?post=6312"},{"taxonomy":"product_cat","embeddable":true,"href":"https:\/\/www.aircompressormpc.com\/fr\/wp-json\/wp\/v2\/product_cat?post=6312"},{"taxonomy":"product_tag","embeddable":true,"href":"https:\/\/www.aircompressormpc.com\/fr\/wp-json\/wp\/v2\/product_tag?post=6312"}],"curies":[{"name":"wp","href":"https:\/\/api.w.org\/{rel}","templated":true}]}}