{"id":6304,"date":"2015-09-21T10:20:03","date_gmt":"2015-09-21T10:20:03","guid":{"rendered":"https:\/\/www.aircompressormpc.com\/producto\/compresseur-bicylindre-snb-20035m-300-l\/"},"modified":"2024-04-15T07:12:23","modified_gmt":"2024-04-15T07:12:23","slug":"compresseur-cylindrique-snb20035m","status":"publish","type":"product","link":"https:\/\/www.aircompressormpc.com\/fr\/producto\/compresseur-cylindrique-snb20035m\/","title":{"rendered":"COMPRESSEUR BICYLINDRE SNB 20034 M (200 L)"},"content":{"rendered":"<h1><span style=\"color: #ff0000;\"><strong>Compresseur de la s\u00e9rie SNB.<\/strong><\/span><\/h1>\n<p>T\u00eate de compresseur mono-\u00e9tag\u00e9e \u00e0 deux cylindres en fonte, entra\u00een\u00e9e par un moteur en aluminium.<\/p>\n<p>Transportable gr\u00e2ce aux roues arri\u00e8re et \u00e0 la roulette pivotante avant.<\/p>\n<p>Plaque de soupape robuste.<\/p>\n<p>Ses dimensions et son poids en font un outil tr\u00e8s polyvalent pour les conditions mobiles.<\/p>\n<table border=\"0\" frame=\"VOID\" rules=\"NONE\" cellspacing=\"0\">\n<colgroup>\n<col width=\"138\">\n<col width=\"138\">\n<col width=\"138\">\n<col width=\"138\">\n<col width=\"138\">\n<col width=\"138\">\n<col width=\"138\">\n<col width=\"138\"><\/colgroup>\n<tbody>\n<tr>\n<td align=\"CENTER\" bgcolor=\"#CD1619\" width=\"138\" height=\"17\"><span style=\"color: #ffffff;\">Code<\/span><\/td>\n<td align=\"CENTER\" bgcolor=\"#CD1619\" width=\"138\"><span style=\"color: #ffffff;\">Nom<\/span><\/td>\n<td align=\"CENTER\" bgcolor=\"#CD1619\" width=\"138\"><span style=\"color: #ffffff;\">Groupe<\/span><\/td>\n<td align=\"CENTER\" bgcolor=\"#CD1619\" width=\"138\"><span style=\"color: #ffffff;\">Puissance<\/span><\/td>\n<td align=\"CENTER\" bgcolor=\"#CD1619\" width=\"138\"><span style=\"color: #ffffff;\">Tension<\/span><\/td>\n<td align=\"CENTER\" bgcolor=\"#CD1619\" width=\"138\"><span style=\"color: #ffffff;\">Poids<\/span><\/td>\n<td align=\"CENTER\" bgcolor=\"#CD1619\" width=\"138\"><span style=\"color: #ffffff;\">Niveau de bruit<\/span><\/td>\n<\/tr>\n<tr>\n<td align=\"CENTER\" bgcolor=\"#DCE2EB\" height=\"17\"><b><span style=\"color: #cd1619;\">1.100.022<\/span><\/b><\/td>\n<td align=\"CENTER\"><span style=\"color: #cd1619;\">SNB-20034 M<\/span><\/td>\n<td align=\"CENTER\"><span style=\"color: #cd1619;\">200 l<\/span><\/td>\n<td align=\"CENTER\"><span style=\"color: #000000;\">3HP\/2,2Kw<\/span><\/td>\n<td align=\"CENTER\"><span style=\"color: #000000;\">230\/II\/50<\/span><\/td>\n<td align=\"CENTER\"><span style=\"color: #000000;\">100 Kg<\/span><\/td>\n<td align=\"CENTER\"><span style=\"color: #000000;\">91 dB<\/span><\/td>\n<\/tr>\n<\/tbody>\n<\/table>\n<p>&nbsp;<\/p>\n","protected":false},"excerpt":{"rendered":"<p><img loading=\"lazy\" decoding=\"async\" class=\"alignleft wp-image-12608 size-full\" src=\"https:\/\/www.aircompressormpc.com\/wp-content\/uploads\/2015\/09\/1.100.022.jpg\" alt=\"\" width=\"760\" height=\"308\" srcset=\"https:\/\/www.aircompressormpc.com\/wp-content\/uploads\/2015\/09\/1.100.022.jpg 760w, https:\/\/www.aircompressormpc.com\/wp-content\/uploads\/2015\/09\/1.100.022-300x122.jpg 300w, https:\/\/www.aircompressormpc.com\/wp-content\/uploads\/2015\/09\/1.100.022-600x243.jpg 600w, https:\/\/www.aircompressormpc.com\/wp-content\/uploads\/2015\/09\/1.100.022-64x26.jpg 64w\" sizes=\"auto, (max-width: 760px) 100vw, 760px\" \/><\/p>\n","protected":false},"featured_media":12528,"template":"","meta":[],"product_brand":[],"product_cat":[1149,730,704,703],"product_tag":[707,788,783,774,693],"class_list":{"0":"post-6304","1":"product","2":"type-product","3":"status-publish","4":"has-post-thumbnail","6":"product_cat-compresseur-a-courroie-fr","7":"product_cat-compresseur-a-courroie","8":"product_cat-compresseurs-a-piston","9":"product_cat-electrocompresseurs","10":"product_tag-10-bar-fr","11":"product_tag-200-litres-fr","12":"product_tag-3-hp-fr","13":"product_tag-bicylindre","14":"product_tag-monophase","16":"first","17":"instock","18":"shipping-taxable","19":"purchasable","20":"product-type-simple"},"aioseo_notices":[],"_links":{"self":[{"href":"https:\/\/www.aircompressormpc.com\/fr\/wp-json\/wp\/v2\/product\/6304","targetHints":{"allow":["GET"]}}],"collection":[{"href":"https:\/\/www.aircompressormpc.com\/fr\/wp-json\/wp\/v2\/product"}],"about":[{"href":"https:\/\/www.aircompressormpc.com\/fr\/wp-json\/wp\/v2\/types\/product"}],"wp:featuredmedia":[{"embeddable":true,"href":"https:\/\/www.aircompressormpc.com\/fr\/wp-json\/wp\/v2\/media\/12528"}],"wp:attachment":[{"href":"https:\/\/www.aircompressormpc.com\/fr\/wp-json\/wp\/v2\/media?parent=6304"}],"wp:term":[{"taxonomy":"product_brand","embeddable":true,"href":"https:\/\/www.aircompressormpc.com\/fr\/wp-json\/wp\/v2\/product_brand?post=6304"},{"taxonomy":"product_cat","embeddable":true,"href":"https:\/\/www.aircompressormpc.com\/fr\/wp-json\/wp\/v2\/product_cat?post=6304"},{"taxonomy":"product_tag","embeddable":true,"href":"https:\/\/www.aircompressormpc.com\/fr\/wp-json\/wp\/v2\/product_tag?post=6304"}],"curies":[{"name":"wp","href":"https:\/\/api.w.org\/{rel}","templated":true}]}}