{"id":6302,"date":"2015-09-21T10:36:47","date_gmt":"2015-09-21T10:36:47","guid":{"rendered":"https:\/\/www.aircompressormpc.com\/producto\/compresseur-bicylindre-snb-20035t-200-l\/"},"modified":"2024-04-15T07:13:09","modified_gmt":"2024-04-15T07:13:09","slug":"compresseur-cylindrique-snb20035t","status":"publish","type":"product","link":"https:\/\/www.aircompressormpc.com\/fr\/producto\/compresseur-cylindrique-snb20035t\/","title":{"rendered":"COMPRESSEUR BICYLINDRE SNB 20034 T (200 L)"},"content":{"rendered":"<h1><span style=\"color: #ff0000;\"><strong>Compresseur de la s\u00e9rie SNB. Triphas\u00e9<\/strong><\/span><\/h1>\n<p><span style=\"color: #000000;\"><strong>T\u00eate de compresseur bi-cylindrique \u00e0 un \u00e9tage, parfaite pour les travaux exigeants.  <\/strong><\/span><\/p>\n<p>\u2192 Il dispose de roues int\u00e9gr\u00e9es et d&rsquo;un support frontal pour faciliter le transport.<br \/>\n\u2192 Monophas\u00e9.<br \/>\n\u2192 Moteur \u00e9lectrique haute performance.<br \/>\n\u2192 Plaque de vanne avec plaques en acier inoxydable.<\/p>\n<table border=\"0\" frame=\"VOID\" rules=\"NONE\" cellspacing=\"0\">\n<colgroup>\n<col width=\"138\">\n<col width=\"138\">\n<col width=\"138\">\n<col width=\"138\">\n<col width=\"138\">\n<col width=\"138\">\n<col width=\"138\">\n<col width=\"138\"><\/colgroup>\n<tbody>\n<tr>\n<td style=\"width: 89.0417px;\" align=\"CENTER\" bgcolor=\"#CD1619\" height=\"17\"><span style=\"color: #ffffff;\">Code<\/span><\/td>\n<td style=\"width: 83.8958px;\" align=\"CENTER\" bgcolor=\"#CD1619\"><span style=\"color: #ffffff;\">Nom<\/span><\/td>\n<td style=\"width: 73.6042px;\" align=\"CENTER\" bgcolor=\"#CD1619\"><span style=\"color: #ffffff;\">Groupe<\/span><\/td>\n<td style=\"width: 94.75px;\" align=\"CENTER\" bgcolor=\"#CD1619\"><span style=\"color: #ffffff;\">Puissance<\/span><\/td>\n<td style=\"width: 92.7083px;\" align=\"CENTER\" bgcolor=\"#CD1619\"><span style=\"color: #ffffff;\">Tension<\/span><\/td>\n<td style=\"width: 66.4375px;\" align=\"CENTER\" bgcolor=\"#CD1619\"><span style=\"color: #ffffff;\">Poids<\/span><\/td>\n<td style=\"width: 85.6875px;\" align=\"CENTER\" bgcolor=\"#CD1619\"><span style=\"color: #ffffff;\">Niveau de bruit<\/span><\/td>\n<\/tr>\n<tr>\n<td style=\"width: 89.0417px;\" align=\"CENTER\" bgcolor=\"#DCE2EB\" height=\"17\"><strong><span style=\"color: #cd1619;\">1.100.023<\/span><\/strong><\/td>\n<td style=\"width: 83.8958px;\" align=\"CENTER\"><span style=\"color: #cd1619;\">SNB 20034 T<\/span><\/td>\n<td style=\"width: 73.6042px;\" align=\"CENTER\"><span style=\"color: #cd1619;\">200 l<\/span><\/td>\n<td style=\"width: 94.75px;\" align=\"CENTER\"><span style=\"color: #000000;\">3 HP\/2,2Kw<\/span><\/td>\n<td style=\"width: 92.7083px;\" align=\"CENTER\"><span style=\"color: #000000;\">230\/II &#8211; 400\/III\/50<\/span><\/td>\n<td style=\"width: 66.4375px;\" align=\"CENTER\"><span style=\"color: #000000;\">100 Kg<\/span><\/td>\n<td style=\"width: 85.6875px;\" align=\"CENTER\"><span style=\"color: #000000;\">91 dB<\/span><\/td>\n<\/tr>\n<\/tbody>\n<\/table>\n<p>&nbsp;<\/p>\n","protected":false},"excerpt":{"rendered":"<p><img loading=\"lazy\" decoding=\"async\" class=\"alignleft wp-image-12614 size-full\" src=\"https:\/\/www.aircompressormpc.com\/wp-content\/uploads\/2015\/09\/1.100.023-1.jpg\" alt=\"\" width=\"760\" height=\"308\" srcset=\"https:\/\/www.aircompressormpc.com\/wp-content\/uploads\/2015\/09\/1.100.023-1.jpg 760w, https:\/\/www.aircompressormpc.com\/wp-content\/uploads\/2015\/09\/1.100.023-1-300x122.jpg 300w, https:\/\/www.aircompressormpc.com\/wp-content\/uploads\/2015\/09\/1.100.023-1-600x243.jpg 600w, https:\/\/www.aircompressormpc.com\/wp-content\/uploads\/2015\/09\/1.100.023-1-64x26.jpg 64w\" sizes=\"auto, (max-width: 760px) 100vw, 760px\" \/><\/p>\n","protected":false},"featured_media":12528,"template":"","meta":[],"product_brand":[],"product_cat":[1149,730,704,1161,703],"product_tag":[707,788,783,774,727],"class_list":{"0":"post-6302","1":"product","2":"type-product","3":"status-publish","4":"has-post-thumbnail","6":"product_cat-compresseur-a-courroie-fr","7":"product_cat-compresseur-a-courroie","8":"product_cat-compresseurs-a-piston","9":"product_cat-compresseurs-snb","10":"product_cat-electrocompresseurs","11":"product_tag-10-bar-fr","12":"product_tag-200-litres-fr","13":"product_tag-3-hp-fr","14":"product_tag-bicylindre","15":"product_tag-triphase-fr","17":"first","18":"instock","19":"shipping-taxable","20":"purchasable","21":"product-type-simple"},"aioseo_notices":[],"_links":{"self":[{"href":"https:\/\/www.aircompressormpc.com\/fr\/wp-json\/wp\/v2\/product\/6302","targetHints":{"allow":["GET"]}}],"collection":[{"href":"https:\/\/www.aircompressormpc.com\/fr\/wp-json\/wp\/v2\/product"}],"about":[{"href":"https:\/\/www.aircompressormpc.com\/fr\/wp-json\/wp\/v2\/types\/product"}],"wp:featuredmedia":[{"embeddable":true,"href":"https:\/\/www.aircompressormpc.com\/fr\/wp-json\/wp\/v2\/media\/12528"}],"wp:attachment":[{"href":"https:\/\/www.aircompressormpc.com\/fr\/wp-json\/wp\/v2\/media?parent=6302"}],"wp:term":[{"taxonomy":"product_brand","embeddable":true,"href":"https:\/\/www.aircompressormpc.com\/fr\/wp-json\/wp\/v2\/product_brand?post=6302"},{"taxonomy":"product_cat","embeddable":true,"href":"https:\/\/www.aircompressormpc.com\/fr\/wp-json\/wp\/v2\/product_cat?post=6302"},{"taxonomy":"product_tag","embeddable":true,"href":"https:\/\/www.aircompressormpc.com\/fr\/wp-json\/wp\/v2\/product_tag?post=6302"}],"curies":[{"name":"wp","href":"https:\/\/api.w.org\/{rel}","templated":true}]}}