{"id":6296,"date":"2015-09-21T12:05:49","date_gmt":"2015-09-21T12:05:49","guid":{"rendered":"https:\/\/www.aircompressormpc.com\/producto\/compresseur-bicilindrique-snb-30042-300-l\/"},"modified":"2024-05-16T10:30:52","modified_gmt":"2024-05-16T10:30:52","slug":"compresseur-velo-cylindre-snb30042","status":"publish","type":"product","link":"https:\/\/www.aircompressormpc.com\/fr\/producto\/compresseur-velo-cylindre-snb30042\/","title":{"rendered":"COMPRESSEUR BICYLINDRE SNB 30046 M (270 L)"},"content":{"rendered":"<h1><span style=\"color: #ff0000;\"><strong>Compresseur d&rsquo;air de la s\u00e9rie SNB.  <\/strong><\/span><\/h1>\n<p>Compresseur mono-\u00e9tag\u00e9 \u00e0 deux cylindres en fonte, entra\u00een\u00e9 par un moteur en fonte d&rsquo;aluminium prot\u00e9g\u00e9 par une protection moteur MEC-90.  <strong>parfait pour les travaux exigeants et sp\u00e9cialement con\u00e7u pour les travaux n\u00e9cessitant des d\u00e9bits d&rsquo;air \u00e9lev\u00e9s.<\/strong><\/p>\n<p>Con\u00e7u pour les installations monophas\u00e9es avec des besoins en air \u00e9lev\u00e9s<br \/>\nSortie d&rsquo;air directe 1\/2<br \/>\nTransport facile (diam\u00e8tre des roues 200 mm)<br \/>\nD\u00e9bit d&rsquo;air maximal pour les installations monophas\u00e9es.<\/p>\n<table border=\"0\" frame=\"VOID\" rules=\"NONE\" cellspacing=\"0\">\n<colgroup>\n<col width=\"86\">\n<col width=\"86\">\n<col width=\"86\">\n<col width=\"86\">\n<col width=\"86\">\n<col width=\"86\">\n<col width=\"86\"><\/colgroup>\n<tbody>\n<tr>\n<td align=\"CENTER\" bgcolor=\"#CD1619\" width=\"86\" height=\"17\"><b><span style=\"color: #ffffff; font-family: Helvetica LT Std Cond;\">Code<\/span><\/b><\/td>\n<td align=\"CENTER\" bgcolor=\"#CD1619\" width=\"86\"><b><span style=\"color: #ffffff; font-family: Helvetica LT Std Cond;\">Nom<\/span><\/b><\/td>\n<td align=\"CENTER\" bgcolor=\"#CD1619\" width=\"86\"><b><span style=\"color: #ffffff; font-family: Helvetica LT Std Cond;\">Groupe<\/span><\/b><\/td>\n<td align=\"CENTER\" bgcolor=\"#CD1619\" width=\"86\"><b><span style=\"color: #ffffff; font-family: Helvetica LT Std Cond;\">Air aspir\u00e9<\/span><\/b><\/td>\n<td align=\"CENTER\" bgcolor=\"#CD1619\" width=\"86\"><b><span style=\"color: #ffffff; font-family: Helvetica LT Std Cond;\">Puissance<\/span><\/b><\/td>\n<td align=\"CENTER\" bgcolor=\"#CD1619\" width=\"86\"><b><span style=\"color: #ffffff; font-family: Helvetica LT Std Cond;\">Poids<\/span><\/b><\/td>\n<td align=\"CENTER\" bgcolor=\"#CD1619\" width=\"86\"><b><span style=\"color: #ffffff; font-family: Helvetica LT Std Cond;\">Niveau de bruit<\/span><\/b><\/td>\n<\/tr>\n<tr>\n<td align=\"CENTER\" bgcolor=\"#DCE2EB\" height=\"17\"><b><span style=\"color: #cd1619; font-family: Futura Std Condensed;\">1.100.133<\/span><\/b><\/td>\n<td align=\"CENTER\"><span style=\"color: #cd1619; font-family: Futura Std Condensed;\">SNB-30046M<\/span><\/td>\n<td align=\"CENTER\"><span style=\"color: #cd1619; font-family: Futura Std Condensed;\">270l<\/span><\/td>\n<td align=\"CENTER\"><span style=\"color: #000000; font-family: Futura Std Condensed;\">450 l\/min<\/span><\/td>\n<td align=\"CENTER\"><span style=\"color: #000000; font-family: Futura Std Condensed;\">4HP<\/span><\/td>\n<td align=\"CENTER\"><span style=\"color: #000000; font-family: Futura Std Condensed;\">137 Kg<\/span><\/td>\n<td align=\"CENTER\"><span style=\"color: #000000; font-family: Futura Std Condensed;\">91 dB<\/span><\/td>\n<\/tr>\n<\/tbody>\n<\/table>\n","protected":false},"excerpt":{"rendered":"<p><img loading=\"lazy\" decoding=\"async\" class=\"alignleft wp-image-12620 size-full\" src=\"https:\/\/www.aircompressormpc.com\/wp-content\/uploads\/2015\/09\/1.100.133-1.jpg\" alt=\"\" width=\"760\" height=\"308\" srcset=\"https:\/\/www.aircompressormpc.com\/wp-content\/uploads\/2015\/09\/1.100.133-1.jpg 760w, https:\/\/www.aircompressormpc.com\/wp-content\/uploads\/2015\/09\/1.100.133-1-300x122.jpg 300w, https:\/\/www.aircompressormpc.com\/wp-content\/uploads\/2015\/09\/1.100.133-1-600x243.jpg 600w, https:\/\/www.aircompressormpc.com\/wp-content\/uploads\/2015\/09\/1.100.133-1-64x26.jpg 64w\" sizes=\"auto, (max-width: 760px) 100vw, 760px\" \/><\/p>\n","protected":false},"featured_media":12540,"template":"","meta":[],"product_brand":[],"product_cat":[730,1149,704,1161,703],"product_tag":[707,723,709,774,693],"class_list":{"0":"post-6296","1":"product","2":"type-product","3":"status-publish","4":"has-post-thumbnail","6":"product_cat-compresseur-a-courroie","7":"product_cat-compresseur-a-courroie-fr","8":"product_cat-compresseurs-a-piston","9":"product_cat-compresseurs-snb","10":"product_cat-electrocompresseurs","11":"product_tag-10-bar-fr","12":"product_tag-270-litres-fr","13":"product_tag-4-hp-fr","14":"product_tag-bicylindre","15":"product_tag-monophase","17":"first","18":"instock","19":"shipping-taxable","20":"purchasable","21":"product-type-simple"},"aioseo_notices":[],"_links":{"self":[{"href":"https:\/\/www.aircompressormpc.com\/fr\/wp-json\/wp\/v2\/product\/6296","targetHints":{"allow":["GET"]}}],"collection":[{"href":"https:\/\/www.aircompressormpc.com\/fr\/wp-json\/wp\/v2\/product"}],"about":[{"href":"https:\/\/www.aircompressormpc.com\/fr\/wp-json\/wp\/v2\/types\/product"}],"wp:featuredmedia":[{"embeddable":true,"href":"https:\/\/www.aircompressormpc.com\/fr\/wp-json\/wp\/v2\/media\/12540"}],"wp:attachment":[{"href":"https:\/\/www.aircompressormpc.com\/fr\/wp-json\/wp\/v2\/media?parent=6296"}],"wp:term":[{"taxonomy":"product_brand","embeddable":true,"href":"https:\/\/www.aircompressormpc.com\/fr\/wp-json\/wp\/v2\/product_brand?post=6296"},{"taxonomy":"product_cat","embeddable":true,"href":"https:\/\/www.aircompressormpc.com\/fr\/wp-json\/wp\/v2\/product_cat?post=6296"},{"taxonomy":"product_tag","embeddable":true,"href":"https:\/\/www.aircompressormpc.com\/fr\/wp-json\/wp\/v2\/product_tag?post=6296"}],"curies":[{"name":"wp","href":"https:\/\/api.w.org\/{rel}","templated":true}]}}