{"id":6283,"date":"2015-10-13T09:50:36","date_gmt":"2015-10-13T09:50:36","guid":{"rendered":"https:\/\/www.aircompressormpc.com\/producto\/compresseur-bicilindrique-snb-50075-300-l\/"},"modified":"2015-10-13T09:50:36","modified_gmt":"2015-10-13T09:50:36","slug":"compresseur-cylindrique-snb50075","status":"publish","type":"product","link":"https:\/\/www.aircompressormpc.com\/fr\/producto\/compresseur-cylindrique-snb50075\/","title":{"rendered":"COMPRESSEUR BICILINDRIQUE SNB 50075 (300 L)"},"content":{"rendered":"<p><span style=\"color: #ff0000;\"><strong>Compresseur de la s\u00e9rie AUTOLINE.<\/strong><\/span><\/p>\n<p>Compresseurs statiques sur r\u00e9servoir \u00e0 4 pieds*.<br \/>\nT\u00eate en aluminium \u00e0 double \u00e9tage et cylindre en fonte.<br \/>\n\u00c9quip\u00e9 d&rsquo;un interrupteur de t\u00e9l\u00e9pression avec protection du moteur et soupape de s\u00e9curit\u00e9.<br \/>\nTous les mod\u00e8les sont \u00e9quip\u00e9s d&rsquo;un refroidisseur inter-\u00e9tages.<\/p>\n<table border=\"0\" frame=\"VOID\" rules=\"NONE\" cellspacing=\"0\">\n<colgroup>\n<col width=\"86\">\n<col width=\"86\">\n<col width=\"86\">\n<col width=\"86\">\n<col width=\"86\">\n<col width=\"86\">\n<col width=\"86\">\n<col width=\"86\"><\/colgroup>\n<tbody>\n<tr>\n<td align=\"CENTER\" bgcolor=\"#CD1619\" width=\"86\" height=\"32\"><b><span style=\"color: #ffffff; font-family: Helvetica LT Std Cond;\">Code<\/span><\/b><\/td>\n<td align=\"CENTER\" bgcolor=\"#CD1619\" width=\"86\"><b><span style=\"color: #ffffff; font-family: Helvetica LT Std Cond;\">Nom<\/span><\/b><\/td>\n<td align=\"CENTER\" bgcolor=\"#CD1619\" width=\"86\"><b><span style=\"color: #ffffff; font-family: Helvetica LT Std Cond;\">Groupe<\/span><\/b><\/td>\n<td align=\"CENTER\" bgcolor=\"#CD1619\" width=\"86\"><b><span style=\"color: #ffffff; font-family: Helvetica LT Std Cond;\">Puissance<\/span><\/b><\/td>\n<td align=\"CENTER\" bgcolor=\"#CD1619\" width=\"86\"><b><span style=\"color: #ffffff; font-family: Helvetica LT Std Cond;\">Litres  <\/span><\/b><\/td>\n<td align=\"CENTER\" bgcolor=\"#CD1619\" width=\"86\"><b><span style=\"color: #ffffff; font-family: Helvetica LT Std Cond;\">Air<br \/>\naspirateur<\/span><\/b><\/td>\n<td align=\"CENTER\" bgcolor=\"#CD1619\" width=\"86\"><b><span style=\"color: #ffffff; font-family: Helvetica LT Std Cond;\">Poids<\/span><\/b><\/td>\n<td align=\"CENTER\" bgcolor=\"#CD1619\" width=\"86\"><b><span style=\"color: #ffffff; font-family: Helvetica LT Std Cond;\">Longueur\/ largeur<br \/>\n\/hauteur (mm)<\/span><\/b><\/td>\n<\/tr>\n<tr>\n<td align=\"CENTER\" bgcolor=\"#DCE2EB\" height=\"17\"><b><span style=\"color: #cd1619; font-family: Futura Std Condensed;\">1.100.028<\/span><\/b><\/td>\n<td align=\"CENTER\"><span style=\"color: #cd1619; font-family: Futura Std Condensed;\">SNB-50075<\/span><\/td>\n<td align=\"CENTER\"><span style=\"color: #cd1619; font-family: Futura Std Condensed;\">M-600<\/span><\/td>\n<td align=\"CENTER\"><span style=\"color: #000000; font-family: Futura Std Condensed;\">7,5 HP\/5,5 Kw<\/span><\/td>\n<td align=\"CENTER\"><span style=\"color: #000000; font-family: Futura Std Condensed;\">500<\/span><\/td>\n<td align=\"CENTER\"><span style=\"color: #000000; font-family: Futura Std Condensed;\">850 L\/min<\/span><\/td>\n<td align=\"CENTER\"><span style=\"color: #000000; font-family: Futura Std Condensed;\">270 Kg<\/span><\/td>\n<td align=\"CENTER\"><span style=\"color: #000000; font-family: Futura Std Condensed;\">1300 x 590 x 1970<\/span><\/td>\n<\/tr>\n<\/tbody>\n<\/table>\n","protected":false},"excerpt":{"rendered":"<p><img loading=\"lazy\" decoding=\"async\" class=\"alignnone wp-image-6140 size-full\" src=\"https:\/\/www.aircompressormpc.com\/wp-content\/uploads\/2015\/10\/icono8.jpg\" alt=\"snb\" width=\"486\" height=\"126\" srcset=\"https:\/\/www.aircompressormpc.com\/wp-content\/uploads\/2015\/10\/icono8.jpg 486w, https:\/\/www.aircompressormpc.com\/wp-content\/uploads\/2015\/10\/icono8-300x78.jpg 300w, https:\/\/www.aircompressormpc.com\/wp-content\/uploads\/2015\/10\/icono8-64x17.jpg 64w\" sizes=\"auto, (max-width: 486px) 100vw, 486px\" \/><img loading=\"lazy\" decoding=\"async\" class=\"alignnone wp-image-5855 size-full\" src=\"https:\/\/www.aircompressormpc.com\/wp-content\/uploads\/2022\/09\/slider_marcas_autoline-e1662624988191.png\" alt=\"\" width=\"221\" height=\"93\" srcset=\"https:\/\/www.aircompressormpc.com\/wp-content\/uploads\/2022\/09\/slider_marcas_autoline-e1662624988191.png 221w, https:\/\/www.aircompressormpc.com\/wp-content\/uploads\/2022\/09\/slider_marcas_autoline-e1662624988191-64x27.png 64w\" sizes=\"auto, (max-width: 221px) 100vw, 221px\" \/><\/p>\n","protected":false},"featured_media":13427,"template":"","meta":[],"product_brand":[],"product_cat":[730,1163,704,703],"product_tag":[707,739,778,774,727],"class_list":{"0":"post-6283","1":"product","2":"type-product","3":"status-publish","4":"has-post-thumbnail","6":"product_cat-compresseur-a-courroie","7":"product_cat-compresseur-statique-a-entrainement-par-courroie","8":"product_cat-compresseurs-a-piston","9":"product_cat-electrocompresseurs","10":"product_tag-10-bar-fr","11":"product_tag-300-litres-fr","12":"product_tag-75-hp","13":"product_tag-bicylindre","14":"product_tag-triphase-fr","16":"first","17":"instock","18":"shipping-taxable","19":"purchasable","20":"product-type-simple"},"aioseo_notices":[],"_links":{"self":[{"href":"https:\/\/www.aircompressormpc.com\/fr\/wp-json\/wp\/v2\/product\/6283","targetHints":{"allow":["GET"]}}],"collection":[{"href":"https:\/\/www.aircompressormpc.com\/fr\/wp-json\/wp\/v2\/product"}],"about":[{"href":"https:\/\/www.aircompressormpc.com\/fr\/wp-json\/wp\/v2\/types\/product"}],"wp:featuredmedia":[{"embeddable":true,"href":"https:\/\/www.aircompressormpc.com\/fr\/wp-json\/wp\/v2\/media\/13427"}],"wp:attachment":[{"href":"https:\/\/www.aircompressormpc.com\/fr\/wp-json\/wp\/v2\/media?parent=6283"}],"wp:term":[{"taxonomy":"product_brand","embeddable":true,"href":"https:\/\/www.aircompressormpc.com\/fr\/wp-json\/wp\/v2\/product_brand?post=6283"},{"taxonomy":"product_cat","embeddable":true,"href":"https:\/\/www.aircompressormpc.com\/fr\/wp-json\/wp\/v2\/product_cat?post=6283"},{"taxonomy":"product_tag","embeddable":true,"href":"https:\/\/www.aircompressormpc.com\/fr\/wp-json\/wp\/v2\/product_tag?post=6283"}],"curies":[{"name":"wp","href":"https:\/\/api.w.org\/{rel}","templated":true}]}}