{"id":6279,"date":"2016-10-13T12:03:56","date_gmt":"2016-10-13T12:03:56","guid":{"rendered":"https:\/\/www.aircompressormpc.com\/producto\/compresseur-bicylindre-snb-50010a-500-l\/"},"modified":"2024-05-16T10:29:15","modified_gmt":"2024-05-16T10:29:15","slug":"compressor-bicyclic-snb5001010a15","status":"publish","type":"product","link":"https:\/\/www.aircompressormpc.com\/fr\/producto\/compressor-bicyclic-snb5001010a15\/","title":{"rendered":"COMPRESSEUR BICYLINDRE SNB 50010A (500 L)"},"content":{"rendered":"<h2><span style=\"color: #ff0000;\"><strong>Compresseur de la s\u00e9rie AUTOLINE.<\/strong><\/span><\/h2>\n<p>Compresseurs statiques sur r\u00e9servoir \u00e0 4 pieds*.<br \/>\nT\u00eate en aluminium \u00e0 double \u00e9tage et cylindre en fonte.<br \/>\n\u00c9quip\u00e9 d&rsquo;un interrupteur de t\u00e9l\u00e9pression avec protection du moteur et soupape de s\u00e9curit\u00e9.<br \/>\nTous les mod\u00e8les sont \u00e9quip\u00e9s d&rsquo;un refroidisseur inter-\u00e9tages.<\/p>\n<table border=\"0\" frame=\"VOID\" rules=\"NONE\" cellspacing=\"0\">\n<colgroup>\n<col width=\"86\">\n<col width=\"86\">\n<col width=\"86\">\n<col width=\"86\">\n<col width=\"86\">\n<col width=\"86\">\n<col width=\"86\">\n<col width=\"86\"><\/colgroup>\n<tbody>\n<tr>\n<td align=\"CENTER\" bgcolor=\"#CD1619\" width=\"86\" height=\"32\"><b><span style=\"color: #ffffff; font-family: Helvetica LT Std Cond;\">Code<\/span><\/b><\/td>\n<td align=\"CENTER\" bgcolor=\"#CD1619\" width=\"86\"><b><span style=\"color: #ffffff; font-family: Helvetica LT Std Cond;\">Nom<\/span><\/b><\/td>\n<td align=\"CENTER\" bgcolor=\"#CD1619\" width=\"86\"><b><span style=\"color: #ffffff; font-family: Helvetica LT Std Cond;\">Groupe<\/span><\/b><\/td>\n<td align=\"CENTER\" bgcolor=\"#CD1619\" width=\"86\"><b><span style=\"color: #ffffff; font-family: Helvetica LT Std Cond;\">Puissance<\/span><\/b><\/td>\n<td align=\"CENTER\" bgcolor=\"#CD1619\" width=\"86\"><b><span style=\"color: #ffffff; font-family: Helvetica LT Std Cond;\">Litres  <\/span><\/b><\/td>\n<td align=\"CENTER\" bgcolor=\"#CD1619\" width=\"86\"><b><span style=\"color: #ffffff; font-family: Helvetica LT Std Cond;\">Air<br \/>\naspirateur<\/span><\/b><\/td>\n<td align=\"CENTER\" bgcolor=\"#CD1619\" width=\"86\"><b><span style=\"color: #ffffff; font-family: Helvetica LT Std Cond;\">Poids<\/span><\/b><\/td>\n<td align=\"CENTER\" bgcolor=\"#CD1619\" width=\"86\"><b><span style=\"color: #ffffff; font-family: Helvetica LT Std Cond;\">Longueur\/ largeur<br \/>\n\/hauteur (mm)<\/span><\/b><\/td>\n<\/tr>\n<tr>\n<td align=\"CENTER\" bgcolor=\"#DCE2EB\" height=\"17\"><b><span style=\"color: #cd1619; font-family: Futura Std Condensed;\">1.100.031<\/span><\/b><\/td>\n<td align=\"CENTER\"><span style=\"color: #cd1619; font-family: Futura Std Condensed;\">SNB-50010A<\/span><\/td>\n<td align=\"CENTER\"><span style=\"color: #cd1619; font-family: Futura Std Condensed;\">M-700<\/span><\/td>\n<td align=\"CENTER\"><span style=\"color: #000000; font-family: Futura Std Condensed;\">10 HP\/7,5 Kw<\/span><\/td>\n<td align=\"CENTER\"><span style=\"color: #000000; font-family: Futura Std Condensed;\">500<\/span><\/td>\n<td align=\"CENTER\"><span style=\"color: #000000; font-family: Futura Std Condensed;\">1 000 L\/min<\/span><\/td>\n<td align=\"CENTER\"><span style=\"color: #000000; font-family: Futura Std Condensed;\">298 Kg<\/span><\/td>\n<td align=\"CENTER\"><span style=\"color: #000000; font-family: Futura Std Condensed;\">1300 x 590 x 1970<\/span><\/td>\n<\/tr>\n<\/tbody>\n<\/table>\n<p>&nbsp;<\/p>\n","protected":false},"excerpt":{"rendered":"<p><img loading=\"lazy\" decoding=\"async\" class=\"alignleft wp-image-9938\" src=\"https:\/\/www.aircompressormpc.com\/wp-content\/uploads\/2015\/10\/iconos-1.100.031-300x146.jpg\" alt=\"\" width=\"600\" height=\"292\" srcset=\"https:\/\/www.aircompressormpc.com\/wp-content\/uploads\/2015\/10\/iconos-1.100.031-300x146.jpg 300w, https:\/\/www.aircompressormpc.com\/wp-content\/uploads\/2015\/10\/iconos-1.100.031-768x373.jpg 768w, https:\/\/www.aircompressormpc.com\/wp-content\/uploads\/2015\/10\/iconos-1.100.031-600x292.jpg 600w, https:\/\/www.aircompressormpc.com\/wp-content\/uploads\/2015\/10\/iconos-1.100.031-64x31.jpg 64w, https:\/\/www.aircompressormpc.com\/wp-content\/uploads\/2015\/10\/iconos-1.100.031.jpg 796w\" sizes=\"auto, (max-width: 600px) 100vw, 600px\" \/><\/p>\n","protected":false},"featured_media":13421,"template":"","meta":[],"product_brand":[],"product_cat":[730,1163,704,703],"product_tag":[776,775,724,774,727],"class_list":{"0":"post-6279","1":"product","2":"type-product","3":"status-publish","4":"has-post-thumbnail","6":"product_cat-compresseur-a-courroie","7":"product_cat-compresseur-statique-a-entrainement-par-courroie","8":"product_cat-compresseurs-a-piston","9":"product_cat-electrocompresseurs","10":"product_tag-10-hp-fr","11":"product_tag-15-bar-fr","12":"product_tag-500-litres-fr","13":"product_tag-bicylindre","14":"product_tag-triphase-fr","16":"first","17":"instock","18":"shipping-taxable","19":"purchasable","20":"product-type-simple"},"aioseo_notices":[],"_links":{"self":[{"href":"https:\/\/www.aircompressormpc.com\/fr\/wp-json\/wp\/v2\/product\/6279","targetHints":{"allow":["GET"]}}],"collection":[{"href":"https:\/\/www.aircompressormpc.com\/fr\/wp-json\/wp\/v2\/product"}],"about":[{"href":"https:\/\/www.aircompressormpc.com\/fr\/wp-json\/wp\/v2\/types\/product"}],"wp:featuredmedia":[{"embeddable":true,"href":"https:\/\/www.aircompressormpc.com\/fr\/wp-json\/wp\/v2\/media\/13421"}],"wp:attachment":[{"href":"https:\/\/www.aircompressormpc.com\/fr\/wp-json\/wp\/v2\/media?parent=6279"}],"wp:term":[{"taxonomy":"product_brand","embeddable":true,"href":"https:\/\/www.aircompressormpc.com\/fr\/wp-json\/wp\/v2\/product_brand?post=6279"},{"taxonomy":"product_cat","embeddable":true,"href":"https:\/\/www.aircompressormpc.com\/fr\/wp-json\/wp\/v2\/product_cat?post=6279"},{"taxonomy":"product_tag","embeddable":true,"href":"https:\/\/www.aircompressormpc.com\/fr\/wp-json\/wp\/v2\/product_tag?post=6279"}],"curies":[{"name":"wp","href":"https:\/\/api.w.org\/{rel}","templated":true}]}}