{"id":6275,"date":"2017-01-03T09:14:41","date_gmt":"2017-01-03T09:14:41","guid":{"rendered":"https:\/\/www.aircompressormpc.com\/producto\/compresseur-snb-2525g-25-l\/"},"modified":"2017-01-03T09:14:41","modified_gmt":"2017-01-03T09:14:41","slug":"snb-2525g-compresor-de-25-l-autoline-2","status":"publish","type":"product","link":"https:\/\/www.aircompressormpc.com\/fr\/producto\/snb-2525g-compresor-de-25-l-autoline-2\/","title":{"rendered":"COMPRESSEUR SNB 2525G (25 L)"},"content":{"rendered":"<h2><span style=\"color: #ff0000;\"><strong>Compresseur lubrifi\u00e9 \u00e0 l&rsquo;huile de la s\u00e9rie AUTOLINE.<\/strong><\/span><\/h2>\n<ul>\n<li>T\u00eate en aluminium avec cylindre en fonte.<\/li>\n<li>  Fonctionnement continu \u00e9vitant le \u00ab\u00a0start-stop\u00a0\u00bb du moteur \u00e9lectrique.<\/li>\n<li>Id\u00e9al pour le raccordement \u00e0 un g\u00e9n\u00e9rateur (7KW).<\/li>\n<li>Transportable avec des roues.<\/li>\n<li><em>* Compresseur avec vanne automatique.<\/em><\/li>\n<\/ul>\n<table border=\"0\" frame=\"VOID\" rules=\"NONE\" cellspacing=\"0\">\n<colgroup>\n<col width=\"86\">\n<col width=\"86\">\n<col width=\"86\">\n<col width=\"86\">\n<col width=\"86\">\n<col width=\"86\"><\/colgroup>\n<tbody>\n<tr>\n<td align=\"CENTER\" bgcolor=\"#CD1619\" width=\"86\" height=\"32\"><b><span style=\"color: #ffffff; font-family: Helvetica LT Std Cond;\">Code<\/span><\/b><\/td>\n<td align=\"CENTER\" bgcolor=\"#CD1619\" width=\"86\"><b><span style=\"color: #ffffff; font-family: Helvetica LT Std Cond;\">Nom<\/span><\/b><\/td>\n<td align=\"CENTER\" bgcolor=\"#CD1619\" width=\"86\"><b><span style=\"color: #ffffff; font-family: Helvetica LT Std Cond;\">Groupe<\/span><\/b><\/td>\n<td align=\"CENTER\" bgcolor=\"#CD1619\" width=\"86\"><b><span style=\"color: #ffffff; font-family: Helvetica LT Std Cond;\">Puissance<\/span><\/b><\/td>\n<td align=\"CENTER\" bgcolor=\"#CD1619\" width=\"86\"><b><span style=\"color: #ffffff; font-family: Helvetica LT Std Cond;\">Air<br \/>\naspirateur<\/span><\/b><\/td>\n<td align=\"CENTER\" bgcolor=\"#CD1619\" width=\"86\"><b><span style=\"color: #ffffff; font-family: Helvetica LT Std Cond;\">Poids<\/span><\/b><\/td>\n<\/tr>\n<tr>\n<td align=\"CENTER\" bgcolor=\"#DCE2EB\" height=\"17\"><b><span style=\"color: #cd1619; font-family: Futura Std Condensed;\">1.100.012<\/span><\/b><\/td>\n<td align=\"CENTER\"><span style=\"color: #cd1619; font-family: Futura Std Condensed;\">SNB-2525G<\/span><\/td>\n<td align=\"CENTER\"><span style=\"color: #cd1619; font-family: Futura Std Condensed;\">M-280<\/span><\/td>\n<td align=\"CENTER\"><span style=\"color: #000000; font-family: Futura Std Condensed;\">2 HP\/1,5 Kw<\/span><\/td>\n<td align=\"CENTER\"><span style=\"color: #000000; font-family: Futura Std Condensed;\">260L\/min<\/span><\/td>\n<td align=\"CENTER\"><span style=\"color: #000000; font-family: Futura Std Condensed;\">41Kg<\/span><\/td>\n<\/tr>\n<\/tbody>\n<\/table>\n<p>&nbsp;<\/p>\n","protected":false},"excerpt":{"rendered":"<p><img loading=\"lazy\" decoding=\"async\" class=\"alignnone wp-image-6155 size-full\" src=\"https:\/\/www.aircompressormpc.com\/wp-content\/uploads\/2017\/01\/ICONO-34-1.jpg\" alt=\"\" width=\"312\" height=\"216\" srcset=\"https:\/\/www.aircompressormpc.com\/wp-content\/uploads\/2017\/01\/ICONO-34-1.jpg 312w, https:\/\/www.aircompressormpc.com\/wp-content\/uploads\/2017\/01\/ICONO-34-1-300x208.jpg 300w, https:\/\/www.aircompressormpc.com\/wp-content\/uploads\/2017\/01\/ICONO-34-1-64x44.jpg 64w\" sizes=\"auto, (max-width: 312px) 100vw, 312px\" \/><\/p>\n","protected":false},"featured_media":1221,"template":"","meta":[],"product_brand":[],"product_cat":[730,704,703],"product_tag":[768,764,767,763,735,682,766,765],"class_list":{"0":"post-6275","1":"product","2":"type-product","3":"status-publish","4":"has-post-thumbnail","6":"product_cat-compresseur-a-courroie","7":"product_cat-compresseurs-a-piston","8":"product_cat-electrocompresseurs","9":"product_tag-10-bars","10":"product_tag-25-litres-fr","11":"product_tag-260lmin-fr","12":"product_tag-2hp-fr","13":"product_tag-autoline-fr","14":"product_tag-compresseur-fr","15":"product_tag-huile","16":"product_tag-lubrifie","18":"first","19":"instock","20":"shipping-taxable","21":"purchasable","22":"product-type-simple"},"aioseo_notices":[],"_links":{"self":[{"href":"https:\/\/www.aircompressormpc.com\/fr\/wp-json\/wp\/v2\/product\/6275","targetHints":{"allow":["GET"]}}],"collection":[{"href":"https:\/\/www.aircompressormpc.com\/fr\/wp-json\/wp\/v2\/product"}],"about":[{"href":"https:\/\/www.aircompressormpc.com\/fr\/wp-json\/wp\/v2\/types\/product"}],"wp:featuredmedia":[{"embeddable":true,"href":"https:\/\/www.aircompressormpc.com\/fr\/wp-json\/wp\/v2\/media\/1221"}],"wp:attachment":[{"href":"https:\/\/www.aircompressormpc.com\/fr\/wp-json\/wp\/v2\/media?parent=6275"}],"wp:term":[{"taxonomy":"product_brand","embeddable":true,"href":"https:\/\/www.aircompressormpc.com\/fr\/wp-json\/wp\/v2\/product_brand?post=6275"},{"taxonomy":"product_cat","embeddable":true,"href":"https:\/\/www.aircompressormpc.com\/fr\/wp-json\/wp\/v2\/product_cat?post=6275"},{"taxonomy":"product_tag","embeddable":true,"href":"https:\/\/www.aircompressormpc.com\/fr\/wp-json\/wp\/v2\/product_tag?post=6275"}],"curies":[{"name":"wp","href":"https:\/\/api.w.org\/{rel}","templated":true}]}}