{"id":6271,"date":"2016-01-03T10:24:04","date_gmt":"2016-01-03T10:24:04","guid":{"rendered":"https:\/\/www.aircompressormpc.com\/producto\/compresseur-snb-9065-300-l\/"},"modified":"2025-01-16T12:03:37","modified_gmt":"2025-01-16T12:03:37","slug":"snb-9065-compresor-90-l-2","status":"publish","type":"product","link":"https:\/\/www.aircompressormpc.com\/fr\/producto\/snb-9065-compresor-90-l-2\/","title":{"rendered":"COMPRESSEUR BICILINDRICO SNB 10065 (100 L)"},"content":{"rendered":"<p>&#8211; COMPRESSEUR ABANDONN\u00c9-<\/p>\n<h2><strong><span style=\"color: #ff0000;\">Compresseur avec t\u00eate de compresseur \u00e0 deux \u00e9tages et deux cylindres en fonte, entra\u00een\u00e9 par un moteur triphas\u00e9 en fonte d&rsquo;aluminium prot\u00e9g\u00e9 par une protection du moteur.<\/span><\/strong><\/h2>\n<p><strong><span style=\"color: #4a4a4a;\">&#8211; Compresseur con\u00e7u pour les installations triphas\u00e9es ayant des besoins \u00e9lev\u00e9s en air et en mobilit\u00e9.<\/span><\/strong><br \/>\n<span style=\"color: #4a4a4a;\">&#8211; Sortie d&rsquo;air directe 1\/2\u00a0\u00bb.<\/span><br \/>\n<span style=\"color: #4a4a4a;\">&#8211; Transport facile (diam\u00e8tre des roues 200 mm.)<\/span><\/p>\n<table border=\"0\" frame=\"VOID\" rules=\"NONE\" cellspacing=\"0\">\n<colgroup>\n<col width=\"86\">\n<col width=\"86\">\n<col width=\"86\">\n<col width=\"86\">\n<col width=\"86\">\n<col width=\"86\">\n<col width=\"86\"><\/colgroup>\n<tbody>\n<tr>\n<td align=\"CENTER\" bgcolor=\"#CD1619\" width=\"86\" height=\"17\"><b><span style=\"color: #ffffff; font-family: Helvetica LT Std Cond;\">Code<\/span><\/b><\/td>\n<td align=\"CENTER\" bgcolor=\"#CD1619\" width=\"86\"><b><span style=\"color: #ffffff; font-family: Helvetica LT Std Cond;\">Nom<\/span><\/b><\/td>\n<td align=\"CENTER\" bgcolor=\"#CD1619\" width=\"86\"><b><span style=\"color: #ffffff; font-family: Helvetica LT Std Cond;\">Groupe<\/span><\/b><\/td>\n<td align=\"CENTER\" bgcolor=\"#CD1619\" width=\"86\"><b><span style=\"color: #ffffff; font-family: Helvetica LT Std Cond;\">Air aspir\u00e9<\/span><\/b><\/td>\n<td align=\"CENTER\" bgcolor=\"#CD1619\" width=\"86\"><b><span style=\"color: #ffffff; font-family: Helvetica LT Std Cond;\">Puissance<\/span><\/b><\/td>\n<td align=\"CENTER\" bgcolor=\"#CD1619\" width=\"86\"><b><span style=\"color: #ffffff; font-family: Helvetica LT Std Cond;\">Poids<\/span><\/b><\/td>\n<td align=\"CENTER\" bgcolor=\"#CD1619\" width=\"86\"><b><span style=\"color: #ffffff; font-family: Helvetica LT Std Cond;\">Niveau de bruit<\/span><\/b><\/td>\n<\/tr>\n<tr>\n<td align=\"CENTER\" bgcolor=\"#DCE2EB\" height=\"17\"><b><span style=\"color: #cd1619; font-family: Futura Std Condensed;\">1.100.176<\/span><\/b><\/td>\n<td align=\"CENTER\"><span style=\"color: #cd1619; font-family: Futura Std Condensed;\">SNB-10065<\/span><\/td>\n<td align=\"CENTER\"><span style=\"color: #cd1619; font-family: Futura Std Condensed;\">M-590<\/span><\/td>\n<td align=\"CENTER\"><span style=\"color: #000000; font-family: Futura Std Condensed;\">700 l\/min<\/span><\/td>\n<td align=\"CENTER\"><span style=\"color: #000000; font-family: Futura Std Condensed;\">5,5HP\/4Kw<\/span><\/td>\n<td align=\"CENTER\"><span style=\"color: #000000; font-family: Futura Std Condensed;\">103 Kg<\/span><\/td>\n<td align=\"CENTER\"><span style=\"color: #000000; font-family: Futura Std Condensed;\">79 dB<\/span><\/td>\n<\/tr>\n<\/tbody>\n<\/table>\n","protected":false},"excerpt":{"rendered":"<p><img loading=\"lazy\" decoding=\"async\" class=\"alignnone wp-image-6130 size-full\" src=\"https:\/\/www.aircompressormpc.com\/wp-content\/uploads\/2017\/01\/icono-6.jpg\" alt=\"\" width=\"486\" height=\"250\" srcset=\"https:\/\/www.aircompressormpc.com\/wp-content\/uploads\/2017\/01\/icono-6.jpg 486w, https:\/\/www.aircompressormpc.com\/wp-content\/uploads\/2017\/01\/icono-6-300x154.jpg 300w, https:\/\/www.aircompressormpc.com\/wp-content\/uploads\/2017\/01\/icono-6-64x33.jpg 64w\" sizes=\"auto, (max-width: 486px) 100vw, 486px\" \/><img loading=\"lazy\" decoding=\"async\" class=\"alignnone wp-image-5855 size-full\" src=\"https:\/\/www.aircompressormpc.com\/wp-content\/uploads\/2022\/09\/slider_marcas_autoline-e1662624988191.png\" alt=\"\" width=\"221\" height=\"93\" srcset=\"https:\/\/www.aircompressormpc.com\/wp-content\/uploads\/2022\/09\/slider_marcas_autoline-e1662624988191.png 221w, https:\/\/www.aircompressormpc.com\/wp-content\/uploads\/2022\/09\/slider_marcas_autoline-e1662624988191-64x27.png 64w\" sizes=\"auto, (max-width: 221px) 100vw, 221px\" \/><\/p>\n","protected":false},"featured_media":15701,"template":"","meta":[],"product_brand":[],"product_cat":[730,1149,704,1161,703],"product_tag":[739,734,682,750],"class_list":{"0":"post-6271","1":"product","2":"type-product","3":"status-publish","4":"has-post-thumbnail","6":"product_cat-compresseur-a-courroie","7":"product_cat-compresseur-a-courroie-fr","8":"product_cat-compresseurs-a-piston","9":"product_cat-compresseurs-snb","10":"product_cat-electrocompresseurs","11":"product_tag-300-litres-fr","12":"product_tag-bns","13":"product_tag-compresseur-fr","14":"product_tag-double-scene","16":"first","17":"instock","18":"shipping-taxable","19":"purchasable","20":"product-type-simple"},"aioseo_notices":[],"_links":{"self":[{"href":"https:\/\/www.aircompressormpc.com\/fr\/wp-json\/wp\/v2\/product\/6271","targetHints":{"allow":["GET"]}}],"collection":[{"href":"https:\/\/www.aircompressormpc.com\/fr\/wp-json\/wp\/v2\/product"}],"about":[{"href":"https:\/\/www.aircompressormpc.com\/fr\/wp-json\/wp\/v2\/types\/product"}],"wp:featuredmedia":[{"embeddable":true,"href":"https:\/\/www.aircompressormpc.com\/fr\/wp-json\/wp\/v2\/media\/15701"}],"wp:attachment":[{"href":"https:\/\/www.aircompressormpc.com\/fr\/wp-json\/wp\/v2\/media?parent=6271"}],"wp:term":[{"taxonomy":"product_brand","embeddable":true,"href":"https:\/\/www.aircompressormpc.com\/fr\/wp-json\/wp\/v2\/product_brand?post=6271"},{"taxonomy":"product_cat","embeddable":true,"href":"https:\/\/www.aircompressormpc.com\/fr\/wp-json\/wp\/v2\/product_cat?post=6271"},{"taxonomy":"product_tag","embeddable":true,"href":"https:\/\/www.aircompressormpc.com\/fr\/wp-json\/wp\/v2\/product_tag?post=6271"}],"curies":[{"name":"wp","href":"https:\/\/api.w.org\/{rel}","templated":true}]}}