{"id":6269,"date":"2016-01-03T11:13:54","date_gmt":"2016-01-03T11:13:54","guid":{"rendered":"https:\/\/www.aircompressormpc.com\/producto\/snbt-90020-compresseur-tandem-900-l\/"},"modified":"2024-05-17T07:55:58","modified_gmt":"2024-05-17T07:55:58","slug":"snbt-90020-tandem-900-l-2-2","status":"publish","type":"product","link":"https:\/\/www.aircompressormpc.com\/fr\/producto\/snbt-90020-tandem-900-l-2-2\/","title":{"rendered":"SNBT-90020 COMPRESSEUR TANDEM (900 L)"},"content":{"rendered":"<p><span style=\"color: #ff0000;\"><strong>Compresseur con\u00e7u pour travailler dans des conditions tr\u00e8s difficiles : marbriers, carri\u00e8res, etc.<\/strong><\/span><\/p>\n<ul>\n<li><span style=\"color: #4a4a4a;\"> <strong> Unit\u00e9 de contr\u00f4le de la gestion de la t\u00eate<\/strong> (possibilit\u00e9 d&rsquo;utiliser l&rsquo;\u00e9quipement A, l&rsquo;\u00e9quipement B et l&rsquo;\u00e9quipement A+B).<\/span><\/li>\n<li><span style=\"color: #4a4a4a;\"><strong>  Entretien facile.<\/strong>  Acc\u00e8s facile \u00e0 tous les \u00e9l\u00e9ments d&rsquo;entretien, au filtre \u00e0 air, au voyant de niveau d&rsquo;huile.<\/span><\/li>\n<li><span style=\"color: #4a4a4a;\"> <strong> Filtre d&rsquo;aspiration silencieux<\/strong> avec ouverture rapide pour un entretien facile.<\/span><\/li>\n<li><span style=\"color: #4a4a4a;\">Assemblage de <strong>plaque de vanne \u00e0 double \u00e9tage en acier inoxydable<\/strong>.<\/span><\/li>\n<li><span style=\"color: #4a4a4a;\"> <strong> T\u00eate de compresseur<\/strong> en ligne \u00e0 <strong> deux \u00e9tages<\/strong> et deux cylindres, en acier moul\u00e9.<\/span><\/li>\n<li>Compresseur pour marbre de travail.<\/li>\n<li><span style=\"color: #4a4a4a;\">  Particuli\u00e8rement adapt\u00e9 aux <strong>installations \u00e0 forte consommation d&rsquo;air<\/strong>.<\/span><\/li>\n<\/ul>\n","protected":false},"excerpt":{"rendered":"<p><img loading=\"lazy\" decoding=\"async\" class=\"alignleft wp-image-9934 size-full\" src=\"https:\/\/www.aircompressormpc.com\/wp-content\/uploads\/2017\/01\/icono.jpg\" alt=\"\" width=\"421\" height=\"210\" srcset=\"https:\/\/www.aircompressormpc.com\/wp-content\/uploads\/2017\/01\/icono.jpg 421w, https:\/\/www.aircompressormpc.com\/wp-content\/uploads\/2017\/01\/icono-300x150.jpg 300w, https:\/\/www.aircompressormpc.com\/wp-content\/uploads\/2017\/01\/icono-64x32.jpg 64w\" sizes=\"auto, (max-width: 421px) 100vw, 421px\" \/><\/p>\n","protected":false},"featured_media":13414,"template":"","meta":[],"product_brand":[],"product_cat":[730,1163,704,703],"product_tag":[746,734,682,747,748,745],"class_list":{"0":"post-6269","1":"product","2":"type-product","3":"status-publish","4":"has-post-thumbnail","6":"product_cat-compresseur-a-courroie","7":"product_cat-compresseur-statique-a-entrainement-par-courroie","8":"product_cat-compresseurs-a-piston","9":"product_cat-electrocompresseurs","10":"product_tag-900-litres","11":"product_tag-bns","12":"product_tag-compresseur-fr","13":"product_tag-compresseur-de-marbre","14":"product_tag-compresseurparamarmol","15":"product_tag-travailleurs-du-marbre","17":"first","18":"instock","19":"shipping-taxable","20":"purchasable","21":"product-type-simple"},"aioseo_notices":[],"_links":{"self":[{"href":"https:\/\/www.aircompressormpc.com\/fr\/wp-json\/wp\/v2\/product\/6269","targetHints":{"allow":["GET"]}}],"collection":[{"href":"https:\/\/www.aircompressormpc.com\/fr\/wp-json\/wp\/v2\/product"}],"about":[{"href":"https:\/\/www.aircompressormpc.com\/fr\/wp-json\/wp\/v2\/types\/product"}],"wp:featuredmedia":[{"embeddable":true,"href":"https:\/\/www.aircompressormpc.com\/fr\/wp-json\/wp\/v2\/media\/13414"}],"wp:attachment":[{"href":"https:\/\/www.aircompressormpc.com\/fr\/wp-json\/wp\/v2\/media?parent=6269"}],"wp:term":[{"taxonomy":"product_brand","embeddable":true,"href":"https:\/\/www.aircompressormpc.com\/fr\/wp-json\/wp\/v2\/product_brand?post=6269"},{"taxonomy":"product_cat","embeddable":true,"href":"https:\/\/www.aircompressormpc.com\/fr\/wp-json\/wp\/v2\/product_cat?post=6269"},{"taxonomy":"product_tag","embeddable":true,"href":"https:\/\/www.aircompressormpc.com\/fr\/wp-json\/wp\/v2\/product_tag?post=6269"}],"curies":[{"name":"wp","href":"https:\/\/api.w.org\/{rel}","templated":true}]}}