{"id":6267,"date":"2017-01-03T13:29:05","date_gmt":"2017-01-03T13:29:05","guid":{"rendered":"https:\/\/www.aircompressormpc.com\/producto\/compresseur-snb-10035m-van-100-l\/"},"modified":"2017-01-03T13:29:05","modified_gmt":"2017-01-03T13:29:05","slug":"snb-10035m-van-2-2","status":"publish","type":"product","link":"https:\/\/www.aircompressormpc.com\/fr\/producto\/snb-10035m-van-2-2\/","title":{"rendered":"COMPRESSEUR SNB 10035M VAN (100 L)"},"content":{"rendered":"<h3><span style=\"color: #ff0000;\"><strong>Compresseur monophas\u00e9 avec entra\u00eenement par courroie.<\/strong><\/span><\/h3>\n<p><span style=\"color: #4a4a4a;\">&#8211; Sp\u00e9cialement con\u00e7u pour <strong>s&rsquo;adapter aux v\u00e9hicules<\/strong>.<\/span><br \/>\n<span style=\"color: #4a4a4a;\">&#8211; Il comprend des<strong> supports sp\u00e9ciaux pour la fixation au v\u00e9hicule<\/strong>.<\/span><\/p>\n<table border=\"0\" frame=\"VOID\" rules=\"NONE\" cellspacing=\"0\">\n<colgroup>\n<col width=\"138\">\n<col width=\"138\">\n<col width=\"138\">\n<col width=\"138\">\n<col width=\"138\">\n<col width=\"138\">\n<col width=\"261\"><\/colgroup>\n<tbody>\n<tr>\n<td align=\"CENTER\" bgcolor=\"#CD1619\" width=\"138\" height=\"17\"><span style=\"color: #ffffff;\">Code<\/span><\/td>\n<td align=\"CENTER\" bgcolor=\"#CD1619\" width=\"138\"><span style=\"color: #ffffff;\">Nom<\/span><\/td>\n<td align=\"CENTER\" bgcolor=\"#CD1619\" width=\"138\"><span style=\"color: #ffffff;\">Groupe<\/span><\/td>\n<td align=\"CENTER\" bgcolor=\"#CD1619\" width=\"138\"><span style=\"color: #ffffff;\">Air aspir\u00e9<\/span><\/td>\n<td align=\"CENTER\" bgcolor=\"#CD1619\" width=\"138\"><span style=\"color: #ffffff;\">Puissance<\/span><\/td>\n<td align=\"CENTER\" bgcolor=\"#CD1619\" width=\"138\"><span style=\"color: #ffffff;\">Poids<\/span><\/td>\n<td align=\"CENTER\" bgcolor=\"#CD1619\" width=\"261\"><span style=\"color: #ffffff;\">Niveau de bruit<\/span><\/td>\n<\/tr>\n<tr>\n<td align=\"CENTER\" bgcolor=\"#DCE2EB\" height=\"17\"><b><span style=\"color: #cd1619;\">1.100.082<\/span><\/b><\/td>\n<td align=\"CENTER\"><span style=\"color: #cd1619;\">SNB-10035M<\/span><\/td>\n<td align=\"CENTER\"><span style=\"color: #cd1619;\">M-280<\/span><\/td>\n<td align=\"CENTER\"><span style=\"color: #000000;\">360 l\/min<\/span><\/td>\n<td align=\"CENTER\"><span style=\"color: #000000;\">3HP\/2,2Kw<\/span><\/td>\n<td align=\"CENTER\"><span style=\"color: #000000;\">56 Kg<\/span><\/td>\n<td align=\"CENTER\"><span style=\"color: #000000;\">79 dB<\/span><\/td>\n<\/tr>\n<\/tbody>\n<\/table>\n<p>&nbsp;<\/p>\n","protected":false},"excerpt":{"rendered":"<p><img loading=\"lazy\" decoding=\"async\" class=\"alignnone wp-image-6145 size-full\" src=\"https:\/\/www.aircompressormpc.com\/wp-content\/uploads\/2017\/01\/icono-8.jpg\" alt=\"\" width=\"486\" height=\"250\" srcset=\"https:\/\/www.aircompressormpc.com\/wp-content\/uploads\/2017\/01\/icono-8.jpg 486w, https:\/\/www.aircompressormpc.com\/wp-content\/uploads\/2017\/01\/icono-8-300x154.jpg 300w, https:\/\/www.aircompressormpc.com\/wp-content\/uploads\/2017\/01\/icono-8-64x33.jpg 64w\" sizes=\"auto, (max-width: 486px) 100vw, 486px\" \/><img loading=\"lazy\" decoding=\"async\" class=\"alignnone wp-image-5855 size-full\" src=\"https:\/\/www.aircompressormpc.com\/wp-content\/uploads\/2022\/09\/slider_marcas_autoline-e1662624988191.png\" alt=\"\" width=\"221\" height=\"93\" srcset=\"https:\/\/www.aircompressormpc.com\/wp-content\/uploads\/2022\/09\/slider_marcas_autoline-e1662624988191.png 221w, https:\/\/www.aircompressormpc.com\/wp-content\/uploads\/2022\/09\/slider_marcas_autoline-e1662624988191-64x27.png 64w\" sizes=\"auto, (max-width: 221px) 100vw, 221px\" \/><\/p>\n","protected":false},"featured_media":3811,"template":"","meta":[],"product_brand":[],"product_cat":[730,704,703],"product_tag":[708,734,693],"class_list":{"0":"post-6267","1":"product","2":"type-product","3":"status-publish","4":"has-post-thumbnail","6":"product_cat-compresseur-a-courroie","7":"product_cat-compresseurs-a-piston","8":"product_cat-electrocompresseurs","9":"product_tag-100-litres-fr","10":"product_tag-bns","11":"product_tag-monophase","13":"first","14":"instock","15":"shipping-taxable","16":"purchasable","17":"product-type-simple"},"aioseo_notices":[],"_links":{"self":[{"href":"https:\/\/www.aircompressormpc.com\/fr\/wp-json\/wp\/v2\/product\/6267","targetHints":{"allow":["GET"]}}],"collection":[{"href":"https:\/\/www.aircompressormpc.com\/fr\/wp-json\/wp\/v2\/product"}],"about":[{"href":"https:\/\/www.aircompressormpc.com\/fr\/wp-json\/wp\/v2\/types\/product"}],"wp:featuredmedia":[{"embeddable":true,"href":"https:\/\/www.aircompressormpc.com\/fr\/wp-json\/wp\/v2\/media\/3811"}],"wp:attachment":[{"href":"https:\/\/www.aircompressormpc.com\/fr\/wp-json\/wp\/v2\/media?parent=6267"}],"wp:term":[{"taxonomy":"product_brand","embeddable":true,"href":"https:\/\/www.aircompressormpc.com\/fr\/wp-json\/wp\/v2\/product_brand?post=6267"},{"taxonomy":"product_cat","embeddable":true,"href":"https:\/\/www.aircompressormpc.com\/fr\/wp-json\/wp\/v2\/product_cat?post=6267"},{"taxonomy":"product_tag","embeddable":true,"href":"https:\/\/www.aircompressormpc.com\/fr\/wp-json\/wp\/v2\/product_tag?post=6267"}],"curies":[{"name":"wp","href":"https:\/\/api.w.org\/{rel}","templated":true}]}}