{"id":6265,"date":"2016-01-03T16:28:31","date_gmt":"2016-01-03T16:28:31","guid":{"rendered":"https:\/\/www.aircompressormpc.com\/producto\/compresseur-bicylindre-snb-30060-15-300-l\/"},"modified":"2024-05-16T10:29:14","modified_gmt":"2024-05-16T10:29:14","slug":"compresseur-cylindrique-snb-300","status":"publish","type":"product","link":"https:\/\/www.aircompressormpc.com\/fr\/producto\/compresseur-cylindrique-snb-300\/","title":{"rendered":"COMPRESSEUR BICILINDRICO SNB 30060\/15 (270 L)"},"content":{"rendered":"<p><span style=\"color: #ff0000;\"><strong>Compresseur de la s\u00e9rie AUTOLINE.<\/strong><\/span><\/p>\n<div id=\"short_description_block\">\n<div id=\"short_description_content\" class=\"rte align_justify\">\n<p>\u2192 Compresseurs statiques sur un r\u00e9servoir \u00e0 4 pattes.<br \/>\n\u2192 T\u00eate en aluminium \u00e0 double \u00e9tage et cylindre en fonte.<br \/>\n\u2192 \u00c9quip\u00e9 d&rsquo;un interrupteur de t\u00e9l\u00e9pression avec protection du moteur et soupape de s\u00e9curit\u00e9.<br \/>\n\u2192 Refroidisseur inter-\u00e9tages en cuivre\/aluminium, assurant le meilleur refroidissement.<br \/>\n\u2192 R\u00e9servoir et soupape de s\u00e9curit\u00e9 certifi\u00e9s CE et homologu\u00e9s 15 bars.<br \/>\n\u2192 R\u00e9servoir avec 1er certificat d&rsquo;essai hydrostatique \u00e0 15 bars.<\/p>\n<table border=\"0\" frame=\"VOID\" rules=\"NONE\" cellspacing=\"0\">\n<colgroup>\n<col width=\"86\">\n<col width=\"86\">\n<col width=\"86\">\n<col width=\"86\">\n<col width=\"86\">\n<col width=\"86\">\n<col width=\"86\">\n<col width=\"86\"><\/colgroup>\n<tbody>\n<tr>\n<td align=\"CENTER\" bgcolor=\"#CD1619\" width=\"86\" height=\"17\"><b><span style=\"color: #ffffff; font-family: Helvetica LT Std Cond;\">Code<\/span><\/b><\/td>\n<td align=\"CENTER\" bgcolor=\"#CD1619\" width=\"86\"><b><span style=\"color: #ffffff; font-family: Helvetica LT Std Cond;\">Nom<\/span><\/b><\/td>\n<td align=\"CENTER\" bgcolor=\"#CD1619\" width=\"86\"><b><span style=\"color: #ffffff; font-family: Helvetica LT Std Cond;\">Groupe<\/span><\/b><\/td>\n<td align=\"CENTER\" bgcolor=\"#CD1619\" width=\"86\"><b><span style=\"color: #ffffff; font-family: Helvetica LT Std Cond;\">Puissance<\/span><\/b><\/td>\n<td align=\"CENTER\" bgcolor=\"#CD1619\" width=\"86\"><b><span style=\"color: #ffffff; font-family: Helvetica LT Std Cond;\">Litres  <\/span><\/b><\/td>\n<td align=\"CENTER\" bgcolor=\"#CD1619\" width=\"86\"><b><span style=\"color: #ffffff; font-family: Helvetica LT Std Cond;\">Air aspir\u00e9<\/span><\/b><\/td>\n<td align=\"CENTER\" bgcolor=\"#CD1619\" width=\"86\"><b><span style=\"color: #ffffff; font-family: Helvetica LT Std Cond;\">Poids<\/span><\/b><\/td>\n<td align=\"CENTER\" bgcolor=\"#CD1619\" width=\"86\"><b><span style=\"color: #ffffff; font-family: Helvetica LT Std Cond;\">Longueur\/largeur\/hauteur (mm)<\/span><\/b><\/td>\n<\/tr>\n<tr>\n<td align=\"CENTER\" bgcolor=\"#DCE2EB\" height=\"17\"><b><span style=\"color: #cd1619; font-family: Futura Std Condensed;\">1.101.047<\/span><\/b><\/td>\n<td align=\"CENTER\"><span style=\"color: #cd1619; font-family: Futura Std Condensed;\">SNB-30060\/15<\/span><\/td>\n<td align=\"CENTER\"><span style=\"color: #cd1619; font-family: Futura Std Condensed;\">M-590<\/span><\/td>\n<td align=\"CENTER\"><span style=\"color: #000000; font-family: Futura Std Condensed;\">5,5 HP\/4 Kw<\/span><\/td>\n<td align=\"CENTER\"><span style=\"color: #000000; font-family: Futura Std Condensed;\">270<\/span><\/td>\n<td align=\"CENTER\"><span style=\"color: #000000; font-family: Futura Std Condensed;\">600 L\/min<\/span><\/td>\n<td align=\"CENTER\"><span style=\"color: #000000; font-family: Futura Std Condensed;\">172 Kg<\/span><\/td>\n<td align=\"CENTER\"><span style=\"color: #000000; font-family: Futura Std Condensed;\">1500 x 600 x 1450<\/span><\/td>\n<\/tr>\n<\/tbody>\n<\/table>\n<\/div>\n<\/div>\n","protected":false},"excerpt":{"rendered":"<p><img loading=\"lazy\" decoding=\"async\" class=\"alignleft wp-image-9676 size-full\" src=\"https:\/\/www.aircompressormpc.com\/wp-content\/uploads\/2023\/02\/ICONO-1.jpg\" alt=\"\" width=\"494\" height=\"252\" srcset=\"https:\/\/www.aircompressormpc.com\/wp-content\/uploads\/2023\/02\/ICONO-1.jpg 494w, https:\/\/www.aircompressormpc.com\/wp-content\/uploads\/2023\/02\/ICONO-1-300x153.jpg 300w, https:\/\/www.aircompressormpc.com\/wp-content\/uploads\/2023\/02\/ICONO-1-64x33.jpg 64w\" sizes=\"auto, (max-width: 494px) 100vw, 494px\" \/><img loading=\"lazy\" decoding=\"async\" class=\"alignnone wp-image-5855 size-full\" src=\"https:\/\/www.aircompressormpc.com\/wp-content\/uploads\/2022\/09\/slider_marcas_autoline-e1662624988191.png\" alt=\"\" width=\"221\" height=\"93\" srcset=\"https:\/\/www.aircompressormpc.com\/wp-content\/uploads\/2022\/09\/slider_marcas_autoline-e1662624988191.png 221w, https:\/\/www.aircompressormpc.com\/wp-content\/uploads\/2022\/09\/slider_marcas_autoline-e1662624988191-64x27.png 64w\" sizes=\"auto, (max-width: 221px) 100vw, 221px\" \/><\/p>\n","protected":false},"featured_media":13408,"template":"","meta":[],"product_brand":[],"product_cat":[730,1163,704,703],"product_tag":[707,740,735,734],"class_list":{"0":"post-6265","1":"product","2":"type-product","3":"status-publish","4":"has-post-thumbnail","6":"product_cat-compresseur-a-courroie","7":"product_cat-compresseur-statique-a-entrainement-par-courroie","8":"product_cat-compresseurs-a-piston","9":"product_cat-electrocompresseurs","10":"product_tag-10-bar-fr","11":"product_tag-97-db-fr","12":"product_tag-autoline-fr","13":"product_tag-bns","15":"first","16":"instock","17":"shipping-taxable","18":"purchasable","19":"product-type-simple"},"aioseo_notices":[],"_links":{"self":[{"href":"https:\/\/www.aircompressormpc.com\/fr\/wp-json\/wp\/v2\/product\/6265","targetHints":{"allow":["GET"]}}],"collection":[{"href":"https:\/\/www.aircompressormpc.com\/fr\/wp-json\/wp\/v2\/product"}],"about":[{"href":"https:\/\/www.aircompressormpc.com\/fr\/wp-json\/wp\/v2\/types\/product"}],"wp:featuredmedia":[{"embeddable":true,"href":"https:\/\/www.aircompressormpc.com\/fr\/wp-json\/wp\/v2\/media\/13408"}],"wp:attachment":[{"href":"https:\/\/www.aircompressormpc.com\/fr\/wp-json\/wp\/v2\/media?parent=6265"}],"wp:term":[{"taxonomy":"product_brand","embeddable":true,"href":"https:\/\/www.aircompressormpc.com\/fr\/wp-json\/wp\/v2\/product_brand?post=6265"},{"taxonomy":"product_cat","embeddable":true,"href":"https:\/\/www.aircompressormpc.com\/fr\/wp-json\/wp\/v2\/product_cat?post=6265"},{"taxonomy":"product_tag","embeddable":true,"href":"https:\/\/www.aircompressormpc.com\/fr\/wp-json\/wp\/v2\/product_tag?post=6265"}],"curies":[{"name":"wp","href":"https:\/\/api.w.org\/{rel}","templated":true}]}}