{"id":6262,"date":"2016-09-08T09:10:51","date_gmt":"2016-09-08T09:10:51","guid":{"rendered":"https:\/\/www.aircompressormpc.com\/producto\/compresseur-bicilindrique-snb-50010-15-500-l\/"},"modified":"2024-08-01T08:16:27","modified_gmt":"2024-08-01T08:16:27","slug":"compresor-bicilindrico-snb-50010-15-300-l-2","status":"publish","type":"product","link":"https:\/\/www.aircompressormpc.com\/fr\/producto\/compresor-bicilindrico-snb-50010-15-300-l-2\/","title":{"rendered":"COMPRESSEUR BICILINDRIQUE SNB 50010\/15 (500 L)"},"content":{"rendered":"<h1><strong><span style=\"color: #ff0000;\">Compresseur de la s\u00e9rie AUTOLINE.<\/span><\/strong><\/h1>\n<div id=\"short_description_block\">\n<div id=\"short_description_content\" class=\"rte align_justify\">  Compresseurs statiques sur un r\u00e9servoir \u00e0 4 pieds. T\u00eate en aluminium \u00e0 double \u00e9tage et cylindre en fonte. \u00c9quip\u00e9 d&rsquo;un interrupteur de t\u00e9l\u00e9pression avec protection du moteur et soupape de s\u00e9curit\u00e9. Refroidisseur inter-\u00e9tages en cuivre\/aluminium, assurant le meilleur refroidissement. R\u00e9servoir et soupape de s\u00e9curit\u00e9 avec certificat CE et homologation 15 Bar. R\u00e9servoir avec 1er certificat de test hydrostatique \u00e0 15 bar.  <em>*Kit de 4 pieds en caoutchouc inclus pour l&rsquo;installation.<\/em><\/p>\n<p>&nbsp;<\/p>\n<table border=\"0\" frame=\"VOID\" rules=\"NONE\" cellspacing=\"0\">\n<colgroup>\n<col width=\"138\">\n<col width=\"138\">\n<col width=\"138\">\n<col width=\"138\">\n<col width=\"138\">\n<col width=\"138\">\n<col width=\"138\">\n<col width=\"138\"><\/colgroup>\n<tbody>\n<tr>\n<td align=\"CENTER\" bgcolor=\"#CD1619\" width=\"138\" height=\"17\"><b><span style=\"color: #ffffff;\">Code<\/span><\/b><\/td>\n<td align=\"CENTER\" bgcolor=\"#CD1619\" width=\"138\"><b><span style=\"color: #ffffff;\">Nom<\/span><\/b><\/td>\n<td align=\"CENTER\" bgcolor=\"#CD1619\" width=\"138\"><b><span style=\"color: #ffffff;\">Groupe<\/span><\/b><\/td>\n<td align=\"CENTER\" bgcolor=\"#CD1619\" width=\"138\"><b><span style=\"color: #ffffff;\">Puissance<\/span><\/b><\/td>\n<td align=\"CENTER\" bgcolor=\"#CD1619\" width=\"138\"><b><span style=\"color: #ffffff;\">Litres  <\/span><\/b><\/td>\n<td align=\"CENTER\" bgcolor=\"#CD1619\" width=\"138\"><b><span style=\"color: #ffffff;\">Air aspir\u00e9<\/span><\/b><\/td>\n<td align=\"CENTER\" bgcolor=\"#CD1619\" width=\"138\"><b><span style=\"color: #ffffff;\">Poids<\/span><\/b><\/td>\n<td align=\"CENTER\" bgcolor=\"#CD1619\" width=\"138\"><b><span style=\"color: #ffffff;\">Longueur\/largeur\/hauteur (mm)<\/span><\/b><\/td>\n<\/tr>\n<tr>\n<td align=\"CENTER\" bgcolor=\"#DCE2EB\" height=\"17\"><b><span style=\"color: #cd1619;\">1.101.029<\/span><\/b><\/td>\n<td align=\"CENTER\"><span style=\"color: #cd1619;\">SNB-50010\/15<\/span><\/td>\n<td align=\"CENTER\"><span style=\"color: #cd1619;\">M-700<\/span><\/td>\n<td align=\"CENTER\"><span style=\"color: #000000;\">10 HP\/7,5 Kw<\/span><\/td>\n<td align=\"CENTER\"><span style=\"color: #000000;\">500<\/span><\/td>\n<td align=\"CENTER\"><span style=\"color: #000000;\">1 100 L\/min<\/span><\/td>\n<td align=\"CENTER\"><span style=\"color: #000000;\">305 Kg<\/span><\/td>\n<td align=\"CENTER\"><span style=\"color: #000000;\">1.970 x 600 x 1.320<\/span><\/td>\n<\/tr>\n<\/tbody>\n<\/table>\n<\/div>\n<\/div>\n<p>&nbsp;<\/p>\n","protected":false},"excerpt":{"rendered":"<p><img loading=\"lazy\" decoding=\"async\" class=\"alignnone wp-image-6148 size-full\" src=\"https:\/\/www.aircompressormpc.com\/wp-content\/uploads\/2017\/01\/1.101.047.jpg\" alt=\"1.101.047\" width=\"486\" height=\"126\" srcset=\"https:\/\/www.aircompressormpc.com\/wp-content\/uploads\/2017\/01\/1.101.047.jpg 486w, https:\/\/www.aircompressormpc.com\/wp-content\/uploads\/2017\/01\/1.101.047-300x78.jpg 300w, https:\/\/www.aircompressormpc.com\/wp-content\/uploads\/2017\/01\/1.101.047-64x17.jpg 64w\" sizes=\"auto, (max-width: 486px) 100vw, 486px\" \/><img loading=\"lazy\" decoding=\"async\" class=\"alignnone wp-image-5855 size-full\" src=\"https:\/\/www.aircompressormpc.com\/wp-content\/uploads\/2022\/09\/slider_marcas_autoline-e1662624988191.png\" alt=\"\" width=\"221\" height=\"93\" srcset=\"https:\/\/www.aircompressormpc.com\/wp-content\/uploads\/2022\/09\/slider_marcas_autoline-e1662624988191.png 221w, https:\/\/www.aircompressormpc.com\/wp-content\/uploads\/2022\/09\/slider_marcas_autoline-e1662624988191-64x27.png 64w\" sizes=\"auto, (max-width: 221px) 100vw, 221px\" \/><\/p>\n","protected":false},"featured_media":13411,"template":"","meta":[],"product_brand":[],"product_cat":[730,1163,704,703],"product_tag":[724,735,734,736,1232],"class_list":{"0":"post-6262","1":"product","2":"type-product","3":"status-publish","4":"has-post-thumbnail","6":"product_cat-compresseur-a-courroie","7":"product_cat-compresseur-statique-a-entrainement-par-courroie","8":"product_cat-compresseurs-a-piston","9":"product_cat-electrocompresseurs","10":"product_tag-500-litres-fr","11":"product_tag-autoline-fr","12":"product_tag-bns","13":"product_tag-compresseurcylindrique","14":"product_tag-descatalogado-fr","16":"first","17":"instock","18":"shipping-taxable","19":"purchasable","20":"product-type-simple"},"aioseo_notices":[],"_links":{"self":[{"href":"https:\/\/www.aircompressormpc.com\/fr\/wp-json\/wp\/v2\/product\/6262","targetHints":{"allow":["GET"]}}],"collection":[{"href":"https:\/\/www.aircompressormpc.com\/fr\/wp-json\/wp\/v2\/product"}],"about":[{"href":"https:\/\/www.aircompressormpc.com\/fr\/wp-json\/wp\/v2\/types\/product"}],"wp:featuredmedia":[{"embeddable":true,"href":"https:\/\/www.aircompressormpc.com\/fr\/wp-json\/wp\/v2\/media\/13411"}],"wp:attachment":[{"href":"https:\/\/www.aircompressormpc.com\/fr\/wp-json\/wp\/v2\/media?parent=6262"}],"wp:term":[{"taxonomy":"product_brand","embeddable":true,"href":"https:\/\/www.aircompressormpc.com\/fr\/wp-json\/wp\/v2\/product_brand?post=6262"},{"taxonomy":"product_cat","embeddable":true,"href":"https:\/\/www.aircompressormpc.com\/fr\/wp-json\/wp\/v2\/product_cat?post=6262"},{"taxonomy":"product_tag","embeddable":true,"href":"https:\/\/www.aircompressormpc.com\/fr\/wp-json\/wp\/v2\/product_tag?post=6262"}],"curies":[{"name":"wp","href":"https:\/\/api.w.org\/{rel}","templated":true}]}}