{"id":6258,"date":"2022-09-09T09:10:17","date_gmt":"2022-09-09T09:10:17","guid":{"rendered":"https:\/\/www.aircompressormpc.com\/producto\/compresseur-snb-10065-100-l\/"},"modified":"2024-07-19T11:59:36","modified_gmt":"2024-07-19T11:59:36","slug":"compresseur-snb-10065","status":"publish","type":"product","link":"https:\/\/www.aircompressormpc.com\/fr\/producto\/compresseur-snb-10065\/","title":{"rendered":"COMPRESSEUR BICILINDRICO SNB-10075\/15 (100 L)"},"content":{"rendered":"<h2><span style=\"color: #ff0000;\"><strong>S\u00e9rie SNB . Compresseur \u00e9lectrique portable.<\/strong><\/span><\/h2>\n<p>-\u00c9lectrocompresseur portable 7.5Hp\/100 Lts double \u00e9tage, adapt\u00e9 aux travaux professionnels.<\/p>\n<ul>\n<li>Rencontres : livr\u00e9 avec un manuel en anglais et une d\u00e9claration de conformit\u00e9 CE.<\/li>\n<\/ul>\n<table border=\"0\" frame=\"VOID\" rules=\"NONE\" cellspacing=\"0\">\n<colgroup>\n<col width=\"138\" \/>\n<col width=\"138\" \/>\n<col width=\"138\" \/>\n<col width=\"138\" \/>\n<col width=\"138\" \/>\n<col width=\"138\" \/>\n<col width=\"138\" \/>\n<col width=\"138\" \/>\n<col width=\"138\" \/>\n<col width=\"261\" \/><\/colgroup>\n<tbody>\n<tr>\n<td align=\"CENTER\" bgcolor=\"#CD1619\" width=\"138\" height=\"32\"><b><span style=\"color: #ffffff;\">Code<\/span><\/b><\/td>\n<td align=\"CENTER\" bgcolor=\"#CD1619\" width=\"138\"><b><span style=\"color: #ffffff;\">Nom<\/span><\/b><\/td>\n<td align=\"CENTER\" bgcolor=\"#CD1619\" width=\"138\"><b><span style=\"color: #ffffff;\">Groupe<\/span><\/b><\/td>\n<td align=\"CENTER\" bgcolor=\"#CD1619\" width=\"138\"><b><span style=\"color: #ffffff;\">Air aspir\u00e9<\/span><\/b><\/td>\n<td align=\"CENTER\" bgcolor=\"#CD1619\" width=\"138\"><b><span style=\"color: #ffffff;\">Puissance<\/span><\/b><\/td>\n<td align=\"CENTER\" bgcolor=\"#CD1619\" width=\"138\"><b><span style=\"color: #ffffff;\">Poids<\/span><\/b><\/td>\n<td align=\"CENTER\" bgcolor=\"#CD1619\" width=\"138\"><b><span style=\"color: #ffffff;\">P.max<\/span><\/b><\/td>\n<td align=\"CENTER\" bgcolor=\"#CD1619\" width=\"261\"><b><span style=\"color: #ffffff;\">Longueur-largeur<br \/>\n-hauteur (mm)<\/span><\/b><\/td>\n<\/tr>\n<tr>\n<td align=\"CENTER\" bgcolor=\"#DCE2EB\" height=\"17\"><b><span style=\"color: #cd1619;\">1.101.176<\/span><\/b><\/td>\n<td align=\"CENTER\"><span style=\"color: #cd1619;\">SNB 10075\/15<\/span><\/td>\n<td align=\"CENTER\"><span style=\"color: #cd1619;\">M- 600<\/span><\/td>\n<td align=\"CENTER\"><span style=\"color: #000000;\">900 l\/min<\/span><\/td>\n<td align=\"CENTER\"><span style=\"color: #000000;\">7,5<\/span><\/td>\n<td align=\"CENTER\"><span style=\"color: #000000;\">112<\/span><\/td>\n<td align=\"CENTER\"><span style=\"color: #000000;\">15<\/span><\/td>\n<td align=\"CENTER\"><span style=\"color: #000000;\">105 x 92 x 61<\/span><\/td>\n<\/tr>\n<\/tbody>\n<\/table>\n<p style=\"color: #000000; font-family: Verdana, Arial, Helvetica, sans-serif; font-size: 11px; font-style: normal; font-weight: 400; letter-spacing: normal; text-indent: 0px; text-transform: none; white-space: normal; word-spacing: 0px;\">\n","protected":false},"excerpt":{"rendered":"<p>S\u00e9rie SNB . Compresseur \u00e9lectrique portable. -\u00c9lectrocompresseur portable 7.5Hp\/100 Lts double \u00e9tage, adapt\u00e9 aux travaux professionnels. Rencontres : livr\u00e9 avec un manuel en anglais et une d\u00e9claration de conformit\u00e9 CE. Code Nom Groupe Air aspir\u00e9 Puissance Poids P.max Longueur-largeur -hauteur (mm) 1.101.176 SNB 10075\/15 M- 600 900 l\/min 7,5 112 15 105 x 92 x&hellip;<\/p>\n","protected":false},"featured_media":7491,"template":"","meta":[],"product_brand":[],"product_cat":[730,1149,704,1161,703],"product_tag":[708,775,778,1162,734],"class_list":{"0":"post-6258","1":"product","2":"type-product","3":"status-publish","4":"has-post-thumbnail","6":"product_cat-compresseur-a-courroie","7":"product_cat-compresseur-a-courroie-fr","8":"product_cat-compresseurs-a-piston","9":"product_cat-compresseurs-snb","10":"product_cat-electrocompresseurs","11":"product_tag-100-litres-fr","12":"product_tag-15-bar-fr","13":"product_tag-75-hp","14":"product_tag-900-litres-min","15":"product_tag-bns","17":"first","18":"instock","19":"shipping-taxable","20":"purchasable","21":"product-type-simple"},"aioseo_notices":[],"_links":{"self":[{"href":"https:\/\/www.aircompressormpc.com\/fr\/wp-json\/wp\/v2\/product\/6258","targetHints":{"allow":["GET"]}}],"collection":[{"href":"https:\/\/www.aircompressormpc.com\/fr\/wp-json\/wp\/v2\/product"}],"about":[{"href":"https:\/\/www.aircompressormpc.com\/fr\/wp-json\/wp\/v2\/types\/product"}],"wp:featuredmedia":[{"embeddable":true,"href":"https:\/\/www.aircompressormpc.com\/fr\/wp-json\/wp\/v2\/media\/7491"}],"wp:attachment":[{"href":"https:\/\/www.aircompressormpc.com\/fr\/wp-json\/wp\/v2\/media?parent=6258"}],"wp:term":[{"taxonomy":"product_brand","embeddable":true,"href":"https:\/\/www.aircompressormpc.com\/fr\/wp-json\/wp\/v2\/product_brand?post=6258"},{"taxonomy":"product_cat","embeddable":true,"href":"https:\/\/www.aircompressormpc.com\/fr\/wp-json\/wp\/v2\/product_cat?post=6258"},{"taxonomy":"product_tag","embeddable":true,"href":"https:\/\/www.aircompressormpc.com\/fr\/wp-json\/wp\/v2\/product_tag?post=6258"}],"curies":[{"name":"wp","href":"https:\/\/api.w.org\/{rel}","templated":true}]}}