{"id":6253,"date":"2022-07-25T08:10:01","date_gmt":"2022-07-25T08:10:01","guid":{"rendered":"https:\/\/www.aircompressormpc.com\/producto\/thunder-275-motocompresseur-triphase-50-l\/"},"modified":"2025-03-10T09:21:44","modified_gmt":"2025-03-10T09:21:44","slug":"thunder-275-three-phase","status":"publish","type":"product","link":"https:\/\/www.aircompressormpc.com\/fr\/producto\/thunder-275-three-phase\/","title":{"rendered":"THUNDER 275 III MOTOCOMPRESSEUR (50 L)"},"content":{"rendered":"<h1><span style=\"color: #ff0000;\">La s\u00e9rie THUNDER.<\/span><\/h1>\n<h2>THUNDER 275, moteur GX-690 + M700<\/h2>\n<h4><span style=\"color: #4a4a4a;\">Nos compresseurs de la s\u00e9rie THUNDER sont le compl\u00e9ment parfait de l&rsquo;<strong>\u00e9quipement des v\u00e9hicules<\/strong> <strong>industriels ou commerciaux<\/strong> qui ont besoin d&rsquo;une <strong>autonomie dans l&rsquo;alimentation en \u00e9lectricit\u00e9 jusqu&rsquo;\u00e0 25 Kva<\/strong>.<\/span><\/h4>\n<p><span style=\"color: #4a4a4a;\">En particulier, le mod\u00e8le<strong><br \/>\n<strong> Tonnerre 275 <\/strong><br \/>\n<\/strong><span style=\"color: #4a4a4a;\">convient pour le d\u00e9montage lat\u00e9ral.<\/span><br \/>\n<\/span><\/p>\n<p><img loading=\"lazy\" decoding=\"async\" class=\"size-medium wp-image-4207\" src=\"https:\/\/www.aircompressormpc.com\/wp-content\/uploads\/2022\/07\/Desmontadora_brazo-300x249.jpg\" alt=\"d\u00e9sassembleur de bras\" width=\"300\" height=\"249\" srcset=\"https:\/\/www.aircompressormpc.com\/wp-content\/uploads\/2022\/07\/Desmontadora_brazo-300x249.jpg 300w, https:\/\/www.aircompressormpc.com\/wp-content\/uploads\/2022\/07\/Desmontadora_brazo-64x53.jpg 64w, https:\/\/www.aircompressormpc.com\/wp-content\/uploads\/2022\/07\/Desmontadora_brazo.jpg 493w\" sizes=\"auto, (max-width: 300px) 100vw, 300px\" \/><\/p>\n<p>Son <strong>moteur Honda GX690<\/strong> garantit des performances et une durabilit\u00e9 optimales de la machine.<\/p>\n<p><span style=\"color: #4a4a4a;\">Il s&rsquo;agit d&rsquo;un <strong>compresseur<\/strong> en fonte, \u00e0 deux \u00e9tages, \u00e0 deux cylindres, entra\u00een\u00e9 par un moteur HONDA. Avec vanne automatique. * R\u00e9servoir de 50 Lts. int\u00e9gr\u00e9 dans l&rsquo;\u00e9quipe. D\u00e9marreur \u00e9lectrique. FRL inclus.<\/span><\/p>\n<p><strong>G\u00e9n\u00e9rateur triphas\u00e9 de 15 Kva et g\u00e9n\u00e9rateur monophas\u00e9 de 8 Kva.<\/strong><\/p>\n<p>* La caution n&rsquo;est pas incluse.<\/p>\n<table border=\"0\" frame=\"VOID\" rules=\"NONE\" cellspacing=\"0\">\n<colgroup>\n<col width=\"86\" \/>\n<col width=\"86\" \/>\n<col width=\"86\" \/>\n<col width=\"86\" \/>\n<col width=\"86\" \/>\n<col width=\"86\" \/>\n<col width=\"86\" \/>\n<col width=\"86\" \/>\n<col width=\"86\" \/>\n<col width=\"86\" \/><\/colgroup>\n<tbody>\n<tr>\n<td align=\"CENTER\" bgcolor=\"#CA1E16\" width=\"86\" height=\"36\"><span style=\"color: #ffffff; font-family: Futura Std Condensed;\">Code<\/span><\/td>\n<td align=\"CENTER\" bgcolor=\"#CA1E16\" width=\"86\"><span style=\"color: #ffffff; font-family: Futura Std Condensed;\">Mod\u00e8le<\/span><\/td>\n<td align=\"CENTER\" bgcolor=\"#CA1E16\" width=\"86\"><i><span style=\"color: #ffffff; font-family: Futura Std Condensed;\">Litres<br \/>\n<\/span><\/i><\/td>\n<td align=\"CENTER\" bgcolor=\"#CA1E16\" width=\"86\"><i><span style=\"color: #ffffff; font-family: Futura Std Condensed;\">G\u00e9n\u00e9rateur<\/span><\/i><\/td>\n<td align=\"CENTER\" bgcolor=\"#CA1E16\" width=\"86\"><i><span style=\"color: #ffffff; font-family: Futura Std Condensed;\">Air aspir\u00e9<\/span><\/i><\/td>\n<td align=\"CENTER\" bgcolor=\"#CA1E16\" width=\"86\"><i><span style=\"color: #ffffff; font-family: Futura Std Condensed;\">Tension de sortie<\/span><\/i><\/td>\n<td align=\"CENTER\" bgcolor=\"#CA1E16\" width=\"86\"><i><span style=\"color: #ffffff; font-family: Futura Std Condensed;\">Puissance (HP)<\/span><\/i><\/td>\n<td align=\"CENTER\" bgcolor=\"#CA1E16\" width=\"86\"><i><span style=\"color: #ffffff; font-family: Futura Std Condensed;\">P.max.<br \/>\n(Bar)<\/span><\/i><\/td>\n<td align=\"CENTER\" bgcolor=\"#CA1E16\" width=\"86\"><i><span style=\"color: #ffffff; font-family: Futura Std Condensed;\"><br \/>\nLongueur\/largeur\/hauteur (cm)<\/span><\/i><\/td>\n<td align=\"CENTER\" bgcolor=\"#CA1E16\" width=\"86\"><span style=\"color: #ffffff; font-family: Futura Std Condensed;\">D\u00e9but<\/span><\/td>\n<\/tr>\n<tr>\n<td align=\"CENTER\" bgcolor=\"#DCE2EB\" height=\"30\"><b><span style=\"color: #ca1e16; font-family: Futura Std Condensed;\">1.101.238<\/span><\/b><\/td>\n<td align=\"CENTER\"><b><span style=\"color: #ca1e16; font-family: Futura Std Condensed;\">TONNERRE 275 TRIPHAS\u00c9<\/span><\/b><\/td>\n<td align=\"CENTER\"><span style=\"color: #000000; font-family: Futura Std Condensed;\">50<\/span><\/td>\n<td align=\"CENTER\"><span style=\"color: #000000; font-family: Futura Std Condensed;\">15 Kva III\/8 Kva II<\/span><\/td>\n<td align=\"CENTER\"><span style=\"color: #000000; font-family: Futura Std Condensed;\">1.200<\/span><\/td>\n<td align=\"CENTER\"><span style=\"color: #000000; font-family: Futura Std Condensed;\"><br \/>\n400 III \/230 II -50Hz(II)<\/span><\/td>\n<td align=\"CENTER\"><span style=\"color: #000000; font-family: Futura Std Condensed;\">22<\/span><\/td>\n<td align=\"CENTER\"><span style=\"color: #000000; font-family: Futura Std Condensed;\">14<\/span><\/td>\n<td align=\"CENTER\"><span style=\"color: #000000; font-family: Futura Std Condensed;\">120 x 70 x 104<\/span><\/td>\n<td align=\"CENTER\"><span style=\"color: #ca1e16; font-family: Futura Std Condensed;\">\u00c9lectricit\u00e9<\/span><\/td>\n<\/tr>\n<\/tbody>\n<\/table>\n<p>&nbsp;<\/p>\n<p><img loading=\"lazy\" decoding=\"async\" class=\"wp-image-9466\" src=\"https:\/\/www.aircompressormpc.com\/wp-content\/uploads\/2022\/07\/THUNDER-275-compresor-para-removedor-brazo-lateral-mpc-e1690353418552-1024x803.jpg\" alt=\"COMPRESSEUR DE BRAS LAT\u00c9RAL MPC\" width=\"600\" height=\"470\" srcset=\"https:\/\/www.aircompressormpc.com\/wp-content\/uploads\/2022\/07\/THUNDER-275-compresor-para-removedor-brazo-lateral-mpc-e1690353418552-1024x803.jpg 1024w, https:\/\/www.aircompressormpc.com\/wp-content\/uploads\/2022\/07\/THUNDER-275-compresor-para-removedor-brazo-lateral-mpc-e1690353418552-300x235.jpg 300w, https:\/\/www.aircompressormpc.com\/wp-content\/uploads\/2022\/07\/THUNDER-275-compresor-para-removedor-brazo-lateral-mpc-e1690353418552-768x602.jpg 768w, https:\/\/www.aircompressormpc.com\/wp-content\/uploads\/2022\/07\/THUNDER-275-compresor-para-removedor-brazo-lateral-mpc-e1690353418552-1536x1204.jpg 1536w, https:\/\/www.aircompressormpc.com\/wp-content\/uploads\/2022\/07\/THUNDER-275-compresor-para-removedor-brazo-lateral-mpc-e1690353418552-600x470.jpg 600w, https:\/\/www.aircompressormpc.com\/wp-content\/uploads\/2022\/07\/THUNDER-275-compresor-para-removedor-brazo-lateral-mpc-e1690353418552-64x50.jpg 64w, https:\/\/www.aircompressormpc.com\/wp-content\/uploads\/2022\/07\/THUNDER-275-compresor-para-removedor-brazo-lateral-mpc-e1690353418552.jpg 1990w\" sizes=\"auto, (max-width: 600px) 100vw, 600px\" \/><\/p>\n","protected":false},"excerpt":{"rendered":"<p><img loading=\"lazy\" decoding=\"async\" class=\"alignleft wp-image-16460 size-full\" src=\"https:\/\/www.aircompressormpc.com\/wp-content\/uploads\/2022\/07\/THUNDER-275-1.jpg\" alt=\"\" width=\"707\" height=\"287\" srcset=\"https:\/\/www.aircompressormpc.com\/wp-content\/uploads\/2022\/07\/THUNDER-275-1.jpg 707w, https:\/\/www.aircompressormpc.com\/wp-content\/uploads\/2022\/07\/THUNDER-275-1-300x122.jpg 300w, https:\/\/www.aircompressormpc.com\/wp-content\/uploads\/2022\/07\/THUNDER-275-1-600x244.jpg 600w, https:\/\/www.aircompressormpc.com\/wp-content\/uploads\/2022\/07\/THUNDER-275-1-64x26.jpg 64w\" sizes=\"auto, (max-width: 707px) 100vw, 707px\" \/><\/p>\n<p><img loading=\"lazy\" decoding=\"async\" class=\"size-full wp-image-2900 alignleft\" src=\"https:\/\/www.aircompressormpc.com\/wp-content\/uploads\/2022\/01\/AVR2.png\" alt=\"\" width=\"120\" height=\"58\" srcset=\"https:\/\/www.aircompressormpc.com\/wp-content\/uploads\/2022\/01\/AVR2.png 1706w, https:\/\/www.aircompressormpc.com\/wp-content\/uploads\/2022\/01\/AVR2-300x143.png 300w, https:\/\/www.aircompressormpc.com\/wp-content\/uploads\/2022\/01\/AVR2-1024x487.png 1024w, https:\/\/www.aircompressormpc.com\/wp-content\/uploads\/2022\/01\/AVR2-768x366.png 768w, https:\/\/www.aircompressormpc.com\/wp-content\/uploads\/2022\/01\/AVR2-1536x731.png 1536w, https:\/\/www.aircompressormpc.com\/wp-content\/uploads\/2022\/01\/AVR2-600x286.png 600w\" sizes=\"auto, (max-width: 120px) 100vw, 120px\" \/><img loading=\"lazy\" decoding=\"async\" class=\"size-full wp-image-2903 alignleft\" src=\"https:\/\/www.aircompressormpc.com\/wp-content\/uploads\/2022\/01\/TCS.png\" alt=\"\" width=\"120\" height=\"49\" srcset=\"https:\/\/www.aircompressormpc.com\/wp-content\/uploads\/2022\/01\/TCS.png 308w, https:\/\/www.aircompressormpc.com\/wp-content\/uploads\/2022\/01\/TCS-300x125.png 300w\" sizes=\"auto, (max-width: 120px) 100vw, 120px\" \/><img loading=\"lazy\" decoding=\"async\" class=\"size-full wp-image-2909 alignleft\" src=\"https:\/\/www.aircompressormpc.com\/wp-content\/uploads\/2022\/01\/VNG.png\" alt=\"\" width=\"120\" height=\"55\" srcset=\"https:\/\/www.aircompressormpc.com\/wp-content\/uploads\/2022\/01\/VNG.png 369w, https:\/\/www.aircompressormpc.com\/wp-content\/uploads\/2022\/01\/VNG-300x139.png 300w\" sizes=\"auto, (max-width: 120px) 100vw, 120px\" \/><\/p>\n","protected":false},"featured_media":4262,"template":"","meta":[],"product_brand":[],"product_cat":[679,681,1241],"product_tag":[685,690,683,688,682,687,686,689,684,693],"class_list":{"0":"post-6253","1":"product","2":"type-product","3":"status-publish","4":"has-post-thumbnail","6":"product_cat-motocompresseurs","7":"product_cat-serie-thunder","8":"product_cat-serie-thunder-gasolina-fr","9":"product_tag-14-bar-fr","10":"product_tag-5-kva-fr","11":"product_tag-50-litres-fr","12":"product_tag-900-l-min-fr","13":"product_tag-compresseur-fr","14":"product_tag-equipement-des-vehicules-fr","15":"product_tag-essence-fr","16":"product_tag-generateur-fr","17":"product_tag-honda-fr","18":"product_tag-monophase","20":"first","21":"instock","22":"shipping-taxable","23":"purchasable","24":"product-type-simple"},"aioseo_notices":[],"_links":{"self":[{"href":"https:\/\/www.aircompressormpc.com\/fr\/wp-json\/wp\/v2\/product\/6253","targetHints":{"allow":["GET"]}}],"collection":[{"href":"https:\/\/www.aircompressormpc.com\/fr\/wp-json\/wp\/v2\/product"}],"about":[{"href":"https:\/\/www.aircompressormpc.com\/fr\/wp-json\/wp\/v2\/types\/product"}],"wp:featuredmedia":[{"embeddable":true,"href":"https:\/\/www.aircompressormpc.com\/fr\/wp-json\/wp\/v2\/media\/4262"}],"wp:attachment":[{"href":"https:\/\/www.aircompressormpc.com\/fr\/wp-json\/wp\/v2\/media?parent=6253"}],"wp:term":[{"taxonomy":"product_brand","embeddable":true,"href":"https:\/\/www.aircompressormpc.com\/fr\/wp-json\/wp\/v2\/product_brand?post=6253"},{"taxonomy":"product_cat","embeddable":true,"href":"https:\/\/www.aircompressormpc.com\/fr\/wp-json\/wp\/v2\/product_cat?post=6253"},{"taxonomy":"product_tag","embeddable":true,"href":"https:\/\/www.aircompressormpc.com\/fr\/wp-json\/wp\/v2\/product_tag?post=6253"}],"curies":[{"name":"wp","href":"https:\/\/api.w.org\/{rel}","templated":true}]}}