{"id":6250,"date":"2017-02-22T16:51:04","date_gmt":"2017-02-22T16:51:04","guid":{"rendered":"https:\/\/www.aircompressormpc.com\/producto\/moteur-compresseur-triphase-thunder-200-50-l\/"},"modified":"2025-03-11T11:14:36","modified_gmt":"2025-03-11T11:14:36","slug":"thunder-20010kva-2-2","status":"publish","type":"product","link":"https:\/\/www.aircompressormpc.com\/fr\/producto\/thunder-20010kva-2-2\/","title":{"rendered":"MOTEUR COMPRESSEUR THUNDER 200 III (50 L)"},"content":{"rendered":"<h1><span style=\"color: #ff0000;\"><strong>La s\u00e9rie THUNDER. Motocompresseur avec g\u00e9n\u00e9rateur.<\/strong><\/span><\/h1>\n<h3>Motocompresseur 50Lts pour v\u00e9hicule d&rsquo;assistance avec aspiration 1.200 lts\/min. et pression maximale 15 Bar int\u00e9grant un g\u00e9n\u00e9rateur 10 Kva\/III avec AVR. <\/h3>\n<p>Nos compresseurs de la s\u00e9rie THUNDER<strong>compl\u00e8tent parfaitement l&rsquo;\u00e9quipement des v\u00e9hicules industriels ou commerciaux<\/strong> qui ont besoin d&rsquo;une autonomie en mati\u00e8re d&rsquo;alimentation en \u00e9lectricit\u00e9 et en eau, mais qui sont limit\u00e9s en termes d&rsquo;espace et de poids.<\/p>\n<p>Son <strong>moteur Honda GX390<\/strong> garantit une faible consommation d&rsquo;huile et de carburant, tout en limitant les niveaux de bruit et de vibrations.<\/p>\n<table border=\"0\" frame=\"VOID\" rules=\"NONE\" cellspacing=\"0\">\n<colgroup>\n<col width=\"86\">\n<col width=\"86\">\n<col width=\"86\">\n<col width=\"86\">\n<col width=\"86\">\n<col width=\"86\">\n<col width=\"86\">\n<col width=\"86\">\n<col width=\"86\">\n<col width=\"86\"><\/colgroup>\n<tbody>\n<tr>\n<td align=\"CENTER\" bgcolor=\"#CA1E16\" width=\"86\" height=\"32\"><span style=\"color: #ffffff; font-family: Futura Std Condensed;\">Code<\/span><\/td>\n<td align=\"CENTER\" bgcolor=\"#CA1E16\" width=\"86\"><span style=\"color: #ffffff; font-family: Futura Std Condensed;\">Mod\u00e8le<\/span><\/td>\n<td align=\"CENTER\" bgcolor=\"#CA1E16\" width=\"86\"><i><span style=\"color: #ffffff; font-family: Futura Std Condensed;\">Litres<\/span><\/i><\/td>\n<td align=\"CENTER\" bgcolor=\"#CA1E16\" width=\"86\"><i><span style=\"color: #ffffff; font-family: Futura Std Condensed;\">G\u00e9n\u00e9rateur<\/span><\/i><\/td>\n<td align=\"CENTER\" bgcolor=\"#CA1E16\" width=\"86\"><i><span style=\"color: #ffffff; font-family: Futura Std Condensed;\">Air aspir\u00e9  <\/span><\/i><\/td>\n<td align=\"CENTER\" bgcolor=\"#CA1E16\" width=\"86\"><i><span style=\"color: #ffffff; font-family: Futura Std Condensed;\">Tension de sortie<\/span><\/i><\/td>\n<td align=\"CENTER\" bgcolor=\"#CA1E16\" width=\"86\"><i><span style=\"color: #ffffff; font-family: Futura Std Condensed;\">Puissance (HP)<\/span><\/i><\/td>\n<td align=\"CENTER\" bgcolor=\"#CA1E16\" width=\"86\"><i><span style=\"color: #ffffff; font-family: Futura Std Condensed;\">P.max.<br \/>\n(Bar)<\/span><\/i><\/td>\n<td align=\"CENTER\" bgcolor=\"#CA1E16\" width=\"86\"><i><span style=\"color: #ffffff; font-family: Futura Std Condensed;\">Longueur\/largeur\/hauteur (cm)<\/span><\/i><\/td>\n<td align=\"CENTER\" bgcolor=\"#CA1E16\" width=\"86\"><span style=\"color: #ffffff; font-family: Futura Std Condensed;\">D\u00e9but<\/span><\/td>\n<\/tr>\n<tr>\n<td align=\"CENTER\" bgcolor=\"#DCE2EB\" height=\"30\"><b><span style=\"color: #ca1e16; font-family: Futura Std Condensed;\">1.101.230<\/span><\/b><\/td>\n<td align=\"CENTER\"><b><span style=\"color: #ca1e16; font-family: Futura Std Condensed;\">THUNDER 200 TRIPHAS\u00c9<\/span><\/b><\/td>\n<td align=\"CENTER\"><span style=\"color: #000000; font-family: Futura Std Condensed;\">50<\/span><\/td>\n<td align=\"CENTER\"><span style=\"color: #000000; font-family: Futura Std Condensed;\">10 Kva III<\/span><\/td>\n<td align=\"CENTER\"><span style=\"color: #000000; font-family: Futura Std Condensed;\">1.200<\/span><\/td>\n<td align=\"CENTER\"><span style=\"color: #000000; font-family: Futura Std Condensed;\">400 III<br \/>\n-50Hz(II)<\/span><\/td>\n<td align=\"CENTER\"><span style=\"color: #000000; font-family: Futura Std Condensed;\">19<\/span><\/td>\n<td align=\"CENTER\"><span style=\"color: #000000; font-family: Futura Std Condensed;\">14<\/span><\/td>\n<td align=\"CENTER\"><span style=\"color: #000000; font-family: Futura Std Condensed;\">112 x 70 x 100<\/span><\/td>\n<td align=\"CENTER\"><span style=\"color: #ca1e16; font-family: Futura Std Condensed;\">\u00c9lectricit\u00e9<\/span><\/td>\n<\/tr>\n<\/tbody>\n<\/table>\n<p>&nbsp;<\/p>\n","protected":false},"excerpt":{"rendered":"<p><img loading=\"lazy\" decoding=\"async\" class=\"alignleft wp-image-16173 size-full\" src=\"https:\/\/www.aircompressormpc.com\/wp-content\/uploads\/2017\/02\/1.101.230-2.jpg\" alt=\"\" width=\"629\" height=\"255\" srcset=\"https:\/\/www.aircompressormpc.com\/wp-content\/uploads\/2017\/02\/1.101.230-2.jpg 629w, https:\/\/www.aircompressormpc.com\/wp-content\/uploads\/2017\/02\/1.101.230-2-300x122.jpg 300w, https:\/\/www.aircompressormpc.com\/wp-content\/uploads\/2017\/02\/1.101.230-2-600x243.jpg 600w, https:\/\/www.aircompressormpc.com\/wp-content\/uploads\/2017\/02\/1.101.230-2-64x26.jpg 64w\" sizes=\"auto, (max-width: 629px) 100vw, 629px\" \/><\/p>\n<p><img loading=\"lazy\" decoding=\"async\" class=\"size-full wp-image-1585 alignleft\" src=\"https:\/\/www.aircompressormpc.com\/wp-content\/uploads\/2017\/02\/AVR2.png\" alt=\"\" width=\"120\" height=\"58\" srcset=\"https:\/\/www.aircompressormpc.com\/wp-content\/uploads\/2017\/02\/AVR2.png 1706w, https:\/\/www.aircompressormpc.com\/wp-content\/uploads\/2017\/02\/AVR2-300x143.png 300w, https:\/\/www.aircompressormpc.com\/wp-content\/uploads\/2017\/02\/AVR2-1024x487.png 1024w, https:\/\/www.aircompressormpc.com\/wp-content\/uploads\/2017\/02\/AVR2-768x366.png 768w, https:\/\/www.aircompressormpc.com\/wp-content\/uploads\/2017\/02\/AVR2-1536x731.png 1536w, https:\/\/www.aircompressormpc.com\/wp-content\/uploads\/2017\/02\/AVR2-600x286.png 600w\" sizes=\"auto, (max-width: 120px) 100vw, 120px\" \/><img loading=\"lazy\" decoding=\"async\" class=\"size-full wp-image-1621 alignleft\" src=\"https:\/\/www.aircompressormpc.com\/wp-content\/uploads\/2017\/02\/TCS.png\" alt=\"\" width=\"120\" height=\"49\" srcset=\"https:\/\/www.aircompressormpc.com\/wp-content\/uploads\/2017\/02\/TCS.png 308w, https:\/\/www.aircompressormpc.com\/wp-content\/uploads\/2017\/02\/TCS-300x125.png 300w\" sizes=\"auto, (max-width: 120px) 100vw, 120px\" \/><img loading=\"lazy\" decoding=\"async\" class=\"size-full wp-image-1537 alignleft\" src=\"https:\/\/www.aircompressormpc.com\/wp-content\/uploads\/2017\/02\/EASY_START.png\" alt=\"\" width=\"120\" height=\"85\" srcset=\"https:\/\/www.aircompressormpc.com\/wp-content\/uploads\/2017\/02\/EASY_START.png 318w, https:\/\/www.aircompressormpc.com\/wp-content\/uploads\/2017\/02\/EASY_START-300x214.png 300w\" sizes=\"auto, (max-width: 120px) 100vw, 120px\" \/><img loading=\"lazy\" decoding=\"async\" class=\"size-full wp-image-1588 alignleft\" src=\"https:\/\/www.aircompressormpc.com\/wp-content\/uploads\/2017\/02\/VNG.png\" alt=\"\" width=\"120\" height=\"55\" srcset=\"https:\/\/www.aircompressormpc.com\/wp-content\/uploads\/2017\/02\/VNG.png 369w, https:\/\/www.aircompressormpc.com\/wp-content\/uploads\/2017\/02\/VNG-300x139.png 300w\" sizes=\"auto, (max-width: 120px) 100vw, 120px\" \/><\/p>\n","protected":false},"featured_media":4247,"template":"","meta":[],"product_brand":[],"product_cat":[679,681,1241,680],"product_tag":[685,683,728,688,682,687,686,689,684,694,727],"class_list":{"0":"post-6250","1":"product","2":"type-product","3":"status-publish","4":"has-post-thumbnail","6":"product_cat-motocompresseurs","7":"product_cat-serie-thunder","8":"product_cat-serie-thunder-gasolina-fr","9":"product_cat-unites-mobiles","10":"product_tag-14-bar-fr","11":"product_tag-50-litres-fr","12":"product_tag-7-kva-fr","13":"product_tag-900-l-min-fr","14":"product_tag-compresseur-fr","15":"product_tag-equipement-des-vehicules-fr","16":"product_tag-essence-fr","17":"product_tag-generateur-fr","18":"product_tag-honda-fr","19":"product_tag-tonnerre","20":"product_tag-triphase-fr","22":"first","23":"instock","24":"shipping-taxable","25":"purchasable","26":"product-type-simple"},"aioseo_notices":[],"_links":{"self":[{"href":"https:\/\/www.aircompressormpc.com\/fr\/wp-json\/wp\/v2\/product\/6250","targetHints":{"allow":["GET"]}}],"collection":[{"href":"https:\/\/www.aircompressormpc.com\/fr\/wp-json\/wp\/v2\/product"}],"about":[{"href":"https:\/\/www.aircompressormpc.com\/fr\/wp-json\/wp\/v2\/types\/product"}],"wp:featuredmedia":[{"embeddable":true,"href":"https:\/\/www.aircompressormpc.com\/fr\/wp-json\/wp\/v2\/media\/4247"}],"wp:attachment":[{"href":"https:\/\/www.aircompressormpc.com\/fr\/wp-json\/wp\/v2\/media?parent=6250"}],"wp:term":[{"taxonomy":"product_brand","embeddable":true,"href":"https:\/\/www.aircompressormpc.com\/fr\/wp-json\/wp\/v2\/product_brand?post=6250"},{"taxonomy":"product_cat","embeddable":true,"href":"https:\/\/www.aircompressormpc.com\/fr\/wp-json\/wp\/v2\/product_cat?post=6250"},{"taxonomy":"product_tag","embeddable":true,"href":"https:\/\/www.aircompressormpc.com\/fr\/wp-json\/wp\/v2\/product_tag?post=6250"}],"curies":[{"name":"wp","href":"https:\/\/api.w.org\/{rel}","templated":true}]}}