{"id":6249,"date":"2022-07-28T12:52:05","date_gmt":"2022-07-28T12:52:05","guid":{"rendered":"https:\/\/www.aircompressormpc.com\/producto\/moteur-compresseur-monophase-thunder-200-50-l\/"},"modified":"2025-03-11T10:55:16","modified_gmt":"2025-03-11T10:55:16","slug":"moteur-compresseur-sous-200-monophase-50-l","status":"publish","type":"product","link":"https:\/\/www.aircompressormpc.com\/fr\/producto\/moteur-compresseur-sous-200-monophase-50-l\/","title":{"rendered":"COMPRESSEUR \u00c0 MOTEUR THUNDER 200 II (50 L)"},"content":{"rendered":"<h1><span style=\"color: #ff0000;\"><strong>La s\u00e9rie THUNDER. Motocompresseur avec g\u00e9n\u00e9rateur et module de soudage.<\/strong><\/span><\/h1>\n<h3>Motocompresseur 50Lts pour v\u00e9hicule d&rsquo;assistance avec aspiration 1.200 lts\/min. et pression maximale 15 Bar int\u00e9grant un g\u00e9n\u00e9rateur 7 Kva\/II avec AVR.<\/h3>\n<p><strong>Moteur GX630 + M700<\/strong><\/p>\n<p><span style=\"color: #000000;\">Nos compresseurs de la s\u00e9rie THUNDER<strong> compl\u00e8tent parfaitement l&rsquo;\u00e9quipement des v\u00e9hicules industriels ou commerciaux<\/strong>qui ont besoin d&rsquo;une autonomie en mati\u00e8re d&rsquo;alimentation en \u00e9lectricit\u00e9 et en eau, mais qui sont limit\u00e9s en termes d&rsquo;espace et de poids.<\/span><\/p>\n<table border=\"0\" frame=\"VOID\" rules=\"NONE\" cellspacing=\"0\">\n<colgroup>\n<col width=\"86\" \/>\n<col width=\"86\" \/>\n<col width=\"86\" \/>\n<col width=\"86\" \/>\n<col width=\"86\" \/>\n<col width=\"86\" \/>\n<col width=\"86\" \/>\n<col width=\"86\" \/>\n<col width=\"86\" \/>\n<col width=\"86\" \/><\/colgroup>\n<tbody>\n<tr>\n<td align=\"CENTER\" bgcolor=\"#CA1E16\" width=\"86\" height=\"32\"><span style=\"color: #ffffff; font-family: Futura Std Condensed;\">Code<\/span><\/td>\n<td align=\"CENTER\" bgcolor=\"#CA1E16\" width=\"86\"><span style=\"color: #ffffff; font-family: Futura Std Condensed;\">Mod\u00e8le<\/span><\/td>\n<td align=\"CENTER\" bgcolor=\"#CA1E16\" width=\"86\"><span style=\"color: #ffffff; font-family: Futura Std Condensed;\"><i>Litres<\/i><\/span><\/td>\n<td align=\"CENTER\" bgcolor=\"#CA1E16\" width=\"86\"><i><span style=\"color: #ffffff; font-family: Futura Std Condensed;\">G\u00e9n\u00e9rateur<\/span><\/i><\/td>\n<td align=\"CENTER\" bgcolor=\"#CA1E16\" width=\"86\"><i><span style=\"color: #ffffff; font-family: Futura Std Condensed;\">Air aspir\u00e9<\/span><\/i><\/td>\n<td align=\"CENTER\" bgcolor=\"#CA1E16\" width=\"86\"><i><span style=\"color: #ffffff; font-family: Futura Std Condensed;\">Tension de sortie<\/span><\/i><\/td>\n<td align=\"CENTER\" bgcolor=\"#CA1E16\" width=\"86\"><i><span style=\"color: #ffffff; font-family: Futura Std Condensed;\">Puissance (HP)<\/span><\/i><\/td>\n<td align=\"CENTER\" bgcolor=\"#CA1E16\" width=\"86\"><i><span style=\"color: #ffffff; font-family: Futura Std Condensed;\">P.max.<br \/>\n(Bar)<\/span><\/i><\/td>\n<td align=\"CENTER\" bgcolor=\"#CA1E16\" width=\"86\"><i><span style=\"color: #ffffff; font-family: Futura Std Condensed;\">Longueur\/largeur\/hauteur (cm)<\/span><\/i><\/td>\n<td align=\"CENTER\" bgcolor=\"#CA1E16\" width=\"86\"><span style=\"color: #ffffff; font-family: Futura Std Condensed;\">D\u00e9but<\/span><\/td>\n<\/tr>\n<tr>\n<td align=\"CENTER\" bgcolor=\"#DCE2EB\" height=\"30\"><b><span style=\"color: #ca1e16; font-family: Futura Std Condensed;\">1.101.233<\/span><\/b><\/td>\n<td align=\"CENTER\"><b><span style=\"color: #ca1e16; font-family: Futura Std Condensed;\">THUNDER 200 MONOPHAS\u00c9<\/span><\/b><\/td>\n<td align=\"CENTER\"><span style=\"color: #000000; font-family: Futura Std Condensed;\">50<\/span><\/td>\n<td align=\"CENTER\"><span style=\"color: #000000; font-family: Futura Std Condensed;\">7 Kva II<\/span><\/td>\n<td align=\"CENTER\"><span style=\"color: #000000; font-family: Futura Std Condensed;\">1.200<\/span><\/td>\n<td align=\"CENTER\"><span style=\"color: #000000; font-family: Futura Std Condensed;\">230V-50Hz(II)<\/span><\/td>\n<td align=\"CENTER\"><span style=\"color: #000000; font-family: Futura Std Condensed;\">19<\/span><\/td>\n<td align=\"CENTER\"><span style=\"color: #000000; font-family: Futura Std Condensed;\">14<\/span><\/td>\n<td align=\"CENTER\"><span style=\"color: #000000; font-family: Futura Std Condensed;\">112x 70 x 70 x 100<\/span><\/td>\n<td align=\"CENTER\"><span style=\"color: #ca1e16; font-family: Futura Std Condensed;\">\u00c9lectricit\u00e9<\/span><\/td>\n<\/tr>\n<\/tbody>\n<\/table>\n<p>&nbsp;<\/p>\n","protected":false},"excerpt":{"rendered":"<p><img loading=\"lazy\" decoding=\"async\" class=\"alignleft wp-image-16071 size-full\" src=\"https:\/\/www.aircompressormpc.com\/wp-content\/uploads\/2022\/07\/1.101.233.jpg\" alt=\"\" width=\"644\" height=\"261\" srcset=\"https:\/\/www.aircompressormpc.com\/wp-content\/uploads\/2022\/07\/1.101.233.jpg 644w, https:\/\/www.aircompressormpc.com\/wp-content\/uploads\/2022\/07\/1.101.233-300x122.jpg 300w, https:\/\/www.aircompressormpc.com\/wp-content\/uploads\/2022\/07\/1.101.233-600x243.jpg 600w, https:\/\/www.aircompressormpc.com\/wp-content\/uploads\/2022\/07\/1.101.233-64x26.jpg 64w\" sizes=\"auto, (max-width: 644px) 100vw, 644px\" \/><img loading=\"lazy\" decoding=\"async\" class=\"size-full wp-image-3026 alignleft\" src=\"https:\/\/www.aircompressormpc.com\/wp-content\/uploads\/2022\/03\/AVR2.png\" alt=\"\" width=\"120\" height=\"58\" srcset=\"https:\/\/www.aircompressormpc.com\/wp-content\/uploads\/2022\/03\/AVR2.png 1706w, https:\/\/www.aircompressormpc.com\/wp-content\/uploads\/2022\/03\/AVR2-300x143.png 300w, https:\/\/www.aircompressormpc.com\/wp-content\/uploads\/2022\/03\/AVR2-1024x487.png 1024w, https:\/\/www.aircompressormpc.com\/wp-content\/uploads\/2022\/03\/AVR2-768x366.png 768w, https:\/\/www.aircompressormpc.com\/wp-content\/uploads\/2022\/03\/AVR2-1536x731.png 1536w, https:\/\/www.aircompressormpc.com\/wp-content\/uploads\/2022\/03\/AVR2-600x286.png 600w\" sizes=\"auto, (max-width: 120px) 100vw, 120px\" \/><img loading=\"lazy\" decoding=\"async\" class=\"wp-image-2903 alignleft\" src=\"https:\/\/www.aircompressormpc.com\/wp-content\/uploads\/2022\/01\/TCS-300x122.png\" alt=\"TCS\" width=\"126\" height=\"52\" srcset=\"https:\/\/www.aircompressormpc.com\/wp-content\/uploads\/2022\/01\/TCS-300x125.png 300w, https:\/\/www.aircompressormpc.com\/wp-content\/uploads\/2022\/01\/TCS.png 308w\" sizes=\"auto, (max-width: 126px) 100vw, 126px\" \/><img loading=\"lazy\" decoding=\"async\" class=\"size-full wp-image-3032 alignnone\" src=\"https:\/\/www.aircompressormpc.com\/wp-content\/uploads\/2022\/03\/EASY_START.png\" alt=\"\" width=\"120\" height=\"85\" srcset=\"https:\/\/www.aircompressormpc.com\/wp-content\/uploads\/2022\/03\/EASY_START.png 318w, https:\/\/www.aircompressormpc.com\/wp-content\/uploads\/2022\/03\/EASY_START-300x214.png 300w\" sizes=\"auto, (max-width: 120px) 100vw, 120px\" \/><img loading=\"lazy\" decoding=\"async\" class=\"size-full wp-image-3035 alignleft\" src=\"https:\/\/www.aircompressormpc.com\/wp-content\/uploads\/2022\/03\/VNG.png\" alt=\"\" width=\"120\" height=\"55\" srcset=\"https:\/\/www.aircompressormpc.com\/wp-content\/uploads\/2022\/03\/VNG.png 369w, https:\/\/www.aircompressormpc.com\/wp-content\/uploads\/2022\/03\/VNG-300x139.png 300w\" sizes=\"auto, (max-width: 120px) 100vw, 120px\" \/><\/p>\n","protected":false},"featured_media":10105,"template":"","meta":[],"product_brand":[],"product_cat":[679,681,1241,680],"product_tag":[685,1351,692,690,683,688,682,687,686,689,684,726,691,694],"class_list":{"0":"post-6249","1":"product","2":"type-product","3":"status-publish","4":"has-post-thumbnail","6":"product_cat-motocompresseurs","7":"product_cat-serie-thunder","8":"product_cat-serie-thunder-gasolina-fr","9":"product_cat-unites-mobiles","10":"product_tag-14-bar-fr","11":"product_tag-19-ch","12":"product_tag-200a-fr","13":"product_tag-5-kva-fr","14":"product_tag-50-litres-fr","15":"product_tag-900-l-min-fr","16":"product_tag-compresseur-fr","17":"product_tag-equipement-des-vehicules-fr","18":"product_tag-essence-fr","19":"product_tag-generateur-fr","20":"product_tag-honda-fr","21":"product_tag-moteurhonda","22":"product_tag-soudage","23":"product_tag-tonnerre","25":"first","26":"instock","27":"shipping-taxable","28":"purchasable","29":"product-type-simple"},"aioseo_notices":[],"_links":{"self":[{"href":"https:\/\/www.aircompressormpc.com\/fr\/wp-json\/wp\/v2\/product\/6249","targetHints":{"allow":["GET"]}}],"collection":[{"href":"https:\/\/www.aircompressormpc.com\/fr\/wp-json\/wp\/v2\/product"}],"about":[{"href":"https:\/\/www.aircompressormpc.com\/fr\/wp-json\/wp\/v2\/types\/product"}],"wp:featuredmedia":[{"embeddable":true,"href":"https:\/\/www.aircompressormpc.com\/fr\/wp-json\/wp\/v2\/media\/10105"}],"wp:attachment":[{"href":"https:\/\/www.aircompressormpc.com\/fr\/wp-json\/wp\/v2\/media?parent=6249"}],"wp:term":[{"taxonomy":"product_brand","embeddable":true,"href":"https:\/\/www.aircompressormpc.com\/fr\/wp-json\/wp\/v2\/product_brand?post=6249"},{"taxonomy":"product_cat","embeddable":true,"href":"https:\/\/www.aircompressormpc.com\/fr\/wp-json\/wp\/v2\/product_cat?post=6249"},{"taxonomy":"product_tag","embeddable":true,"href":"https:\/\/www.aircompressormpc.com\/fr\/wp-json\/wp\/v2\/product_tag?post=6249"}],"curies":[{"name":"wp","href":"https:\/\/api.w.org\/{rel}","templated":true}]}}