{"id":6241,"date":"2022-01-20T13:30:00","date_gmt":"2022-01-20T13:30:00","guid":{"rendered":"https:\/\/www.aircompressormpc.com\/producto\/moteur-compresseur-strade-60-100-gp-100-l\/"},"modified":"2025-03-04T09:31:57","modified_gmt":"2025-03-04T09:31:57","slug":"moto-compresor-strade-50-100-gp","status":"publish","type":"product","link":"https:\/\/www.aircompressormpc.com\/fr\/producto\/moto-compresor-strade-50-100-gp\/","title":{"rendered":"MOTEUR COMPRESSEUR STRADE-50\/100\/10 (100 L)"},"content":{"rendered":"<h1><span style=\"color: #ff0000;\"><strong>Compresseur \u00e0 essence bi-cylindre bi-\u00e9tag\u00e9 de la s\u00e9rie STRADE, avec r\u00e9servoir de 100 litres.<\/strong><\/span><\/h1>\n<h2>Moteur compresseur de 100Lts avec aspiration de 580 lts\/min. et pression maximale de 10 Bar.<\/h2>\n<p><span style=\"color: #000000;\"><strong><strong>Nos compresseurs de la s\u00e9rie STRADE sont sp\u00e9cialement con\u00e7us pour la plupart des travaux de construction, d&rsquo;entretien des routes et d&rsquo;agriculture. <\/strong><strong>la construction, l&rsquo;entretien des routes et les travaux agricoles.<\/strong><\/strong><\/span><\/p>\n<p><span style=\"color: #4a4a4a;\">Si vous \u00eates un agriculteur qui a besoin d&rsquo;un compresseur maniable mais capable d&rsquo;effectuer des travaux complexes, nos compresseurs STRADE sont parfaits pour vous.<\/span><\/p>\n<p>Les compresseurs STRADE sont \u00e9galement facilement transportables car ils sont \u00e9quip\u00e9s de roues et de poign\u00e9es de transport.<\/p>\n<p>Le compresseur STRADE 50-100 est un compresseur en fonte \u00e0 deux \u00e9tages, \u00e0 deux cylindres, entra\u00een\u00e9 par un moteur HONDA. Avec vanne automatique.<\/p>\n<p>* R\u00e9servoir horizontal de 100 Lts int\u00e9gr\u00e9 \u00e0 l&rsquo;\u00e9quipement.<\/p>\n<table border=\"0\" frame=\"VOID\" rules=\"NONE\" cellspacing=\"0\">\n<colgroup>\n<col width=\"138\" \/>\n<col width=\"138\" \/>\n<col width=\"138\" \/>\n<col width=\"138\" \/>\n<col width=\"138\" \/>\n<col width=\"138\" \/>\n<col width=\"138\" \/>\n<col width=\"138\" \/>\n<col width=\"138\" \/>\n<col width=\"261\" \/><\/colgroup>\n<tbody>\n<tr>\n<td align=\"CENTER\" bgcolor=\"#CD1619\" width=\"138\" height=\"32\"><b><span style=\"color: #ffffff;\">Code<\/span><\/b><\/td>\n<td align=\"CENTER\" bgcolor=\"#CD1619\" width=\"138\"><b><span style=\"color: #ffffff;\">Nom<\/span><\/b><\/td>\n<td align=\"CENTER\" bgcolor=\"#CD1619\" width=\"138\"><b><span style=\"color: #ffffff;\">Groupe<\/span><\/b><\/td>\n<td align=\"CENTER\" bgcolor=\"#CD1619\" width=\"138\"><b><span style=\"color: #ffffff;\">Moteur<\/span><\/b><\/td>\n<td align=\"CENTER\" bgcolor=\"#CD1619\" width=\"138\"><b><span style=\"color: #ffffff;\">Start-up<\/span><\/b><\/td>\n<td align=\"CENTER\" bgcolor=\"#CD1619\" width=\"138\"><b><span style=\"color: #ffffff;\">Air aspir\u00e9<\/span><\/b><\/td>\n<td align=\"CENTER\" bgcolor=\"#CD1619\" width=\"138\"><b><span style=\"color: #ffffff;\">Puissance<\/span><\/b><\/td>\n<td align=\"CENTER\" bgcolor=\"#CD1619\" width=\"138\"><b><span style=\"color: #ffffff;\">Poids<\/span><\/b><\/td>\n<td align=\"CENTER\" bgcolor=\"#CD1619\" width=\"138\"><b><span style=\"color: #ffffff;\">P.max<\/span><\/b><\/td>\n<td align=\"CENTER\" bgcolor=\"#CD1619\" width=\"261\"><b><span style=\"color: #ffffff;\"><br \/>\nLongueur-largeur-hauteur (cm)<\/span><\/b><\/td>\n<\/tr>\n<tr>\n<td align=\"CENTER\" bgcolor=\"#DCE2EB\" height=\"17\"><b><span style=\"color: #cd1619;\">1.132.072<\/span><\/b><\/td>\n<td align=\"CENTER\"><span style=\"color: #cd1619;\">STRADE 50\/100<\/span><\/td>\n<td align=\"CENTER\"><span style=\"color: #cd1619;\">M-380 B<\/span><\/td>\n<td align=\"CENTER\"><span style=\"color: #cd1619;\">GP-160<\/span><\/td>\n<td align=\"CENTER\"><span style=\"color: #000000;\">Manuel<\/span><\/td>\n<td align=\"CENTER\"><span style=\"color: #000000;\">480 l\/min<\/span><\/td>\n<td align=\"CENTER\"><span style=\"color: #000000;\">5<\/span><\/td>\n<td align=\"CENTER\"><span style=\"color: #000000;\">68<\/span><\/td>\n<td align=\"CENTER\"><span style=\"color: #000000;\">10<\/span><\/td>\n<td align=\"CENTER\"><span style=\"color: #000000;\">100 x 50 x 91<\/span><\/td>\n<\/tr>\n<\/tbody>\n<\/table>\n","protected":false},"excerpt":{"rendered":"<p><img loading=\"lazy\" decoding=\"async\" class=\"alignleft wp-image-16285 size-full\" src=\"https:\/\/www.aircompressormpc.com\/wp-content\/uploads\/2022\/01\/1.132.072-1.jpg\" alt=\"\" width=\"583\" height=\"284\" srcset=\"https:\/\/www.aircompressormpc.com\/wp-content\/uploads\/2022\/01\/1.132.072-1.jpg 583w, https:\/\/www.aircompressormpc.com\/wp-content\/uploads\/2022\/01\/1.132.072-1-300x146.jpg 300w, https:\/\/www.aircompressormpc.com\/wp-content\/uploads\/2022\/01\/1.132.072-1-64x31.jpg 64w\" sizes=\"auto, (max-width: 583px) 100vw, 583px\" \/><\/p>\n","protected":false},"featured_media":13457,"template":"","meta":[],"product_brand":[],"product_cat":[679,1123,1259,705],"product_tag":[707,708,710,709,686],"class_list":{"0":"post-6241","1":"product","2":"type-product","3":"status-publish","4":"has-post-thumbnail","6":"product_cat-motocompresseurs","7":"product_cat-ordinateur-portable","8":"product_cat-serie-strade-petrol","9":"product_cat-strade-fr","10":"product_tag-10-bar-fr","11":"product_tag-100-litres-fr","12":"product_tag-350-l-min-fr","13":"product_tag-4-hp-fr","14":"product_tag-essence-fr","16":"first","17":"instock","18":"shipping-taxable","19":"purchasable","20":"product-type-simple"},"aioseo_notices":[],"_links":{"self":[{"href":"https:\/\/www.aircompressormpc.com\/fr\/wp-json\/wp\/v2\/product\/6241","targetHints":{"allow":["GET"]}}],"collection":[{"href":"https:\/\/www.aircompressormpc.com\/fr\/wp-json\/wp\/v2\/product"}],"about":[{"href":"https:\/\/www.aircompressormpc.com\/fr\/wp-json\/wp\/v2\/types\/product"}],"wp:featuredmedia":[{"embeddable":true,"href":"https:\/\/www.aircompressormpc.com\/fr\/wp-json\/wp\/v2\/media\/13457"}],"wp:attachment":[{"href":"https:\/\/www.aircompressormpc.com\/fr\/wp-json\/wp\/v2\/media?parent=6241"}],"wp:term":[{"taxonomy":"product_brand","embeddable":true,"href":"https:\/\/www.aircompressormpc.com\/fr\/wp-json\/wp\/v2\/product_brand?post=6241"},{"taxonomy":"product_cat","embeddable":true,"href":"https:\/\/www.aircompressormpc.com\/fr\/wp-json\/wp\/v2\/product_cat?post=6241"},{"taxonomy":"product_tag","embeddable":true,"href":"https:\/\/www.aircompressormpc.com\/fr\/wp-json\/wp\/v2\/product_tag?post=6241"}],"curies":[{"name":"wp","href":"https:\/\/api.w.org\/{rel}","templated":true}]}}