{"id":6239,"date":"2022-03-23T12:38:39","date_gmt":"2022-03-23T12:38:39","guid":{"rendered":"https:\/\/www.aircompressormpc.com\/producto\/moteur-compresseur-strade-65-100-gp-100-l\/"},"modified":"2025-05-02T08:50:20","modified_gmt":"2025-05-02T08:50:20","slug":"moto-compresor-strade-65-100-gp","status":"publish","type":"product","link":"https:\/\/www.aircompressormpc.com\/fr\/producto\/moto-compresor-strade-65-100-gp\/","title":{"rendered":"MOTEUR COMPRESSEUR STRADE 65\/100\/11 (100 L)"},"content":{"rendered":"<h1><span style=\"color: #ff0000;\"><strong>Compresseur \u00e0 essence bi-cylindre bi-\u00e9tag\u00e9 de la s\u00e9rie STRADE, avec r\u00e9servoir de 100 litres.<\/strong><\/span><\/h1>\n<h2>Moteur compresseur de 100Lts avec aspiration de 650 lts\/min. et pression maximale de 11 Bar.<\/h2>\n<p><span style=\"color: #000000;\"><strong>Nos compresseurs de la s\u00e9rie STRADE sont sp\u00e9cialement con\u00e7us pour la plupart des travaux de construction, d&rsquo;entretien des routes et d&rsquo;agriculture. la construction, l&rsquo;entretien des routes et les travaux agricoles. <\/strong><\/span><\/p>\n<p>Si vous \u00eates un agriculteur qui a besoin d&rsquo;un compresseur maniable mais capable d&rsquo;effectuer des travaux complexes, nos compresseurs STRADE sont parfaits pour vous.<\/p>\n<p>\u00c9quip\u00e9e d&rsquo;une culasse en fonte et entra\u00een\u00e9e par un moteur Honda, elle offre un d\u00e9bit \u00e9lev\u00e9, garantissant un faible niveau sonore et une plus longue dur\u00e9e de vie.<\/p>\n<p>Les compresseurs STRADE sont \u00e9galement facilement transportables car ils sont \u00e9quip\u00e9s de roues et de poign\u00e9es de transport.<\/p>\n<p>Le compresseur STRADE 65-100 est un compresseur bi-\u00e9tag\u00e9 \u00e0 deux cylindres en fonte, entra\u00een\u00e9 par un moteur HONDA. Avec vanne automatique.<\/p>\n<p>* R\u00e9servoir horizontal de 100 litres int\u00e9gr\u00e9 \u00e0 l&rsquo;\u00e9quipement.<\/p>\n<table border=\"0\" frame=\"VOID\" rules=\"NONE\" cellspacing=\"0\">\n<colgroup>\n<col width=\"138\" \/>\n<col width=\"138\" \/>\n<col width=\"138\" \/>\n<col width=\"138\" \/>\n<col width=\"138\" \/>\n<col width=\"138\" \/>\n<col width=\"138\" \/>\n<col width=\"138\" \/>\n<col width=\"138\" \/>\n<col width=\"261\" \/><\/colgroup>\n<tbody>\n<tr>\n<td align=\"CENTER\" bgcolor=\"#CD1619\" width=\"138\" height=\"32\"><b><span style=\"color: #ffffff;\">Code<\/span><\/b><\/td>\n<td align=\"CENTER\" bgcolor=\"#CD1619\" width=\"138\"><b><span style=\"color: #ffffff;\">Nom<\/span><\/b><\/td>\n<td align=\"CENTER\" bgcolor=\"#CD1619\" width=\"138\"><b><span style=\"color: #ffffff;\">Groupe<\/span><\/b><\/td>\n<td align=\"CENTER\" bgcolor=\"#CD1619\" width=\"138\"><b><span style=\"color: #ffffff;\">Moteur<\/span><\/b><\/td>\n<td align=\"CENTER\" bgcolor=\"#CD1619\" width=\"138\"><b><span style=\"color: #ffffff;\">Start-up<\/span><\/b><\/td>\n<td align=\"CENTER\" bgcolor=\"#CD1619\" width=\"138\"><b><span style=\"color: #ffffff;\">Air aspir\u00e9<\/span><\/b><\/td>\n<td align=\"CENTER\" bgcolor=\"#CD1619\" width=\"138\"><b><span style=\"color: #ffffff;\">Puissance<\/span><\/b><\/td>\n<td align=\"CENTER\" bgcolor=\"#CD1619\" width=\"138\"><b><span style=\"color: #ffffff;\">Poids<\/span><\/b><\/td>\n<td align=\"CENTER\" bgcolor=\"#CD1619\" width=\"138\"><b><span style=\"color: #ffffff;\">P.max<\/span><\/b><\/td>\n<td align=\"CENTER\" bgcolor=\"#CD1619\" width=\"261\"><b><span style=\"color: #ffffff;\"><br \/>\nLongueur-largeur-hauteur (cm)<\/span><\/b><\/td>\n<\/tr>\n<tr>\n<td align=\"CENTER\" bgcolor=\"#DCE2EB\" height=\"17\"><b><span style=\"color: #cd1619;\">1.132.076<\/span><\/b><\/td>\n<td align=\"CENTER\"><span style=\"color: #cd1619;\">STRADE 65\/100<\/span><\/td>\n<td align=\"CENTER\"><span style=\"color: #cd1619;\">M- 575<\/span><\/td>\n<td align=\"CENTER\"><span style=\"color: #cd1619;\">Gx-200<\/span><\/td>\n<td align=\"CENTER\"><span style=\"color: #000000;\">Manuel<\/span><\/td>\n<td align=\"CENTER\"><span style=\"color: #000000;\">580 l\/min<\/span><\/td>\n<td align=\"CENTER\"><span style=\"color: #000000;\">6,5<\/span><\/td>\n<td align=\"CENTER\"><span style=\"color: #000000;\">73<\/span><\/td>\n<td align=\"CENTER\"><span style=\"color: #000000;\">11<\/span><\/td>\n<td align=\"CENTER\"><span style=\"color: #000000;\">100 x 55 x 95<\/span><\/td>\n<\/tr>\n<\/tbody>\n<\/table>\n<p style=\"color: #000000; font-family: Verdana, Arial, Helvetica, sans-serif; font-size: 11px; font-style: normal; font-weight: 400; letter-spacing: normal; text-indent: 0px; text-transform: none; white-space: normal; word-spacing: 0px;\">\n","protected":false},"excerpt":{"rendered":"<p><img loading=\"lazy\" decoding=\"async\" class=\"alignleft wp-image-16298 size-full\" src=\"https:\/\/www.aircompressormpc.com\/wp-content\/uploads\/2022\/03\/1.132.076-3.jpg\" alt=\"\" width=\"571\" height=\"283\" srcset=\"https:\/\/www.aircompressormpc.com\/wp-content\/uploads\/2022\/03\/1.132.076-3.jpg 571w, https:\/\/www.aircompressormpc.com\/wp-content\/uploads\/2022\/03\/1.132.076-3-300x149.jpg 300w, https:\/\/www.aircompressormpc.com\/wp-content\/uploads\/2022\/03\/1.132.076-3-64x32.jpg 64w\" sizes=\"auto, (max-width: 571px) 100vw, 571px\" \/><\/p>\n","protected":false},"featured_media":16675,"template":"","meta":[],"product_brand":[],"product_cat":[679,1123,1259,705],"product_tag":[708,1267,1359,1358,712,686,711],"class_list":{"0":"post-6239","1":"product","2":"type-product","3":"status-publish","4":"has-post-thumbnail","6":"product_cat-motocompresseurs","7":"product_cat-ordinateur-portable","8":"product_cat-serie-strade-petrol","9":"product_cat-strade-fr","10":"product_tag-100-litres-fr","11":"product_tag-11-bar-fr","12":"product_tag-580-l-min-fr","13":"product_tag-65-hp","14":"product_tag-compresseur-essence","15":"product_tag-essence-fr","16":"product_tag-strade-fr","18":"first","19":"instock","20":"shipping-taxable","21":"purchasable","22":"product-type-simple"},"aioseo_notices":[],"_links":{"self":[{"href":"https:\/\/www.aircompressormpc.com\/fr\/wp-json\/wp\/v2\/product\/6239","targetHints":{"allow":["GET"]}}],"collection":[{"href":"https:\/\/www.aircompressormpc.com\/fr\/wp-json\/wp\/v2\/product"}],"about":[{"href":"https:\/\/www.aircompressormpc.com\/fr\/wp-json\/wp\/v2\/types\/product"}],"wp:featuredmedia":[{"embeddable":true,"href":"https:\/\/www.aircompressormpc.com\/fr\/wp-json\/wp\/v2\/media\/16675"}],"wp:attachment":[{"href":"https:\/\/www.aircompressormpc.com\/fr\/wp-json\/wp\/v2\/media?parent=6239"}],"wp:term":[{"taxonomy":"product_brand","embeddable":true,"href":"https:\/\/www.aircompressormpc.com\/fr\/wp-json\/wp\/v2\/product_brand?post=6239"},{"taxonomy":"product_cat","embeddable":true,"href":"https:\/\/www.aircompressormpc.com\/fr\/wp-json\/wp\/v2\/product_cat?post=6239"},{"taxonomy":"product_tag","embeddable":true,"href":"https:\/\/www.aircompressormpc.com\/fr\/wp-json\/wp\/v2\/product_tag?post=6239"}],"curies":[{"name":"wp","href":"https:\/\/api.w.org\/{rel}","templated":true}]}}