{"id":6237,"date":"2022-09-09T08:56:51","date_gmt":"2022-09-09T08:56:51","guid":{"rendered":"https:\/\/www.aircompressormpc.com\/producto\/moteur-compresseur-strade-130-15-100-l\/"},"modified":"2025-03-04T12:02:26","modified_gmt":"2025-03-04T12:02:26","slug":"motocompresor-strade-130-15","status":"publish","type":"product","link":"https:\/\/www.aircompressormpc.com\/fr\/producto\/motocompresor-strade-130-15\/","title":{"rendered":"MOTEUR COMPRESSEUR STRADE 130\/100\/15 (100 L)"},"content":{"rendered":"<h1><span style=\"color: #ff0000;\"><strong>Compresseur \u00e0 essence bi-cylindre bi-\u00e9tag\u00e9 de la s\u00e9rie STRADE, avec r\u00e9servoir de 100 litres.<\/strong><\/span><\/h1>\n<h2><span style=\"color: #000000;\"><strong style=\"color: #000000; font-weight: bold;\">Moteur compresseur de 100Lts avec aspiration de 1.200 lts\/min. et pression maximale de 15 Bar. <\/strong><\/span><\/h2>\n<p><span style=\"color: #000000;\"><strong style=\"color: #000000; font-weight: bold;\">Nos compresseurs de la s\u00e9rie STRADE sont sp\u00e9cialement con\u00e7us pour la plupart des travaux de construction, d&rsquo;entretien des routes et d&rsquo;agriculture. <\/strong><span style=\"color: #000000;\"><br \/>\n<b>la construction, l&rsquo;entretien des routes et les travaux agricoles.<\/b><br \/>\n<\/span><\/span><\/p>\n<p>Compresseur double \u00e9tage \u00e0 deux cylindres en fonte, entra\u00een\u00e9 par un moteur HONDA. Avec vanne automatique.<\/p>\n<p>R\u00e9servoir horizontal de 100 Lts\/15 Bar, mont\u00e9 sur roues.<\/p>\n<ul>\n<li>Comprend : syst\u00e8me d&rsquo;acc\u00e9l\u00e9ration en fonction de la pression.<\/li>\n<li>Equipement : Fourni avec manuel en espagnol et d\u00e9claration de conformit\u00e9 CE.<\/li>\n<\/ul>\n<p>&nbsp;<\/p>\n<table border=\"0\" frame=\"VOID\" rules=\"NONE\" cellspacing=\"0\">\n<colgroup>\n<col width=\"138\" \/>\n<col width=\"138\" \/>\n<col width=\"138\" \/>\n<col width=\"138\" \/>\n<col width=\"138\" \/>\n<col width=\"138\" \/>\n<col width=\"138\" \/>\n<col width=\"138\" \/>\n<col width=\"138\" \/>\n<col width=\"261\" \/><\/colgroup>\n<tbody>\n<tr>\n<td align=\"CENTER\" bgcolor=\"#CD1619\" width=\"138\" height=\"32\"><b><span style=\"color: #ffffff;\">Code<\/span><\/b><\/td>\n<td align=\"CENTER\" bgcolor=\"#CD1619\" width=\"138\"><b><span style=\"color: #ffffff;\">Nom<\/span><\/b><\/td>\n<td align=\"CENTER\" bgcolor=\"#CD1619\" width=\"138\"><b><span style=\"color: #ffffff;\">Groupe<\/span><\/b><\/td>\n<td align=\"CENTER\" bgcolor=\"#CD1619\" width=\"138\"><b><span style=\"color: #ffffff;\">Moteur<\/span><\/b><\/td>\n<td align=\"CENTER\" bgcolor=\"#CD1619\" width=\"138\"><b><span style=\"color: #ffffff;\">Start-up<\/span><\/b><\/td>\n<td align=\"CENTER\" bgcolor=\"#CD1619\" width=\"138\"><b><span style=\"color: #ffffff;\">Air aspir\u00e9<\/span><\/b><\/td>\n<td align=\"CENTER\" bgcolor=\"#CD1619\" width=\"138\"><b><span style=\"color: #ffffff;\">Puissance<\/span><\/b><\/td>\n<td align=\"CENTER\" bgcolor=\"#CD1619\" width=\"138\"><b><span style=\"color: #ffffff;\">Poids<\/span><\/b><\/td>\n<td align=\"CENTER\" bgcolor=\"#CD1619\" width=\"138\"><b><span style=\"color: #ffffff;\">P.max<\/span><\/b><\/td>\n<td align=\"CENTER\" bgcolor=\"#CD1619\" width=\"261\"><b><span style=\"color: #ffffff;\">Longueur-largeur<br \/>\n-hauteur (mm)<\/span><\/b><\/td>\n<\/tr>\n<tr>\n<td align=\"CENTER\" bgcolor=\"#DCE2EB\" height=\"17\"><b><span style=\"color: #cd1619;\">1.131.147<\/span><\/b><\/td>\n<td align=\"CENTER\"><span style=\"color: #cd1619;\">STRADE 130\/100<\/span><\/td>\n<td align=\"CENTER\"><span style=\"color: #cd1619;\">M- 700<\/span><\/td>\n<td align=\"CENTER\">Gx 390<\/td>\n<td align=\"CENTER\">Manuel<\/td>\n<td align=\"CENTER\"><span style=\"color: #000000;\">1.200 l\/min<\/span><\/td>\n<td align=\"CENTER\"><span style=\"color: #000000;\">13<\/span><\/td>\n<td align=\"CENTER\"><span style=\"color: #000000;\">144<\/span><\/td>\n<td align=\"CENTER\"><span style=\"color: #000000;\">15<\/span><\/td>\n<td align=\"CENTER\"><span style=\"color: #000000;\">100 x 55 x 107<\/span><\/td>\n<\/tr>\n<\/tbody>\n<\/table>\n<p style=\"color: #000000; font-family: Verdana, Arial, Helvetica, sans-serif; font-size: 11px; font-style: normal; font-weight: 400; letter-spacing: normal; text-indent: 0px; text-transform: none; white-space: normal; word-spacing: 0px;\">\n","protected":false},"excerpt":{"rendered":"<p><img loading=\"lazy\" decoding=\"async\" class=\"alignleft wp-image-16322 size-full\" src=\"https:\/\/www.aircompressormpc.com\/wp-content\/uploads\/2022\/09\/1.131.147-1.jpg\" alt=\"\" width=\"582\" height=\"285\" srcset=\"https:\/\/www.aircompressormpc.com\/wp-content\/uploads\/2022\/09\/1.131.147-1.jpg 582w, https:\/\/www.aircompressormpc.com\/wp-content\/uploads\/2022\/09\/1.131.147-1-300x147.jpg 300w, https:\/\/www.aircompressormpc.com\/wp-content\/uploads\/2022\/09\/1.131.147-1-64x31.jpg 64w\" sizes=\"auto, (max-width: 582px) 100vw, 582px\" \/><\/p>\n","protected":false},"featured_media":10147,"template":"","meta":[],"product_brand":[],"product_cat":[679,1123,1259,705],"product_tag":[1214,708,1344,775,712,686,711],"class_list":{"0":"post-6237","1":"product","2":"type-product","3":"status-publish","4":"has-post-thumbnail","6":"product_cat-motocompresseurs","7":"product_cat-ordinateur-portable","8":"product_cat-serie-strade-petrol","9":"product_cat-strade-fr","10":"product_tag-1-200-litres-min","11":"product_tag-100-litres-fr","12":"product_tag-13-hp-fr","13":"product_tag-15-bar-fr","14":"product_tag-compresseur-essence","15":"product_tag-essence-fr","16":"product_tag-strade-fr","18":"first","19":"instock","20":"shipping-taxable","21":"purchasable","22":"product-type-simple"},"aioseo_notices":[],"_links":{"self":[{"href":"https:\/\/www.aircompressormpc.com\/fr\/wp-json\/wp\/v2\/product\/6237","targetHints":{"allow":["GET"]}}],"collection":[{"href":"https:\/\/www.aircompressormpc.com\/fr\/wp-json\/wp\/v2\/product"}],"about":[{"href":"https:\/\/www.aircompressormpc.com\/fr\/wp-json\/wp\/v2\/types\/product"}],"wp:featuredmedia":[{"embeddable":true,"href":"https:\/\/www.aircompressormpc.com\/fr\/wp-json\/wp\/v2\/media\/10147"}],"wp:attachment":[{"href":"https:\/\/www.aircompressormpc.com\/fr\/wp-json\/wp\/v2\/media?parent=6237"}],"wp:term":[{"taxonomy":"product_brand","embeddable":true,"href":"https:\/\/www.aircompressormpc.com\/fr\/wp-json\/wp\/v2\/product_brand?post=6237"},{"taxonomy":"product_cat","embeddable":true,"href":"https:\/\/www.aircompressormpc.com\/fr\/wp-json\/wp\/v2\/product_cat?post=6237"},{"taxonomy":"product_tag","embeddable":true,"href":"https:\/\/www.aircompressormpc.com\/fr\/wp-json\/wp\/v2\/product_tag?post=6237"}],"curies":[{"name":"wp","href":"https:\/\/api.w.org\/{rel}","templated":true}]}}