{"id":6230,"date":"2015-09-16T10:10:27","date_gmt":"2015-09-16T10:10:27","guid":{"rendered":"https:\/\/www.aircompressormpc.com\/producto\/moteur-compresseur-thunder-130-mma\/"},"modified":"2025-03-10T13:52:36","modified_gmt":"2025-03-10T13:52:36","slug":"moteur-compresseur-avec-generateur-et-module-de-soudure-sous-1305em-moto","status":"publish","type":"product","link":"https:\/\/www.aircompressormpc.com\/fr\/producto\/moteur-compresseur-avec-generateur-et-module-de-soudure-sous-1305em-moto\/","title":{"rendered":"MOTEUR COMPRESSEUR THUNDER 130 II MMA (50 L)"},"content":{"rendered":"<h1><span style=\"color: #ff0000;\"><strong>La s\u00e9rie THUNDER. Motocompresseur avec g\u00e9n\u00e9rateur et module de soudage.<\/strong><\/span><\/h1>\n<h3>Motocompresseur 50Lts pour v\u00e9hicule d&rsquo;assistance avec aspiration de 900 lts\/min. et pression maximale de 15 Bar int\u00e9grant un groupe \u00e9lectrog\u00e8ne 3,5 Kva\/II avec soudure moteur DC 180 Amp.<\/h3>\n<p><strong>Moteur GX390 + M600<\/strong><\/p>\n<p><strong>Nos compresseurs de la s\u00e9rie THUNDER sont le compl\u00e9ment parfait de l&rsquo;\u00e9quipement des v\u00e9hicules industriels ou commerciaux qui ont besoin d&rsquo;une autonomie en mati\u00e8re d&rsquo;alimentation en \u00e9lectricit\u00e9 et en eau, mais qui ont des limites d&rsquo;espace et de poids.<\/strong><\/p>\n<p><span style=\"color: #4a4a4a;\">Son moteur <strong>Honda GX390 <\/strong> <strong>garantit une faible consommation d&rsquo;huile et de carburant, tout en offrant un niveau de bruit et de vibrations limit\u00e9.<\/strong><\/span><\/p>\n<table border=\"0\" frame=\"VOID\" rules=\"NONE\" cellspacing=\"0\">\n<colgroup>\n<col width=\"86\" \/>\n<col width=\"86\" \/>\n<col width=\"86\" \/>\n<col width=\"86\" \/>\n<col width=\"86\" \/>\n<col width=\"86\" \/>\n<col width=\"86\" \/>\n<col width=\"86\" \/>\n<col width=\"86\" \/>\n<col width=\"86\" \/><\/colgroup>\n<tbody>\n<tr>\n<td align=\"CENTER\" bgcolor=\"#CA1E16\" width=\"86\" height=\"32\"><span style=\"color: #ffffff; font-family: Futura Std Condensed;\">Code<\/span><\/td>\n<td align=\"CENTER\" bgcolor=\"#CA1E16\" width=\"86\"><span style=\"color: #ffffff; font-family: Futura Std Condensed;\">Mod\u00e8le<br \/>\n<\/span><\/td>\n<td align=\"CENTER\" bgcolor=\"#CA1E16\" width=\"86\"><i><span style=\"color: #ffffff; font-family: Futura Std Condensed;\">Litres<\/span><\/i><\/td>\n<td align=\"CENTER\" bgcolor=\"#CA1E16\" width=\"86\"><i><span style=\"color: #ffffff; font-family: Futura Std Condensed;\">G\u00e9n\u00e9rateur<\/span><\/i><\/td>\n<td align=\"CENTER\" bgcolor=\"#CA1E16\" width=\"86\"><i><span style=\"color: #ffffff; font-family: Futura Std Condensed;\">Air aspir\u00e9<\/span><\/i><\/td>\n<td align=\"CENTER\" bgcolor=\"#CA1E16\" width=\"86\"><i><span style=\"color: #ffffff; font-family: Futura Std Condensed;\">Tension de sortie<br \/>\n<\/span><\/i><\/td>\n<td align=\"CENTER\" bgcolor=\"#CA1E16\" width=\"86\"><i><span style=\"color: #ffffff; font-family: Futura Std Condensed;\">Puissance (HP)<\/span><\/i><\/td>\n<td align=\"CENTER\" bgcolor=\"#CA1E16\" width=\"86\"><i><span style=\"color: #ffffff; font-family: Futura Std Condensed;\">P.max.<br \/>\n(Bar)<\/span><\/i><\/td>\n<td align=\"CENTER\" bgcolor=\"#CA1E16\" width=\"86\"><i><span style=\"color: #ffffff; font-family: Futura Std Condensed;\">Longueur\/largeur\/hauteur (cm)<\/span><\/i><\/td>\n<td align=\"CENTER\" bgcolor=\"#CA1E16\" width=\"86\"><span style=\"color: #ffffff; font-family: Futura Std Condensed;\">D\u00e9but<\/span><\/td>\n<\/tr>\n<tr>\n<td align=\"CENTER\" bgcolor=\"#DCE2EB\" height=\"30\"><b><span style=\"color: #ca1e16; font-family: Futura Std Condensed;\">1.101.210<\/span><\/b><\/td>\n<td align=\"CENTER\"><b><span style=\"color: #ca1e16; font-family: Futura Std Condensed;\">THUNDER 130 II MMA<\/span><\/b><\/td>\n<td align=\"CENTER\"><span style=\"color: #000000; font-family: Futura Std Condensed;\">50<\/span><\/td>\n<td align=\"CENTER\"><span style=\"color: #000000; font-family: Futura Std Condensed;\">180 A-MMA\/3,5 Kva II<\/span><\/td>\n<td align=\"CENTER\"><span style=\"color: #000000; font-family: Futura Std Condensed;\">900<\/span><\/td>\n<td align=\"CENTER\"><span style=\"color: #000000; font-family: Futura Std Condensed;\"><br \/>\n230 II -50Hz(II)<\/span><\/td>\n<td align=\"CENTER\"><span style=\"color: #000000; font-family: Futura Std Condensed;\">13<\/span><\/td>\n<td align=\"CENTER\"><span style=\"color: #000000; font-family: Futura Std Condensed;\">14<\/span><\/td>\n<td align=\"CENTER\"><span style=\"color: #000000; font-family: Futura Std Condensed;\">120 x 50 x 95<\/span><\/td>\n<td align=\"CENTER\"><span style=\"color: #ca1e16; font-family: Futura Std Condensed;\">\u00c9lectrique\/Manuel<\/span><\/td>\n<\/tr>\n<\/tbody>\n<\/table>\n","protected":false},"excerpt":{"rendered":"<p><img loading=\"lazy\" decoding=\"async\" class=\"alignleft wp-image-16499 size-full\" src=\"https:\/\/www.aircompressormpc.com\/wp-content\/uploads\/2015\/09\/1.101.210.jpg\" alt=\"\" width=\"740\" height=\"300\" srcset=\"https:\/\/www.aircompressormpc.com\/wp-content\/uploads\/2015\/09\/1.101.210.jpg 740w, https:\/\/www.aircompressormpc.com\/wp-content\/uploads\/2015\/09\/1.101.210-300x122.jpg 300w, https:\/\/www.aircompressormpc.com\/wp-content\/uploads\/2015\/09\/1.101.210-600x243.jpg 600w, https:\/\/www.aircompressormpc.com\/wp-content\/uploads\/2015\/09\/1.101.210-64x26.jpg 64w\" sizes=\"auto, (max-width: 740px) 100vw, 740px\" \/><img loading=\"lazy\" decoding=\"async\" class=\"size-full wp-image-1537 alignleft\" src=\"https:\/\/www.aircompressormpc.com\/wp-content\/uploads\/2017\/02\/EASY_START.png\" alt=\"\" width=\"120\" height=\"85\" srcset=\"https:\/\/www.aircompressormpc.com\/wp-content\/uploads\/2017\/02\/EASY_START.png 318w, https:\/\/www.aircompressormpc.com\/wp-content\/uploads\/2017\/02\/EASY_START-300x214.png 300w\" sizes=\"auto, (max-width: 120px) 100vw, 120px\" \/><img loading=\"lazy\" decoding=\"async\" class=\"size-full wp-image-1588 alignleft\" src=\"https:\/\/www.aircompressormpc.com\/wp-content\/uploads\/2017\/02\/VNG.png\" alt=\"\" width=\"120\" height=\"55\" srcset=\"https:\/\/www.aircompressormpc.com\/wp-content\/uploads\/2017\/02\/VNG.png 369w, https:\/\/www.aircompressormpc.com\/wp-content\/uploads\/2017\/02\/VNG-300x139.png 300w\" sizes=\"auto, (max-width: 120px) 100vw, 120px\" \/><img loading=\"lazy\" decoding=\"async\" class=\"size-full wp-image-1621 alignleft\" src=\"https:\/\/www.aircompressormpc.com\/wp-content\/uploads\/2017\/02\/TCS.png\" alt=\"\" width=\"120\" height=\"49\" srcset=\"https:\/\/www.aircompressormpc.com\/wp-content\/uploads\/2017\/02\/TCS.png 308w, https:\/\/www.aircompressormpc.com\/wp-content\/uploads\/2017\/02\/TCS-300x125.png 300w\" sizes=\"auto, (max-width: 120px) 100vw, 120px\" \/><img loading=\"lazy\" decoding=\"async\" class=\"size-full wp-image-1585 alignleft\" src=\"https:\/\/www.aircompressormpc.com\/wp-content\/uploads\/2017\/02\/AVR2.png\" alt=\"\" width=\"120\" height=\"58\" srcset=\"https:\/\/www.aircompressormpc.com\/wp-content\/uploads\/2017\/02\/AVR2.png 1706w, https:\/\/www.aircompressormpc.com\/wp-content\/uploads\/2017\/02\/AVR2-300x143.png 300w, https:\/\/www.aircompressormpc.com\/wp-content\/uploads\/2017\/02\/AVR2-1024x487.png 1024w, https:\/\/www.aircompressormpc.com\/wp-content\/uploads\/2017\/02\/AVR2-768x366.png 768w, https:\/\/www.aircompressormpc.com\/wp-content\/uploads\/2017\/02\/AVR2-1536x731.png 1536w, https:\/\/www.aircompressormpc.com\/wp-content\/uploads\/2017\/02\/AVR2-600x286.png 600w\" sizes=\"auto, (max-width: 120px) 100vw, 120px\" \/><\/p>\n","protected":false},"featured_media":4286,"template":"","meta":[],"product_brand":[],"product_cat":[679,681,1241,680],"product_tag":[685,692,690,683,688,682,687,686,689,684,691],"class_list":{"0":"post-6230","1":"product","2":"type-product","3":"status-publish","4":"has-post-thumbnail","6":"product_cat-motocompresseurs","7":"product_cat-serie-thunder","8":"product_cat-serie-thunder-gasolina-fr","9":"product_cat-unites-mobiles","10":"product_tag-14-bar-fr","11":"product_tag-200a-fr","12":"product_tag-5-kva-fr","13":"product_tag-50-litres-fr","14":"product_tag-900-l-min-fr","15":"product_tag-compresseur-fr","16":"product_tag-equipement-des-vehicules-fr","17":"product_tag-essence-fr","18":"product_tag-generateur-fr","19":"product_tag-honda-fr","20":"product_tag-soudage","22":"first","23":"instock","24":"shipping-taxable","25":"purchasable","26":"product-type-simple"},"aioseo_notices":[],"_links":{"self":[{"href":"https:\/\/www.aircompressormpc.com\/fr\/wp-json\/wp\/v2\/product\/6230","targetHints":{"allow":["GET"]}}],"collection":[{"href":"https:\/\/www.aircompressormpc.com\/fr\/wp-json\/wp\/v2\/product"}],"about":[{"href":"https:\/\/www.aircompressormpc.com\/fr\/wp-json\/wp\/v2\/types\/product"}],"wp:featuredmedia":[{"embeddable":true,"href":"https:\/\/www.aircompressormpc.com\/fr\/wp-json\/wp\/v2\/media\/4286"}],"wp:attachment":[{"href":"https:\/\/www.aircompressormpc.com\/fr\/wp-json\/wp\/v2\/media?parent=6230"}],"wp:term":[{"taxonomy":"product_brand","embeddable":true,"href":"https:\/\/www.aircompressormpc.com\/fr\/wp-json\/wp\/v2\/product_brand?post=6230"},{"taxonomy":"product_cat","embeddable":true,"href":"https:\/\/www.aircompressormpc.com\/fr\/wp-json\/wp\/v2\/product_cat?post=6230"},{"taxonomy":"product_tag","embeddable":true,"href":"https:\/\/www.aircompressormpc.com\/fr\/wp-json\/wp\/v2\/product_tag?post=6230"}],"curies":[{"name":"wp","href":"https:\/\/api.w.org\/{rel}","templated":true}]}}