{"id":6229,"date":"2015-09-15T11:16:35","date_gmt":"2015-09-15T11:16:35","guid":{"rendered":"https:\/\/www.aircompressormpc.com\/producto\/moteur-compresseur-thunder-130-monophase\/"},"modified":"2025-03-10T13:21:35","modified_gmt":"2025-03-10T13:21:35","slug":"moteur-compresseur-avec-generateur-sous-1305em","status":"publish","type":"product","link":"https:\/\/www.aircompressormpc.com\/fr\/producto\/moteur-compresseur-avec-generateur-sous-1305em\/","title":{"rendered":"MOTEUR COMPRESSEUR THUNDER 130 II (50L)"},"content":{"rendered":"<h1><span style=\"color: #ff0000;\"><strong>La s\u00e9rie THUNDER. Motocompresseur avec g\u00e9n\u00e9rateur.<\/strong><\/span><\/h1>\n<h3>Motocompresseur de 50 litres pour v\u00e9hicule d&rsquo;assistance avec aspiration de 900 litres\/min. et pression maximale de 15 bars int\u00e9grant un g\u00e9n\u00e9rateur de 5 Kva\/II avec AVR. <\/h3>\n<p>Moteur GX390 + M600<\/p>\n<p><span style=\"color: #000000;\"><strong>Nos compresseurs de la s\u00e9rie THUNDER sont le compl\u00e9ment parfait de l&rsquo;\u00e9quipement des v\u00e9hicules industriels ou commerciaux qui ont besoin d&rsquo;une autonomie en mati\u00e8re d&rsquo;alimentation en \u00e9lectricit\u00e9 et en eau, mais qui ont des limites d&rsquo;espace et de poids.<\/strong><\/span><\/p>\n<p><span style=\"color: #4a4a4a;\">Son moteur <strong>Honda GX390 refroidi par air avec d\u00e9marrage \u00e9lectrique\/manuel <\/strong>garantit une <strong>faible consommation d&rsquo;huile et de carburant<\/strong>, tout en offrant des <strong>niveaux de bruit et de vibration limit\u00e9s<\/strong>. Il est \u00e9galement \u00e9quip\u00e9 d&rsquo;un <strong>d\u00e9marreur \u00e9lectrique<\/strong> pour un d\u00e9marrage facile.<\/span><\/p>\n<table border=\"0\" frame=\"VOID\" rules=\"NONE\" cellspacing=\"0\">\n<colgroup>\n<col width=\"86\">\n<col width=\"86\">\n<col width=\"86\">\n<col width=\"86\">\n<col width=\"86\">\n<col width=\"86\">\n<col width=\"86\">\n<col width=\"86\">\n<col width=\"86\">\n<col width=\"86\"><\/colgroup>\n<tbody>\n<tr>\n<td align=\"CENTER\" bgcolor=\"#CA1E16\" height=\"32\"><span style=\"color: #ffffff; font-family: Futura Std Condensed;\">Code<\/span><\/td>\n<td align=\"CENTER\" bgcolor=\"#CA1E16\"><span style=\"color: #ffffff; font-family: Futura Std Condensed;\">Mod\u00e8le<br \/>\n<\/span><\/td>\n<td align=\"CENTER\" bgcolor=\"#CA1E16\"><span style=\"color: #ffffff; font-family: Futura Std Condensed;\">Litres<\/span><\/td>\n<td align=\"CENTER\" bgcolor=\"#CA1E16\"><span style=\"color: #ffffff; font-family: Futura Std Condensed;\">G\u00e9n\u00e9rateur<\/span><\/td>\n<td align=\"CENTER\" bgcolor=\"#CA1E16\"><span style=\"color: #ffffff; font-family: Futura Std Condensed;\">Air aspir\u00e9<\/span><\/td>\n<td align=\"CENTER\" bgcolor=\"#CA1E16\"><span style=\"color: #ffffff; font-family: Futura Std Condensed;\">Tension de sortie<br \/>\n<\/span><\/td>\n<td align=\"CENTER\" bgcolor=\"#CA1E16\"><span style=\"color: #ffffff; font-family: Futura Std Condensed;\">Puissance (HP)<\/span><\/td>\n<td align=\"CENTER\" bgcolor=\"#CA1E16\"><span style=\"color: #ffffff; font-family: Futura Std Condensed;\">P.max.<br \/>\n(Bar)<\/span><\/td>\n<td align=\"CENTER\" bgcolor=\"#CA1E16\"><span style=\"color: #ffffff; font-family: Futura Std Condensed;\">Longueur\/largeur\/hauteur (cm)<\/span><\/td>\n<td align=\"CENTER\" bgcolor=\"#CA1E16\"><span style=\"color: #ffffff; font-family: Futura Std Condensed;\">D\u00e9but<\/span><\/td>\n<\/tr>\n<tr>\n<td align=\"CENTER\" bgcolor=\"#DCE2EB\" height=\"17\"><b><span style=\"color: #ca1e16; font-family: Futura Std Condensed;\">1.101.219<\/span><\/b><\/td>\n<td align=\"CENTER\"><b><span style=\"color: #ca1e16; font-family: Futura Std Condensed;\">THUNDER130 <\/span><\/b><b><span style=\"color: #ca1e16; font-family: Futura Std Condensed;\">HONDA II<\/span><\/b><\/td>\n<td align=\"CENTER\"><span style=\"color: #000000; font-family: Futura Std Condensed;\">50<\/span><\/td>\n<td align=\"CENTER\"><span style=\"color: #000000; font-family: Futura Std Condensed;\">5 Kva II<\/span><\/td>\n<td align=\"CENTER\"><span style=\"color: #000000; font-family: Futura Std Condensed;\">900<\/span><\/td>\n<td align=\"CENTER\"><span style=\"color: #000000; font-family: Futura Std Condensed;\">230V-50Hz(II)<\/span><\/td>\n<td align=\"CENTER\"><span style=\"color: #000000; font-family: Futura Std Condensed;\">13<\/span><\/td>\n<td align=\"CENTER\"><span style=\"color: #000000; font-family: Futura Std Condensed;\">14<\/span><\/td>\n<td align=\"CENTER\"><span style=\"color: #000000; font-family: Futura Std Condensed;\">120 x 50 x 95<\/span><\/td>\n<td align=\"CENTER\"><span style=\"color: #ca1e16; font-family: Futura Std Condensed;\">\u00c9lectrique\/Manuel<\/span><\/td>\n<\/tr>\n<\/tbody>\n<\/table>\n<p>&nbsp;<\/p>\n","protected":false},"excerpt":{"rendered":"<p><img loading=\"lazy\" decoding=\"async\" class=\"alignleft wp-image-15994 size-full\" src=\"https:\/\/www.aircompressormpc.com\/wp-content\/uploads\/2015\/09\/1.101.219-5.jpg\" alt=\"\" width=\"715\" height=\"285\" srcset=\"https:\/\/www.aircompressormpc.com\/wp-content\/uploads\/2015\/09\/1.101.219-5.jpg 715w, https:\/\/www.aircompressormpc.com\/wp-content\/uploads\/2015\/09\/1.101.219-5-300x120.jpg 300w, https:\/\/www.aircompressormpc.com\/wp-content\/uploads\/2015\/09\/1.101.219-5-600x239.jpg 600w, https:\/\/www.aircompressormpc.com\/wp-content\/uploads\/2015\/09\/1.101.219-5-64x26.jpg 64w\" sizes=\"auto, (max-width: 715px) 100vw, 715px\" \/><img loading=\"lazy\" decoding=\"async\" class=\"size-full wp-image-823 alignleft\" src=\"https:\/\/www.aircompressormpc.com\/wp-content\/uploads\/2015\/09\/TCS.png\" alt=\"\" width=\"120\" height=\"49\" srcset=\"https:\/\/www.aircompressormpc.com\/wp-content\/uploads\/2015\/09\/TCS.png 308w, https:\/\/www.aircompressormpc.com\/wp-content\/uploads\/2015\/09\/TCS-300x125.png 300w\" sizes=\"auto, (max-width: 120px) 100vw, 120px\" \/><img loading=\"lazy\" decoding=\"async\" class=\"size-full wp-image-793 alignleft\" src=\"https:\/\/www.aircompressormpc.com\/wp-content\/uploads\/2015\/09\/EASY_START.png\" alt=\"\" width=\"120\" height=\"85\" srcset=\"https:\/\/www.aircompressormpc.com\/wp-content\/uploads\/2015\/09\/EASY_START.png 318w, https:\/\/www.aircompressormpc.com\/wp-content\/uploads\/2015\/09\/EASY_START-300x214.png 300w\" sizes=\"auto, (max-width: 120px) 100vw, 120px\" \/><img loading=\"lazy\" decoding=\"async\" class=\"size-full wp-image-826 alignleft\" src=\"https:\/\/www.aircompressormpc.com\/wp-content\/uploads\/2015\/09\/VNG.png\" alt=\"\" width=\"120\" height=\"55\" srcset=\"https:\/\/www.aircompressormpc.com\/wp-content\/uploads\/2015\/09\/VNG.png 369w, https:\/\/www.aircompressormpc.com\/wp-content\/uploads\/2015\/09\/VNG-300x139.png 300w\" sizes=\"auto, (max-width: 120px) 100vw, 120px\" \/><img loading=\"lazy\" decoding=\"async\" class=\"size-full wp-image-820 alignleft\" src=\"https:\/\/www.aircompressormpc.com\/wp-content\/uploads\/2015\/09\/AVR2.png\" alt=\"\" width=\"120\" height=\"58\" srcset=\"https:\/\/www.aircompressormpc.com\/wp-content\/uploads\/2015\/09\/AVR2.png 1706w, https:\/\/www.aircompressormpc.com\/wp-content\/uploads\/2015\/09\/AVR2-300x143.png 300w, https:\/\/www.aircompressormpc.com\/wp-content\/uploads\/2015\/09\/AVR2-1024x487.png 1024w, https:\/\/www.aircompressormpc.com\/wp-content\/uploads\/2015\/09\/AVR2-768x366.png 768w, https:\/\/www.aircompressormpc.com\/wp-content\/uploads\/2015\/09\/AVR2-1536x731.png 1536w, https:\/\/www.aircompressormpc.com\/wp-content\/uploads\/2015\/09\/AVR2-600x286.png 600w\" sizes=\"auto, (max-width: 120px) 100vw, 120px\" \/><\/p>\n<p>&nbsp;<\/p>\n","protected":false},"featured_media":10046,"template":"","meta":[],"product_brand":[],"product_cat":[679,681,1241,680],"product_tag":[685,690,683,688,682,687,686,689,684,693,694],"class_list":{"0":"post-6229","1":"product","2":"type-product","3":"status-publish","4":"has-post-thumbnail","6":"product_cat-motocompresseurs","7":"product_cat-serie-thunder","8":"product_cat-serie-thunder-gasolina-fr","9":"product_cat-unites-mobiles","10":"product_tag-14-bar-fr","11":"product_tag-5-kva-fr","12":"product_tag-50-litres-fr","13":"product_tag-900-l-min-fr","14":"product_tag-compresseur-fr","15":"product_tag-equipement-des-vehicules-fr","16":"product_tag-essence-fr","17":"product_tag-generateur-fr","18":"product_tag-honda-fr","19":"product_tag-monophase","20":"product_tag-tonnerre","22":"first","23":"instock","24":"shipping-taxable","25":"purchasable","26":"product-type-simple"},"aioseo_notices":[],"_links":{"self":[{"href":"https:\/\/www.aircompressormpc.com\/fr\/wp-json\/wp\/v2\/product\/6229","targetHints":{"allow":["GET"]}}],"collection":[{"href":"https:\/\/www.aircompressormpc.com\/fr\/wp-json\/wp\/v2\/product"}],"about":[{"href":"https:\/\/www.aircompressormpc.com\/fr\/wp-json\/wp\/v2\/types\/product"}],"wp:featuredmedia":[{"embeddable":true,"href":"https:\/\/www.aircompressormpc.com\/fr\/wp-json\/wp\/v2\/media\/10046"}],"wp:attachment":[{"href":"https:\/\/www.aircompressormpc.com\/fr\/wp-json\/wp\/v2\/media?parent=6229"}],"wp:term":[{"taxonomy":"product_brand","embeddable":true,"href":"https:\/\/www.aircompressormpc.com\/fr\/wp-json\/wp\/v2\/product_brand?post=6229"},{"taxonomy":"product_cat","embeddable":true,"href":"https:\/\/www.aircompressormpc.com\/fr\/wp-json\/wp\/v2\/product_cat?post=6229"},{"taxonomy":"product_tag","embeddable":true,"href":"https:\/\/www.aircompressormpc.com\/fr\/wp-json\/wp\/v2\/product_tag?post=6229"}],"curies":[{"name":"wp","href":"https:\/\/api.w.org\/{rel}","templated":true}]}}